{"id":131016,"date":"2024-12-18T10:39:06","date_gmt":"2024-12-18T10:39:06","guid":{"rendered":"https:\/\/moto-oprema.com\/Artikel\/alpinestars-mx-hlace-fluid-haul-zute-fluo-plave-25\/"},"modified":"2024-12-18T10:39:06","modified_gmt":"2024-12-18T10:39:06","slug":"alpinestars-mx-hlace-fluid-haul-zute-fluo-plave-25","status":"publish","type":"product","link":"https:\/\/moto-oprema.com\/hr\/Artikel\/alpinestars-mx-hlace-fluid-haul-zute-fluo-plave-25\/","title":{"rendered":"ALPINESTARS MX HLA\u010cE FLUID HAUL \u017dUTE FLUO PLAVE 25"},"content":{"rendered":"<p>Alpinestars Fluid Haul hla\u010de sportskog su kroja koji pru\u017ea optimiziranu razinu performansi, udobnosti i slobode kretanja u polo\u017eaju za vo\u017enju, zahvaljuju\u0107i laganom poli-tkaninskom materijalu, rastezljivim man\u017eetama i prethodno zakrivljenom dizajnu nogavica. Ergonomski kroj i 3D uzorak pru\u017eaju vrhunsku udobnost i mobilnost voza\u010da. <\/p>\n<p>Sportske hla\u010de Fluid Haul nude optimiziranu razinu performansi, udobnosti i slobode kretanja u polo\u017eaju za vo\u017enju, zahvaljuju\u0107i laganoj \u0161asiji od polivlakne tkanine, rastezljivim kordiranim panelima i prethodno zakrivljenom dizajnu nogavica. Ergonomski kroj i 3D uzorak za vrhunsku udobnost i mobilnost voza\u010da.<\/p>\n<p>Sportski krojene Fluid Haul hla\u010de nude optimalnu razinu performansi, udobnosti i slobode kretanja u voza\u010dkom polo\u017eaju, zahvaljuju\u0107i laganoj polifabri\u010dnoj \u0161asiji, umetcima od rastezljivog u\u017eeta i prethodno oblikovanim nogavicama.<\/p>\n","protected":false},"excerpt":{"rendered":"<p>Alpinestars Fluid Haul MX hla\u010de<\/p>\n","protected":false},"featured_media":33145,"comment_status":"open","ping_status":"open","template":"","meta":{"_acf_changed":false},"brand":[2748],"gender":[],"product_brand":[],"product_cat":[2737,2733],"product_tag":[],"class_list":{"0":"post-131016","1":"product","2":"type-product","3":"status-publish","4":"has-post-thumbnail","6":"brand-alpinestars-hr","7":"product_cat-mx-hlace-hr","8":"product_cat-oprema-za-motokros","9":"pa_size-28-hr","10":"pa_size-30-hr","11":"pa_size-32-hr","12":"pa_size-34-hr","13":"pa_size-36-hr","14":"pa_size-38-hr","15":"pa_size-40-hr","17":"first","18":"instock","19":"sale","20":"taxable","21":"shipping-taxable","22":"purchasable","23":"product-type-variable"},"acf":[],"_links":{"self":[{"href":"https:\/\/moto-oprema.com\/hr\/wp-json\/wp\/v2\/product\/131016","targetHints":{"allow":["GET"]}}],"collection":[{"href":"https:\/\/moto-oprema.com\/hr\/wp-json\/wp\/v2\/product"}],"about":[{"href":"https:\/\/moto-oprema.com\/hr\/wp-json\/wp\/v2\/types\/product"}],"replies":[{"embeddable":true,"href":"https:\/\/moto-oprema.com\/hr\/wp-json\/wp\/v2\/comments?post=131016"}],"wp:featuredmedia":[{"embeddable":true,"href":"https:\/\/moto-oprema.com\/hr\/wp-json\/wp\/v2\/media\/33145"}],"wp:attachment":[{"href":"https:\/\/moto-oprema.com\/hr\/wp-json\/wp\/v2\/media?parent=131016"}],"wp:term":[{"taxonomy":"brand","embeddable":true,"href":"https:\/\/moto-oprema.com\/hr\/wp-json\/wp\/v2\/brand?post=131016"},{"taxonomy":"gender","embeddable":true,"href":"https:\/\/moto-oprema.com\/hr\/wp-json\/wp\/v2\/gender?post=131016"},{"taxonomy":"product_brand","embeddable":true,"href":"https:\/\/moto-oprema.com\/hr\/wp-json\/wp\/v2\/product_brand?post=131016"},{"taxonomy":"product_cat","embeddable":true,"href":"https:\/\/moto-oprema.com\/hr\/wp-json\/wp\/v2\/product_cat?post=131016"},{"taxonomy":"product_tag","embeddable":true,"href":"https:\/\/moto-oprema.com\/hr\/wp-json\/wp\/v2\/product_tag?post=131016"}],"curies":[{"name":"wp","href":"https:\/\/api.w.org\/{rel}","templated":true}]}}