{"id":130940,"date":"2024-12-18T09:57:03","date_gmt":"2024-12-18T09:57:03","guid":{"rendered":"https:\/\/moto-oprema.com\/Artikel\/alpinestars-mx-hlace-techstar-dreem-sive-tamno-sive-25\/"},"modified":"2024-12-18T09:57:03","modified_gmt":"2024-12-18T09:57:03","slug":"alpinestars-mx-hlace-techstar-dreem-sive-tamno-sive-25","status":"publish","type":"product","link":"https:\/\/moto-oprema.com\/hr\/Artikel\/alpinestars-mx-hlace-techstar-dreem-sive-tamno-sive-25\/","title":{"rendered":"ALPINESTARS MX HLA\u010cE TECHSTAR DREEM SIVE TAMNO SIVE 25"},"content":{"rendered":"<p>Alpinestars Techstar Melt hla\u010de imaju novu oja\u010danu konstrukciju materijala koja uklju\u010duje vi\u0161e rastezljivih ripstop materijala, a\u017eurirani ergonomski dizajniran kroj i optimizirani natjecateljski vi\u0161epanelni uzorak koji se osje\u0107a kao druga ko\u017ea, pru\u017eaju\u0107i vrhunsku slobodu kretanja i izvrsnu mobilnost.<\/p>\n<p>Alpinestrove Techstar Melt hla\u010de imaju novu konstrukciju od oja\u010danih materijala koja uklju\u010duje vi\u0161e rastezljivih ripstop materijala, te a\u017eurirani ergonomski dizajniran kroj i optimizirani vi\u0161epanelni uzorak za utrke koji pru\u017ea osje\u0107aj druge ko\u017ee i pru\u017ea vrhunsku slobodu kretanja i vrhunsku mobilnost.<\/p>\n<p>Techstar Melt hla\u010de od Alpinestrsa imaju novu, oja\u010danu materijalnu konstrukciju koja sadr\u017ei vi\u0161e rastezljivih ripstop materijala, kao i a\u017eurirani, ergonomski kroj i optimizirani vi\u0161epanelni uzorak za utrke, koji daje osje\u0107aj druge ko\u017ee i nudi prvoklasnu slobodu kretanja i vrhunsku mobilnost.<\/p>\n<p>&nbsp;<\/p>\n","protected":false},"excerpt":{"rendered":"<p>Alpinestars Techstar Dreem MX hla\u010de<\/p>\n","protected":false},"featured_media":33050,"comment_status":"open","ping_status":"open","template":"","meta":{"_acf_changed":false},"brand":[2748],"gender":[],"product_brand":[],"product_cat":[2737,2733],"product_tag":[],"class_list":{"0":"post-130940","1":"product","2":"type-product","3":"status-publish","4":"has-post-thumbnail","6":"brand-alpinestars-hr","7":"product_cat-mx-hlace-hr","8":"product_cat-oprema-za-motokros","9":"pa_size-28-hr","10":"pa_size-30-hr","11":"pa_size-32-hr","12":"pa_size-34-hr","13":"pa_size-36-hr","14":"pa_size-38-hr","15":"pa_size-40-hr","17":"first","18":"instock","19":"sale","20":"taxable","21":"shipping-taxable","22":"purchasable","23":"product-type-variable"},"acf":[],"_links":{"self":[{"href":"https:\/\/moto-oprema.com\/hr\/wp-json\/wp\/v2\/product\/130940","targetHints":{"allow":["GET"]}}],"collection":[{"href":"https:\/\/moto-oprema.com\/hr\/wp-json\/wp\/v2\/product"}],"about":[{"href":"https:\/\/moto-oprema.com\/hr\/wp-json\/wp\/v2\/types\/product"}],"replies":[{"embeddable":true,"href":"https:\/\/moto-oprema.com\/hr\/wp-json\/wp\/v2\/comments?post=130940"}],"wp:featuredmedia":[{"embeddable":true,"href":"https:\/\/moto-oprema.com\/hr\/wp-json\/wp\/v2\/media\/33050"}],"wp:attachment":[{"href":"https:\/\/moto-oprema.com\/hr\/wp-json\/wp\/v2\/media?parent=130940"}],"wp:term":[{"taxonomy":"brand","embeddable":true,"href":"https:\/\/moto-oprema.com\/hr\/wp-json\/wp\/v2\/brand?post=130940"},{"taxonomy":"gender","embeddable":true,"href":"https:\/\/moto-oprema.com\/hr\/wp-json\/wp\/v2\/gender?post=130940"},{"taxonomy":"product_brand","embeddable":true,"href":"https:\/\/moto-oprema.com\/hr\/wp-json\/wp\/v2\/product_brand?post=130940"},{"taxonomy":"product_cat","embeddable":true,"href":"https:\/\/moto-oprema.com\/hr\/wp-json\/wp\/v2\/product_cat?post=130940"},{"taxonomy":"product_tag","embeddable":true,"href":"https:\/\/moto-oprema.com\/hr\/wp-json\/wp\/v2\/product_tag?post=130940"}],"curies":[{"name":"wp","href":"https:\/\/api.w.org\/{rel}","templated":true}]}}