{"id":130751,"date":"2025-04-18T08:16:05","date_gmt":"2025-04-18T08:16:05","guid":{"rendered":"https:\/\/moto-oprema.com\/Artikel\/leatt-reaflex-stitnik-za-koljena\/"},"modified":"2025-04-18T08:16:05","modified_gmt":"2025-04-18T08:16:05","slug":"leatt-reaflex-stitnik-za-koljena","status":"publish","type":"product","link":"https:\/\/moto-oprema.com\/hr\/Artikel\/leatt-reaflex-stitnik-za-koljena\/","title":{"rendered":"LEATT ReaFLEX \u0160TITNIK ZA KOLJENA"},"content":{"rendered":"<p>Lagana konstrukcija i silikonske plo\u010de za prianjanje osiguravaju neklizaju\u0107e prianjanje Leatt \u0161titnika za koljena. Zahvaljuju\u0107i MoistureCollu i AirMeshu, ReaFlex \u0161titnik pru\u017ea prvoklasnu udobnost. Testirano prema EN1621-1.<\/p>\n","protected":false},"excerpt":{"rendered":"<p>Lagana konstrukcija i silikonske plo\u010de za prianjanje osiguravaju neklizaju\u0107e prianjanje Leatt \u0161titnika za koljena. Zahvaljuju\u0107i MoistureCollu&#8230;<\/p>\n","protected":false},"featured_media":82501,"comment_status":"open","ping_status":"closed","template":"","meta":{"_acf_changed":false},"brand":[2744],"gender":[2172],"product_brand":[],"product_cat":[2740,2741,2891],"product_tag":[],"class_list":{"0":"post-130751","1":"product","2":"type-product","3":"status-publish","4":"has-post-thumbnail","6":"brand-leatt-hr","7":"gender-unisex-hr","8":"product_cat-mtb-biciklisticka-oprema","9":"product_cat-mtb-stitnici","10":"product_cat-stitnici-za-koljena-za-mtb","11":"pa_size-l-hr","12":"pa_size-m-hr","13":"pa_size-s-hr","14":"pa_size-xl-hr","16":"first","17":"instock","18":"sale","19":"taxable","20":"shipping-taxable","21":"purchasable","22":"product-type-variable"},"acf":[],"_links":{"self":[{"href":"https:\/\/moto-oprema.com\/hr\/wp-json\/wp\/v2\/product\/130751","targetHints":{"allow":["GET"]}}],"collection":[{"href":"https:\/\/moto-oprema.com\/hr\/wp-json\/wp\/v2\/product"}],"about":[{"href":"https:\/\/moto-oprema.com\/hr\/wp-json\/wp\/v2\/types\/product"}],"replies":[{"embeddable":true,"href":"https:\/\/moto-oprema.com\/hr\/wp-json\/wp\/v2\/comments?post=130751"}],"wp:featuredmedia":[{"embeddable":true,"href":"https:\/\/moto-oprema.com\/hr\/wp-json\/wp\/v2\/media\/82501"}],"wp:attachment":[{"href":"https:\/\/moto-oprema.com\/hr\/wp-json\/wp\/v2\/media?parent=130751"}],"wp:term":[{"taxonomy":"brand","embeddable":true,"href":"https:\/\/moto-oprema.com\/hr\/wp-json\/wp\/v2\/brand?post=130751"},{"taxonomy":"gender","embeddable":true,"href":"https:\/\/moto-oprema.com\/hr\/wp-json\/wp\/v2\/gender?post=130751"},{"taxonomy":"product_brand","embeddable":true,"href":"https:\/\/moto-oprema.com\/hr\/wp-json\/wp\/v2\/product_brand?post=130751"},{"taxonomy":"product_cat","embeddable":true,"href":"https:\/\/moto-oprema.com\/hr\/wp-json\/wp\/v2\/product_cat?post=130751"},{"taxonomy":"product_tag","embeddable":true,"href":"https:\/\/moto-oprema.com\/hr\/wp-json\/wp\/v2\/product_tag?post=130751"}],"curies":[{"name":"wp","href":"https:\/\/api.w.org\/{rel}","templated":true}]}}