{"id":130731,"date":"2025-04-18T08:03:43","date_gmt":"2025-04-18T08:03:43","guid":{"rendered":"https:\/\/moto-oprema.com\/Artikel\/leatt-reaflex-zastitna-majica\/"},"modified":"2025-04-18T08:03:43","modified_gmt":"2025-04-18T08:03:43","slug":"leatt-reaflex-zastitna-majica","status":"publish","type":"product","link":"https:\/\/moto-oprema.com\/hr\/Artikel\/leatt-reaflex-zastitna-majica\/","title":{"rendered":"LEATT ReaFLEX ZA\u0160TITNA MAJICA"},"content":{"rendered":"<div id=\"tw-target-text-container\" class=\"tw-ta-container tw-nfl\">\n<p>Za\u0161titna majica Leatt ReaFlex sastoji se od dva dijela. Kompresijska majica s dugim rukavima, patentnim zatvara\u010dem i mekim \u0161titnicima za ramena i laktove. Preko nje se nose \u0161titnici za prsa i le\u0111a. Materijali MoistureCool i AirMesh odr\u017eavaju tijelo suhim i odvode znoj. Uz BraceOn sustav mo\u017ee se uklju\u010diti i steznik za vrat. Za\u0161tita za prsa EN1621-3 Razina 1, za\u0161tita za le\u0111a EN1621-2 Razina 1, za\u0161tita za ramena i laktove EN1621-1 Razina 1, podstavljeni bokovi. Certificirano FFM-om      <\/p>\n<\/div>\n","protected":false},"excerpt":{"rendered":"<p>Za\u0161titna majica Leatt ReaFlex sastoji se od dva dijela. Kompresijska majica s dugim rukavima, patentnim zatvara\u010dem&#8230;<\/p>\n","protected":false},"featured_media":82391,"comment_status":"open","ping_status":"closed","template":"","meta":{"_acf_changed":false},"brand":[2744],"gender":[1313],"product_brand":[],"product_cat":[2740,2741,2747,2890,2739,2733],"product_tag":[],"class_list":{"0":"post-130731","1":"product","2":"type-product","3":"status-publish","4":"has-post-thumbnail","6":"brand-leatt-hr","7":"gender-moski","8":"product_cat-mtb-biciklisticka-oprema","9":"product_cat-mtb-stitnici","10":"product_cat-mtb-stitnici-za-tijelo","11":"product_cat-mx-stitnici-za-tijelo","12":"product_cat-mx-stitovi","13":"product_cat-oprema-za-motokros","14":"pa_size-l-hr","15":"pa_size-m-hr","16":"pa_size-s-hr","17":"pa_size-xl-hr","18":"pa_size-xxl-hr","20":"first","21":"instock","22":"sale","23":"taxable","24":"shipping-taxable","25":"purchasable","26":"product-type-variable"},"acf":[],"_links":{"self":[{"href":"https:\/\/moto-oprema.com\/hr\/wp-json\/wp\/v2\/product\/130731","targetHints":{"allow":["GET"]}}],"collection":[{"href":"https:\/\/moto-oprema.com\/hr\/wp-json\/wp\/v2\/product"}],"about":[{"href":"https:\/\/moto-oprema.com\/hr\/wp-json\/wp\/v2\/types\/product"}],"replies":[{"embeddable":true,"href":"https:\/\/moto-oprema.com\/hr\/wp-json\/wp\/v2\/comments?post=130731"}],"wp:featuredmedia":[{"embeddable":true,"href":"https:\/\/moto-oprema.com\/hr\/wp-json\/wp\/v2\/media\/82391"}],"wp:attachment":[{"href":"https:\/\/moto-oprema.com\/hr\/wp-json\/wp\/v2\/media?parent=130731"}],"wp:term":[{"taxonomy":"brand","embeddable":true,"href":"https:\/\/moto-oprema.com\/hr\/wp-json\/wp\/v2\/brand?post=130731"},{"taxonomy":"gender","embeddable":true,"href":"https:\/\/moto-oprema.com\/hr\/wp-json\/wp\/v2\/gender?post=130731"},{"taxonomy":"product_brand","embeddable":true,"href":"https:\/\/moto-oprema.com\/hr\/wp-json\/wp\/v2\/product_brand?post=130731"},{"taxonomy":"product_cat","embeddable":true,"href":"https:\/\/moto-oprema.com\/hr\/wp-json\/wp\/v2\/product_cat?post=130731"},{"taxonomy":"product_tag","embeddable":true,"href":"https:\/\/moto-oprema.com\/hr\/wp-json\/wp\/v2\/product_tag?post=130731"}],"curies":[{"name":"wp","href":"https:\/\/api.w.org\/{rel}","templated":true}]}}