{"id":130721,"date":"2025-04-18T07:52:20","date_gmt":"2025-04-18T07:52:20","guid":{"rendered":"https:\/\/moto-oprema.com\/Artikel\/leatt-reaflex-zenski-stitnik-za-prsa\/"},"modified":"2025-04-18T07:52:20","modified_gmt":"2025-04-18T07:52:20","slug":"leatt-reaflex-zenski-stitnik-za-prsa","status":"publish","type":"product","link":"https:\/\/moto-oprema.com\/hr\/Artikel\/leatt-reaflex-zenski-stitnik-za-prsa\/","title":{"rendered":"LEATT ReaFLEX \u017dENSKI \u0160TITNIK ZA PRSA"},"content":{"rendered":"<div id=\"tw-target-text-container\" class=\"tw-ta-container tw-nfl\">\n<p>\u017denski \u0161titnik za prsa Leatt ReaFlex je CE certificirani \u0161titnik za udarce s podstavljenom za\u0161titom za bokove. Kombinacija mekog gela za udarce za \u0161titnik za le\u0111a i I-mre\u017ee u podru\u010dju prsa pru\u017ea izvrsnu za\u0161titu i udobnost. Budu\u0107i da je \u0161titnik za prsa tako\u0111er spreman za BraceOn, lako mo\u017eete pri\u010dvrstiti ortozu za vrat. FFM certificiran, EN1621-3 razina 1 \u0161titnik za prsa, EN1621-2 razina 1 \u0161titnik za le\u0111a, podstavljeni bokovi.   <\/p>\n<\/div>\n","protected":false},"excerpt":{"rendered":"","protected":false},"featured_media":82355,"comment_status":"open","ping_status":"closed","template":"","meta":{"_acf_changed":false},"brand":[2744],"gender":[1314],"product_brand":[],"product_cat":[2740,2741,2747],"product_tag":[],"class_list":{"0":"post-130721","1":"product","2":"type-product","3":"status-publish","4":"has-post-thumbnail","6":"brand-leatt-hr","7":"gender-zenska","8":"product_cat-mtb-biciklisticka-oprema","9":"product_cat-mtb-stitnici","10":"product_cat-mtb-stitnici-za-tijelo","11":"pa_size-2xl-hr","12":"pa_size-l-xl-hr","13":"pa_size-sm","15":"first","16":"instock","17":"sale","18":"taxable","19":"shipping-taxable","20":"purchasable","21":"product-type-variable"},"acf":[],"_links":{"self":[{"href":"https:\/\/moto-oprema.com\/hr\/wp-json\/wp\/v2\/product\/130721","targetHints":{"allow":["GET"]}}],"collection":[{"href":"https:\/\/moto-oprema.com\/hr\/wp-json\/wp\/v2\/product"}],"about":[{"href":"https:\/\/moto-oprema.com\/hr\/wp-json\/wp\/v2\/types\/product"}],"replies":[{"embeddable":true,"href":"https:\/\/moto-oprema.com\/hr\/wp-json\/wp\/v2\/comments?post=130721"}],"wp:featuredmedia":[{"embeddable":true,"href":"https:\/\/moto-oprema.com\/hr\/wp-json\/wp\/v2\/media\/82355"}],"wp:attachment":[{"href":"https:\/\/moto-oprema.com\/hr\/wp-json\/wp\/v2\/media?parent=130721"}],"wp:term":[{"taxonomy":"brand","embeddable":true,"href":"https:\/\/moto-oprema.com\/hr\/wp-json\/wp\/v2\/brand?post=130721"},{"taxonomy":"gender","embeddable":true,"href":"https:\/\/moto-oprema.com\/hr\/wp-json\/wp\/v2\/gender?post=130721"},{"taxonomy":"product_brand","embeddable":true,"href":"https:\/\/moto-oprema.com\/hr\/wp-json\/wp\/v2\/product_brand?post=130721"},{"taxonomy":"product_cat","embeddable":true,"href":"https:\/\/moto-oprema.com\/hr\/wp-json\/wp\/v2\/product_cat?post=130721"},{"taxonomy":"product_tag","embeddable":true,"href":"https:\/\/moto-oprema.com\/hr\/wp-json\/wp\/v2\/product_tag?post=130721"}],"curies":[{"name":"wp","href":"https:\/\/api.w.org\/{rel}","templated":true}]}}