{"id":130705,"date":"2025-04-17T10:07:33","date_gmt":"2025-04-17T10:07:33","guid":{"rendered":"https:\/\/moto-oprema.com\/Artikel\/fox-mtb-launch-d3o-stitnik-za-lakte\/"},"modified":"2025-04-17T10:07:33","modified_gmt":"2025-04-17T10:07:33","slug":"fox-mtb-launch-d3o-stitnik-za-lakte","status":"publish","type":"product","link":"https:\/\/moto-oprema.com\/hr\/Artikel\/fox-mtb-launch-d3o-stitnik-za-lakte\/","title":{"rendered":"FOX MTB LAUNCH D3O \u0160TITNIK ZA LAKTE"},"content":{"rendered":"<p>Novi \u0161titnik za laktove FOX Launch D3O\u00ae pru\u017ea savr\u0161enu ravnote\u017eu izme\u0111u udobnosti i optimalne mobilnosti &#8211; bez obzira na to koji bicikl vozite.<\/p>\n<p> &#8211; Prednja plo\u010da otporna na habanje za pove\u0107anu izdr\u017eljivost<br \/>\n &#8211; Konstrukcija s kop\u010danjem na \u010di\u010dak dr\u017ei \u0161titnike na mjestu<br \/>\n &#8211; Iznimno \u0161iroka elasti\u010dna dr\u0161ka sa silikonskim printom za ve\u0107u udobnost i sigurnost<br \/>\n &#8211; Umetci od mre\u017easte tkanine za bolju cirkulaciju zraka<br \/>\n &#8211; Unaprijed oblikovano, ergonomsko prileganje<br \/>\n &#8211; Uklonjivi D3O\u00ae umetci<\/p>\n<p> Certificirano prema CE standardu EN1621-1, razina 1<\/p>\n<p> Napomena o veli\u010dini (mjereno na bicepsu, 8 cm iznad lakta):<\/p>\n<p> S=25,4 &#8211; 27,9 cm<br \/>\n M=27,9 &#8211; 30,5 cm<br \/>\n L=30,5 &#8211; 33 cm<\/p>\n","protected":false},"excerpt":{"rendered":"<p>Novi \u0161titnik za laktove FOX Launch D3O\u00ae pru\u017ea savr\u0161enu ravnote\u017eu izme\u0111u udobnosti i optimalne mobilnosti &#8211;&#8230;<\/p>\n","protected":false},"featured_media":82275,"comment_status":"open","ping_status":"closed","template":"","meta":{"_acf_changed":false},"brand":[2738],"gender":[2172],"product_brand":[],"product_cat":[2740,2741,2742],"product_tag":[],"class_list":{"0":"post-130705","1":"product","2":"type-product","3":"status-publish","4":"has-post-thumbnail","6":"brand-fox-hr","7":"gender-unisex-hr","8":"product_cat-mtb-biciklisticka-oprema","9":"product_cat-mtb-stitnici","10":"product_cat-stitnici-za-laktove-za-mtb","11":"pa_velikost-st-l-hr","12":"pa_velikost-st-m-hr","13":"pa_velikost-st-s-hr","14":"pa_velikost-st-xl-hr","16":"first","17":"instock","18":"sale","19":"taxable","20":"shipping-taxable","21":"purchasable","22":"product-type-variable"},"acf":[],"_links":{"self":[{"href":"https:\/\/moto-oprema.com\/hr\/wp-json\/wp\/v2\/product\/130705","targetHints":{"allow":["GET"]}}],"collection":[{"href":"https:\/\/moto-oprema.com\/hr\/wp-json\/wp\/v2\/product"}],"about":[{"href":"https:\/\/moto-oprema.com\/hr\/wp-json\/wp\/v2\/types\/product"}],"replies":[{"embeddable":true,"href":"https:\/\/moto-oprema.com\/hr\/wp-json\/wp\/v2\/comments?post=130705"}],"wp:featuredmedia":[{"embeddable":true,"href":"https:\/\/moto-oprema.com\/hr\/wp-json\/wp\/v2\/media\/82275"}],"wp:attachment":[{"href":"https:\/\/moto-oprema.com\/hr\/wp-json\/wp\/v2\/media?parent=130705"}],"wp:term":[{"taxonomy":"brand","embeddable":true,"href":"https:\/\/moto-oprema.com\/hr\/wp-json\/wp\/v2\/brand?post=130705"},{"taxonomy":"gender","embeddable":true,"href":"https:\/\/moto-oprema.com\/hr\/wp-json\/wp\/v2\/gender?post=130705"},{"taxonomy":"product_brand","embeddable":true,"href":"https:\/\/moto-oprema.com\/hr\/wp-json\/wp\/v2\/product_brand?post=130705"},{"taxonomy":"product_cat","embeddable":true,"href":"https:\/\/moto-oprema.com\/hr\/wp-json\/wp\/v2\/product_cat?post=130705"},{"taxonomy":"product_tag","embeddable":true,"href":"https:\/\/moto-oprema.com\/hr\/wp-json\/wp\/v2\/product_tag?post=130705"}],"curies":[{"name":"wp","href":"https:\/\/api.w.org\/{rel}","templated":true}]}}