{"id":130685,"date":"2025-04-17T09:34:06","date_gmt":"2025-04-17T09:34:06","guid":{"rendered":"https:\/\/moto-oprema.com\/Artikel\/lansiranje-fox-mtb-stitnika-za-koljena\/"},"modified":"2025-04-17T09:34:06","modified_gmt":"2025-04-17T09:34:06","slug":"lansiranje-fox-mtb-stitnika-za-koljena","status":"publish","type":"product","link":"https:\/\/moto-oprema.com\/hr\/Artikel\/lansiranje-fox-mtb-stitnika-za-koljena\/","title":{"rendered":"LANSIRANJE FOX MTB \u0160TITNIKA ZA KOLJENA"},"content":{"rendered":"<p>Sastav: 20% najlon, 40% SBR, 30% PU, 5% poliester, 5% elastan.<\/p>\n<p>CE certifikat prema EN1621-1 razini performansi 1. Klizni dizajn s podesivim remenom za pri\u010dvr\u0161\u0107ivanje.<\/p>\n","protected":false},"excerpt":{"rendered":"<p>Sastav: 20% najlon, 40% SBR, 30% PU, 5% poliester, 5% elastan. CE certifikat prema EN1621-1 razini&#8230;<\/p>\n","protected":false},"featured_media":82173,"comment_status":"open","ping_status":"closed","template":"","meta":{"_acf_changed":false},"brand":[2738],"gender":[2172],"product_brand":[],"product_cat":[2740,2741,2891],"product_tag":[],"class_list":{"0":"post-130685","1":"product","2":"type-product","3":"status-publish","4":"has-post-thumbnail","6":"brand-fox-hr","7":"gender-unisex-hr","8":"product_cat-mtb-biciklisticka-oprema","9":"product_cat-mtb-stitnici","10":"product_cat-stitnici-za-koljena-za-mtb","11":"pa_velikost-st-l-hr","12":"pa_velikost-st-m-hr","13":"pa_velikost-st-s-hr","14":"pa_velikost-st-xl-hr","16":"first","17":"instock","18":"sale","19":"taxable","20":"shipping-taxable","21":"purchasable","22":"product-type-variable"},"acf":[],"_links":{"self":[{"href":"https:\/\/moto-oprema.com\/hr\/wp-json\/wp\/v2\/product\/130685","targetHints":{"allow":["GET"]}}],"collection":[{"href":"https:\/\/moto-oprema.com\/hr\/wp-json\/wp\/v2\/product"}],"about":[{"href":"https:\/\/moto-oprema.com\/hr\/wp-json\/wp\/v2\/types\/product"}],"replies":[{"embeddable":true,"href":"https:\/\/moto-oprema.com\/hr\/wp-json\/wp\/v2\/comments?post=130685"}],"wp:featuredmedia":[{"embeddable":true,"href":"https:\/\/moto-oprema.com\/hr\/wp-json\/wp\/v2\/media\/82173"}],"wp:attachment":[{"href":"https:\/\/moto-oprema.com\/hr\/wp-json\/wp\/v2\/media?parent=130685"}],"wp:term":[{"taxonomy":"brand","embeddable":true,"href":"https:\/\/moto-oprema.com\/hr\/wp-json\/wp\/v2\/brand?post=130685"},{"taxonomy":"gender","embeddable":true,"href":"https:\/\/moto-oprema.com\/hr\/wp-json\/wp\/v2\/gender?post=130685"},{"taxonomy":"product_brand","embeddable":true,"href":"https:\/\/moto-oprema.com\/hr\/wp-json\/wp\/v2\/product_brand?post=130685"},{"taxonomy":"product_cat","embeddable":true,"href":"https:\/\/moto-oprema.com\/hr\/wp-json\/wp\/v2\/product_cat?post=130685"},{"taxonomy":"product_tag","embeddable":true,"href":"https:\/\/moto-oprema.com\/hr\/wp-json\/wp\/v2\/product_tag?post=130685"}],"curies":[{"name":"wp","href":"https:\/\/api.w.org\/{rel}","templated":true}]}}