{"id":130661,"date":"2025-04-17T08:57:13","date_gmt":"2025-04-17T08:57:13","guid":{"rendered":"https:\/\/moto-oprema.com\/Artikel\/oakley-drop-in-d3o-zastitna-majica-od-utaraca\/"},"modified":"2025-04-17T08:57:13","modified_gmt":"2025-04-17T08:57:13","slug":"oakley-drop-in-d3o-zastitna-majica-od-utaraca","status":"publish","type":"product","link":"https:\/\/moto-oprema.com\/hr\/Artikel\/oakley-drop-in-d3o-zastitna-majica-od-utaraca\/","title":{"rendered":"OAKLEY DROP IN D3O ZA\u0160TITNA MAJICA OD UTARACA"},"content":{"rendered":"<p>Potpuno nova za\u0161titna majica OAKLEY Drop In D3O Full Impact nudi pouzdanu za\u0161titu, savr\u0161eno pristajanje, maksimalnu slobodu kretanja i neusporedivu prozra\u010dnost.<\/p>\n<p>Niskoprofilni dizajn omogu\u0107uje no\u0161enje \u0161titnika ispod MTB dresa, dok rastezljiva mre\u017easta tkanina glavnog dijela koja odvodi vlagu odr\u017eava vas hladnima i suhima. Tjelesna toplina aktivira D3O\u00ae polimer i on se savr\u0161eno prilago\u0111ava, CE-certificirani D3O\u00ae ghost\u2122 \u0161titnici za prsa, le\u0111a i ramena su uklonjivi, a u podru\u010dju rebara nalazi se EVA podstava. Bo\u010dni patentni zatvara\u010d s lijeve strane olak\u0161ava stavljanje i skidanje.  <\/p>\n<p>Certificirano za prema\u0161ivanje zahtjeva performansi standarda EN 1621-1:2012 (razina 1) i UKCA.<\/p>\n","protected":false},"excerpt":{"rendered":"<p>Potpuno nova za\u0161titna majica OAKLEY Drop In D3O Full Impact nudi pouzdanu za\u0161titu, savr\u0161eno pristajanje, maksimalnu&#8230;<\/p>\n","protected":false},"featured_media":82052,"comment_status":"open","ping_status":"closed","template":"","meta":{"_acf_changed":false},"brand":[2860],"gender":[2172],"product_brand":[],"product_cat":[2740,2741,2747],"product_tag":[],"class_list":{"0":"post-130661","1":"product","2":"type-product","3":"status-publish","4":"has-post-thumbnail","6":"brand-oakley-hr","7":"gender-unisex-hr","8":"product_cat-mtb-biciklisticka-oprema","9":"product_cat-mtb-stitnici","10":"product_cat-mtb-stitnici-za-tijelo","11":"pa_size-l-hr","12":"pa_size-m-hr","13":"pa_size-s-hr","14":"pa_size-xl-hr","16":"first","17":"instock","18":"sale","19":"taxable","20":"shipping-taxable","21":"purchasable","22":"product-type-variable"},"acf":[],"_links":{"self":[{"href":"https:\/\/moto-oprema.com\/hr\/wp-json\/wp\/v2\/product\/130661","targetHints":{"allow":["GET"]}}],"collection":[{"href":"https:\/\/moto-oprema.com\/hr\/wp-json\/wp\/v2\/product"}],"about":[{"href":"https:\/\/moto-oprema.com\/hr\/wp-json\/wp\/v2\/types\/product"}],"replies":[{"embeddable":true,"href":"https:\/\/moto-oprema.com\/hr\/wp-json\/wp\/v2\/comments?post=130661"}],"wp:featuredmedia":[{"embeddable":true,"href":"https:\/\/moto-oprema.com\/hr\/wp-json\/wp\/v2\/media\/82052"}],"wp:attachment":[{"href":"https:\/\/moto-oprema.com\/hr\/wp-json\/wp\/v2\/media?parent=130661"}],"wp:term":[{"taxonomy":"brand","embeddable":true,"href":"https:\/\/moto-oprema.com\/hr\/wp-json\/wp\/v2\/brand?post=130661"},{"taxonomy":"gender","embeddable":true,"href":"https:\/\/moto-oprema.com\/hr\/wp-json\/wp\/v2\/gender?post=130661"},{"taxonomy":"product_brand","embeddable":true,"href":"https:\/\/moto-oprema.com\/hr\/wp-json\/wp\/v2\/product_brand?post=130661"},{"taxonomy":"product_cat","embeddable":true,"href":"https:\/\/moto-oprema.com\/hr\/wp-json\/wp\/v2\/product_cat?post=130661"},{"taxonomy":"product_tag","embeddable":true,"href":"https:\/\/moto-oprema.com\/hr\/wp-json\/wp\/v2\/product_tag?post=130661"}],"curies":[{"name":"wp","href":"https:\/\/api.w.org\/{rel}","templated":true}]}}