{"id":130615,"date":"2025-04-15T08:56:58","date_gmt":"2025-04-15T08:56:58","guid":{"rendered":"https:\/\/moto-oprema.com\/Artikel\/alpinestars-tech-air-3-v2-platni-zracni-jastuk-pijesak\/"},"modified":"2025-04-15T08:56:58","modified_gmt":"2025-04-15T08:56:58","slug":"alpinestars-tech-air-3-v2-platni-zracni-jastuk-pijesak","status":"publish","type":"product","link":"https:\/\/moto-oprema.com\/hr\/Artikel\/alpinestars-tech-air-3-v2-platni-zracni-jastuk-pijesak\/","title":{"rendered":"ALPINESTARS TECH AIR 3 V2 PLATNI ZRA\u010cNI JASTUK PIJESAK"},"content":{"rendered":"<p>Alpinestarsov Tech-Air\u00ae 3 sustav zra\u010dnih jastuka dizajniran je za no\u0161enje preko motociklisti\u010dke jakne, ali se mo\u017ee nositi i ispod jakne. Pru\u017ea u\u010dinkovitu i prakti\u010dnu za\u0161titu za voza\u010de V-twin motora, voza\u010de na turneji, gradske putnike i vikend ratnike koji \u017eele sigurnu vo\u017enju. Alpinestarsov algoritam za detekciju sudara razvijen je i usavr\u0161en s milijunima milja podataka o vo\u017enji i tisu\u0107ama sudara, \u0161to omogu\u0107uje sustavu da to\u010dno procijeni kada aktivirati zra\u010dni jastuk prije sudara ili druge opasne situacije. Kada Tech-Air\u00ae 3 sustav detektira po\u010detak sudara, napuhuje za\u0161titni zra\u010dni jastuk u roku od nekoliko milisekundi, smanjuju\u0107i do 95% energije udara koja se prenosi na voza\u010da gdje god ga zra\u010dni jastuk \u0161titi, uklju\u010duju\u0107i cijeli prsni ko\u0161 i le\u0111a. U slu\u010daju frontalnog sudara izme\u0111u voza\u010da i drugog vozila ili prepreke, Tech-Air\u00ae 3 sustav je u\u010dinkovit u situaciji &#8220;prvog udara&#8221;, \u0161to zna\u010di da se sustav napuhuje prije nego \u0161to voza\u010d udari u vozilo ili prepreku koja uzrokuje frontalni sudar. Vanjski dio je izra\u0111en od rastezljive najlonske tkanine, a vodootporni ECU i elektronika zna\u010de da se ovaj elegantni, samostalni sustav mo\u017ee nositi ispod motociklisti\u010dke jakne, uklju\u010duju\u0107i Alpinestars Tech-Air\u00ae Ready jaknu, ili bilo koje ko\u017ene ili tekstilne jakne, sve dok jakna ima dovoljno prostora za smje\u0161taj zra\u010dnog jastuka.     <\/p>\n<p>Za\u0161tita Tech-Air\u00ae 3 ECU osigurava rad u svim vremenskim uvjetima i certificirana je za rad izme\u0111u -20\u00b0C i +40\u00b0C. ECU je testiran i ima CE certifikat u skladu s raznim propisima za elektroni\u010dku, radio i elektri\u010dnu sigurnost. Ulo\u017eak za punjenje plinom ima CE certifikat u skladu s normom UNI EN 16263, \u0161to potvr\u0111uje uskla\u0111enost sa sigurnosnim standardom i potvr\u0111uje da se ulo\u0161ci mogu sigurno rukovati i odr\u017eavati. U skladu s europskim zakonodavstvom, oznaka CE uvjet je sukladnosti za stavljanje ovog proizvoda na tr\u017ei\u0161te. Na ovaj proizvod primjenjuju se sljede\u0107i standardi: Kada je napuhan, Tech-Air\u00ae 3 Leather sustav pru\u017ea potpunu za\u0161titu prsa i le\u0111a od zra\u010dnog jastuka i certificiran je kao osobna za\u0161titna oprema kategorije II prema Europskoj uredbi (EU) 2016\/425 u skladu s relevantnim dijelom norme za certificiranje zra\u010dnih jastuka EN1624-4:2013 (Za\u0161titna odje\u0107a za motocikle od mehani\u010dkih udara &#8211; Dio 4: Napuhani \u0161titnici za motocikliste &#8211; Zahtjevi i metode ispitivanja), osiguravaju\u0107i u\u010dinkovitost udara najmanje pet sekundi nakon aktiviranja. U\u010dinkovitost za\u0161tite od udara je na razini 2 za cijeli prsni ko\u0161 i cijela le\u0111a.     <\/p>\n<p>Sustav Tech-Air\u00ae 3 Canvas je potpuno autonomni aktivni sustav zra\u010dnih jastuka koji za rad ne zahtijeva vanjske priklju\u010dke ili senzore na motociklu. Sustav Tech-Air\u00ae 3 Canvas uklju\u010duje 6 integriranih senzora (3 akcelerometra (1 3-osni akcelerometar) i 3 \u017eiroskopa (1 3-osni \u017eiroskop)) koji pru\u017eaju najbolje performanse pra\u0107enja sudara u raznim dinami\u010dnim situacijama vo\u017enje, \u010dak i kada je motocikl u mirovanju. Sustav zra\u010dnih jastuka Tech-Air\u00ae 3 Canvas koristi algoritam za detekciju nesre\u0107e koji koristi umjetnu inteligenciju za precizno pra\u0107enje kada se zra\u010dni jastuk aktivira u slu\u010daju sudara, tako da zra\u010dni jastuk pru\u017ea aktivnu za\u0161titu u cestovnim scenarijima i raznim uvjetima vo\u017enje, \u010dak i kada je motocikl u mirovanju. Sustav zra\u010dnih jastuka Tech-Air\u00ae 3 Canvas automatski se aktivira magnetskim patentnim zatvara\u010dem. Dizajn sustava koji se mo\u017ee sklopiti omogu\u0107uje jednostavno spremanje u ruksak, gornji kov\u010deg ili bo\u010dni kov\u010deg kada se ne koristi. Dizajn Tech-Air\u00ae Canvas uklju\u010duje dodatne zna\u010dajke, uklju\u010duju\u0107i ugra\u0111eni d\u017eep za sun\u010dane nao\u010dale na desnoj strani prsa, om\u010du za remen koja omogu\u0107uje pri\u010dvr\u0161\u0107ivanje rukavica i elasti\u010dne bo\u010dne plo\u010de za udobnost koje pru\u017eaju volumen za aktiviranje zra\u010dnog jastuka. Prsluk ima 2 d\u017eepa za ruke s patentnim zatvara\u010dem, 2 d\u017eepa na prsima s patentnim zatvara\u010dem i unutarnji d\u017eep za prakti\u010dno spremanje. Konstrukcija Tech-Air\u00ae 3 Canvas prsluka ima otvore koji voza\u010dima omogu\u0107uju personalizaciju prsluka zakrpama ili vezom po \u017eelji. LED zaslon, djelomi\u010dno skriven u lijevom d\u017eepu na prsima, prikazuje radni status zra\u010dnog jastuka. D\u017eep ima reflektiraju\u0107u unutra\u0161njost za optimalnu vidljivost LED dioda, a uklju\u010duje i hapti\u010dki alarm koji vibrira kako bi potvrdio da je sustav aktiviran i upozorava korisnika kada je baterija niska. Integrirani d\u017eep za za\u0161titu le\u0111a na stra\u017enjoj strani mo\u017ee primiti dodatnu pasivnu za\u0161titu le\u0111a. Tech-Air\u00ae 3 Canvas uklju\u010duje kompaktnu Alpinestars Pro elektroni\u010dku upravlja\u010dku jedinicu (ECU) druge generacije smje\u0161tenu u ECU d\u017eepu na gornjem dijelu stra\u017enje strane Tech-Air\u00ae 3 Canvas jakne. Bluetooth Low Energy (BLE 5.0) povezivost s Tech-Air\u00ae aplikacijom omogu\u0107uje voza\u010dima pra\u0107enje stanja sustava, zdravlja baterije i pru\u017eanje detaljne karte svojih vo\u017enji motociklom putem aplikacije MyRide. Nadogradivi softver sustava dostupan je putem aplikacije Tech-Air\u00ae, gdje voza\u010di mogu brzo provjeriti instaliranu verziju softvera i jednostavno izvr\u0161iti najnovija a\u017euriranja softvera. Sustav Tech-Air\u00ae 3 koristi ugra\u0111enu certificiranu litij-ionsku bateriju, a potpuno napunjena baterija osigurava sustavu 40 sati aktivne vo\u017enje. Ispra\u017enjenoj bateriji potrebno je otprilike 4 sata da se potpuno napuni; punjenje baterije od otprilike 1 sat osigurava otprilike 8-10 sati vo\u017enje. Puha\u010d plina, koji osigurava plin za napuhavanje zra\u010dnih jastuka, nalazi se u ku\u0107i\u0161tu puha\u010da na lijevoj strani donjeg dijela le\u0111a voza\u010da. Ku\u0107i\u0161te puha\u010da, elektronika i zra\u010dni jastuk mogu se lako ukloniti. Spremnike s plinom za napuhavanje mogu zamijeniti odabrani Alpinestars prodava\u010di i servisni centri s certifikatom Tech-Air\u00ae.<\/p>\n","protected":false},"excerpt":{"rendered":"<p>Alpinestarsov Tech-Air\u00ae 3 sustav zra\u010dnih jastuka dizajniran je za no\u0161enje preko motociklisti\u010dke jakne, ali se mo\u017ee&#8230;<\/p>\n","protected":false},"featured_media":81577,"comment_status":"open","ping_status":"closed","template":"","meta":{"_acf_changed":false},"brand":[2748],"gender":[1313],"product_brand":[],"product_cat":[1356,2855,2888],"product_tag":[],"class_list":{"0":"post-130615","1":"product","2":"type-product","3":"status-publish","4":"has-post-thumbnail","6":"brand-alpinestars-hr","7":"gender-moski","8":"product_cat-motociklisticka-oprema","9":"product_cat-zastitnici-i-zracni-jastuci","10":"product_cat-zracni-jastuci","11":"pa_size-2xl-hr","12":"pa_size-3xl-hr","13":"pa_size-4xl-hr","14":"pa_size-l-hr","15":"pa_size-m-hr","16":"pa_size-s-hr","17":"pa_size-xl-hr","18":"pa_size-xs-hr","20":"first","21":"instock","22":"taxable","23":"shipping-taxable","24":"purchasable","25":"product-type-variable"},"acf":[],"_links":{"self":[{"href":"https:\/\/moto-oprema.com\/hr\/wp-json\/wp\/v2\/product\/130615","targetHints":{"allow":["GET"]}}],"collection":[{"href":"https:\/\/moto-oprema.com\/hr\/wp-json\/wp\/v2\/product"}],"about":[{"href":"https:\/\/moto-oprema.com\/hr\/wp-json\/wp\/v2\/types\/product"}],"replies":[{"embeddable":true,"href":"https:\/\/moto-oprema.com\/hr\/wp-json\/wp\/v2\/comments?post=130615"}],"wp:featuredmedia":[{"embeddable":true,"href":"https:\/\/moto-oprema.com\/hr\/wp-json\/wp\/v2\/media\/81577"}],"wp:attachment":[{"href":"https:\/\/moto-oprema.com\/hr\/wp-json\/wp\/v2\/media?parent=130615"}],"wp:term":[{"taxonomy":"brand","embeddable":true,"href":"https:\/\/moto-oprema.com\/hr\/wp-json\/wp\/v2\/brand?post=130615"},{"taxonomy":"gender","embeddable":true,"href":"https:\/\/moto-oprema.com\/hr\/wp-json\/wp\/v2\/gender?post=130615"},{"taxonomy":"product_brand","embeddable":true,"href":"https:\/\/moto-oprema.com\/hr\/wp-json\/wp\/v2\/product_brand?post=130615"},{"taxonomy":"product_cat","embeddable":true,"href":"https:\/\/moto-oprema.com\/hr\/wp-json\/wp\/v2\/product_cat?post=130615"},{"taxonomy":"product_tag","embeddable":true,"href":"https:\/\/moto-oprema.com\/hr\/wp-json\/wp\/v2\/product_tag?post=130615"}],"curies":[{"name":"wp","href":"https:\/\/api.w.org\/{rel}","templated":true}]}}