{"id":130614,"date":"2025-04-08T09:18:30","date_gmt":"2025-04-08T09:18:30","guid":{"rendered":"https:\/\/moto-oprema.com\/Artikel\/hjc-kaciga-i71-viz-mc21\/"},"modified":"2025-04-08T09:18:30","modified_gmt":"2025-04-08T09:18:30","slug":"hjc-kaciga-i71-viz-mc21","status":"publish","type":"product","link":"https:\/\/moto-oprema.com\/hr\/Artikel\/hjc-kaciga-i71-viz-mc21\/","title":{"rendered":"HJC KACIGA I71 VIZ MC21"},"content":{"rendered":"<p>i71 pomi\u010de granice sportsko-tour modela svojim novim dizajnom \u0161koljke. Napredna polikarbonatna kaciga sada ima 3 \u0161koljke u 6 veli\u010dina dostupnih za optimizaciju te\u017eine i udobnosti voza\u010da. Revidirani gornji otvor za ventilaciju s pove\u0107anim otvorima za usta omogu\u0107uje ve\u0107i protok zraka i ventilaciju. Novost kod i71 su i \u0161titnici za lice i viziri. Pinlock-kompatibilan \u0161titnik za lice HJ-38 ima novi PE (Push\/Eject) sustav zatvaranja za pobolj\u0161anu sigurnost, a jednostavan je za kori\u0161tenje s rukavicama. Novi vizir (HJ-V12) nudi voza\u010du novu mogu\u0107nost pode\u0161avanja vizira prema naprijed u 3 polo\u017eaja (do 10 mm), osiguravaju\u0107i idealnu za\u0161titu vizira. i71 tako\u0111er prihva\u0107a drugu generaciju HJC Bluetooth Smart sustava.      <\/p>\n<p>Ispunjava ili prema\u0161uje ECE 22.06 standard. Testovi uklju\u010duju apsorpciju energije, otpornost na probijanje, strukturni integritet remena za bradu i zahtjeve za ozna\u010davanje kacige za voza\u010de cestovnih motocikala. <\/p>\n<p>Integrirana za\u0161tita od sunca: tamna za\u0161tita od sunca, oblo\u017eena za\u0161titom od zamagljivanja, aktivira se brzo i jednostavno pomo\u0107u novog kliza\u010da koji se nalazi ispod. Njegov novi mehanizam omogu\u0107uje vam pode\u0161avanje dubine u 3 razli\u010dita polo\u017eaja prema va\u0161oj morfologiji i preferencijama za optimalno pristajanje. <\/p>\n<p>4 veli\u010dine: XXS, XS-S, ML, XL-2XL.<\/p>\n","protected":false},"excerpt":{"rendered":"<p>Boja: MC21<\/p>\n","protected":false},"featured_media":81222,"comment_status":"open","ping_status":"closed","template":"","meta":{"_acf_changed":false},"brand":[2130],"gender":[2172],"product_brand":[],"product_cat":[1358,1356,1359],"product_tag":[],"class_list":{"0":"post-130614","1":"product","2":"type-product","3":"status-publish","4":"has-post-thumbnail","6":"brand-hjc-hr","7":"gender-unisex-hr","8":"product_cat-kacige","9":"product_cat-motociklisticka-oprema","10":"product_cat-sastavni","11":"pa_size-l-hr","12":"pa_size-m-hr","13":"pa_size-s-hr","14":"pa_size-xl-hr","15":"pa_size-xs-hr","16":"pa_size-xxl-hr","18":"first","19":"instock","20":"sale","21":"taxable","22":"shipping-taxable","23":"purchasable","24":"product-type-variable"},"acf":[],"_links":{"self":[{"href":"https:\/\/moto-oprema.com\/hr\/wp-json\/wp\/v2\/product\/130614","targetHints":{"allow":["GET"]}}],"collection":[{"href":"https:\/\/moto-oprema.com\/hr\/wp-json\/wp\/v2\/product"}],"about":[{"href":"https:\/\/moto-oprema.com\/hr\/wp-json\/wp\/v2\/types\/product"}],"replies":[{"embeddable":true,"href":"https:\/\/moto-oprema.com\/hr\/wp-json\/wp\/v2\/comments?post=130614"}],"wp:featuredmedia":[{"embeddable":true,"href":"https:\/\/moto-oprema.com\/hr\/wp-json\/wp\/v2\/media\/81222"}],"wp:attachment":[{"href":"https:\/\/moto-oprema.com\/hr\/wp-json\/wp\/v2\/media?parent=130614"}],"wp:term":[{"taxonomy":"brand","embeddable":true,"href":"https:\/\/moto-oprema.com\/hr\/wp-json\/wp\/v2\/brand?post=130614"},{"taxonomy":"gender","embeddable":true,"href":"https:\/\/moto-oprema.com\/hr\/wp-json\/wp\/v2\/gender?post=130614"},{"taxonomy":"product_brand","embeddable":true,"href":"https:\/\/moto-oprema.com\/hr\/wp-json\/wp\/v2\/product_brand?post=130614"},{"taxonomy":"product_cat","embeddable":true,"href":"https:\/\/moto-oprema.com\/hr\/wp-json\/wp\/v2\/product_cat?post=130614"},{"taxonomy":"product_tag","embeddable":true,"href":"https:\/\/moto-oprema.com\/hr\/wp-json\/wp\/v2\/product_tag?post=130614"}],"curies":[{"name":"wp","href":"https:\/\/api.w.org\/{rel}","templated":true}]}}