{"id":130531,"date":"2025-03-31T08:48:28","date_gmt":"2025-03-31T08:48:28","guid":{"rendered":"https:\/\/moto-oprema.com\/Artikel\/hjc-kaciga-rpha71-cleta-mc3hsf\/"},"modified":"2025-03-31T08:48:28","modified_gmt":"2025-03-31T08:48:28","slug":"hjc-kaciga-rpha71-cleta-mc3hsf","status":"publish","type":"product","link":"https:\/\/moto-oprema.com\/hr\/Artikel\/hjc-kaciga-rpha71-cleta-mc3hsf\/","title":{"rendered":"HJC kaciga RPHA71 CLETA MC3HSF"},"content":{"rendered":"<p>HJC RPHA 71 kaciga je HJC-ova druga generacija vrhunskog modela za sportska putovanja i prikladna je za sve, od gradskih putovanja do seoskih putovanja. Nude\u0107i vrhunske performanse u kompaktnom, laganom dizajnu, nudi pobolj\u0161anu otpornost na udarce i maksimalnu za\u0161titu zahvaljuju\u0107i Premium Integrated Matrix Evo (PIM) \u0161koljki i EPS-u vi\u0161e gusto\u0107e. RPHA 71 dizajniran je opse\u017enim testiranjem u zra\u010dnom tunelu za glatku, aerodinami\u010dnu vo\u017enju i ima ugra\u0111eni vizir za sunce. Ima sve zna\u010dajke svog popularnog prethodnika i pobolj\u0161ava cjelokupno iskustvo vo\u017enje. RPHA 71 tako\u0111er je opremljen drugom generacijom SMART HJC Bluetooth komunikacijskog sustava, koji voza\u010du omogu\u0107uje da ostane povezan i usredoto\u010den na cestu.    <\/p>\n<p>Zna\u010dajke:<\/p>\n<p>Novi materijal \u0161koljke s uglji\u010dno-aramidnim vlaknima, uglji\u010dnim vlaknima, staklenim vlaknima, organskim netkanim tekstilom i prirodnim lanenim vlaknima za pobolj\u0161anu otpornost na udarce i udobniju i lak\u0161u kacigu<br \/>\n Ugra\u0111eni suncobran: premaz protiv magljenja s zatamnjenim vizirom brzo se i jednostavno postavlja s novim operativnim sustavom. Novi mehanizam omogu\u0107uje pode\u0161avanje dubine u 3 razli\u010dita polo\u017eaja prema va\u0161oj morfologiji i preferencijama za optimalno pristajanje<br \/>\n Sustav guranja i otpu\u0161tanja: nova brava na viziru je sigurnija i lak\u0161a za otpu\u0161tanje u isto vrijeme<br \/>\n Visoko razvijena unutarnja podstava osigurava bolji prijenos vlage i brzo su\u0161enje<br \/>\n Pogodno za osobe koje nose nao\u010dale<br \/>\n Jastu\u010di\u0107i za obraze u 3D obliku<br \/>\n Reflektiraju\u0107i materijal za sigurnost<br \/>\n Izmjenjivi jastu\u010di\u0107i za obraze u svim veli\u010dinama za individualnu prilagodbu<br \/>\n Udobna podstava i jastu\u010di\u0107i za obraze koji se mogu prati <\/p>\n<p>Tehni\u010dki podaci:<\/p>\n<ul>\n<li>  Materijal: PIM Evo kompozit: karbonska, aramidna vlakna, staklena vlakna i netkane tkanine<\/li>\n<li>  Norma: 22.06<\/li>\n<li>  Zatvaranje: Dupli D<\/li>\n<li>  Tip vizira: HJ-40, premazan protiv magljenja<\/li>\n<li>  \u0160titnik za sunce: HJ-V12<\/li>\n<\/ul>\n<p>Veli\u010dine:<\/p>\n<p>Veli\u010dina kacige\/jastu\u010di\u0107a za obraze\/jastu\u010di\u0107a za glavu:<br \/>\n XS (54-55 cm)\/40 mm\/9 mm<br \/>\n S(55-56cm)\/35mm\/12mm<br \/>\n M(57-58cm)\/35mm\/9mm<br \/>\n L(58-59cm)\/35mm\/12mm<br \/>\n XL (60-61 cm)\/35 mm\/12 mm<br \/>\n XXL (62-63 cm)\/25 mm\/7 mm<\/p>\n","protected":false},"excerpt":{"rendered":"<p>HJC RPHA 71 kaciga je HJC-ova druga generacija vrhunskog modela za sportska putovanja i prikladna je&#8230;<\/p>\n","protected":false},"featured_media":130517,"comment_status":"open","ping_status":"closed","template":"","meta":{"_acf_changed":false},"brand":[2130],"gender":[2172],"product_brand":[],"product_cat":[1358,1356,1359],"product_tag":[],"class_list":{"0":"post-130531","1":"product","2":"type-product","3":"status-publish","4":"has-post-thumbnail","6":"brand-hjc-hr","7":"gender-unisex-hr","8":"product_cat-kacige","9":"product_cat-motociklisticka-oprema","10":"product_cat-sastavni","11":"pa_velikost-st-l-hr","12":"pa_velikost-st-m-hr","13":"pa_velikost-st-s-hr","14":"pa_velikost-st-xl-hr","15":"pa_velikost-st-xs-hr","16":"pa_velikost-st-xxl-hr","18":"first","19":"onbackorder","20":"sale","21":"taxable","22":"shipping-taxable","23":"purchasable","24":"product-type-variable"},"acf":[],"_links":{"self":[{"href":"https:\/\/moto-oprema.com\/hr\/wp-json\/wp\/v2\/product\/130531","targetHints":{"allow":["GET"]}}],"collection":[{"href":"https:\/\/moto-oprema.com\/hr\/wp-json\/wp\/v2\/product"}],"about":[{"href":"https:\/\/moto-oprema.com\/hr\/wp-json\/wp\/v2\/types\/product"}],"replies":[{"embeddable":true,"href":"https:\/\/moto-oprema.com\/hr\/wp-json\/wp\/v2\/comments?post=130531"}],"wp:featuredmedia":[{"embeddable":true,"href":"https:\/\/moto-oprema.com\/hr\/wp-json\/wp\/v2\/media\/130517"}],"wp:attachment":[{"href":"https:\/\/moto-oprema.com\/hr\/wp-json\/wp\/v2\/media?parent=130531"}],"wp:term":[{"taxonomy":"brand","embeddable":true,"href":"https:\/\/moto-oprema.com\/hr\/wp-json\/wp\/v2\/brand?post=130531"},{"taxonomy":"gender","embeddable":true,"href":"https:\/\/moto-oprema.com\/hr\/wp-json\/wp\/v2\/gender?post=130531"},{"taxonomy":"product_brand","embeddable":true,"href":"https:\/\/moto-oprema.com\/hr\/wp-json\/wp\/v2\/product_brand?post=130531"},{"taxonomy":"product_cat","embeddable":true,"href":"https:\/\/moto-oprema.com\/hr\/wp-json\/wp\/v2\/product_cat?post=130531"},{"taxonomy":"product_tag","embeddable":true,"href":"https:\/\/moto-oprema.com\/hr\/wp-json\/wp\/v2\/product_tag?post=130531"}],"curies":[{"name":"wp","href":"https:\/\/api.w.org\/{rel}","templated":true}]}}