{"id":130510,"date":"2025-04-03T18:24:24","date_gmt":"2025-04-03T18:24:24","guid":{"rendered":"https:\/\/moto-oprema.com\/Artikel\/alpinestars-gp-force-lurv-smx-6-v3-sp-3\/"},"modified":"2025-04-03T18:24:24","modified_gmt":"2025-04-03T18:24:24","slug":"alpinestars-gp-force-lurv-smx-6-v3-sp-3","status":"publish","type":"product","link":"https:\/\/moto-oprema.com\/hr\/Artikel\/alpinestars-gp-force-lurv-smx-6-v3-sp-3\/","title":{"rendered":"ALPINESTARS GP FORCE LURV + SMX 6 V3 + SP-3"},"content":{"rendered":"<p>Alpinestars GP Force Lurv &#8211; najpo\u017eeljnije dvodijelno ko\u017eno odijelo<\/p>\n<p> Alpinestars SMX 6 V3 \u010dizme &#8211; najnoviji model koji nudi iznimnu udobnost<\/p>\n<p> Alpinestars SP-3 rukavice<\/p>\n","protected":false},"excerpt":{"rendered":"<p>Alpinestars GP Force Lurv &#8211; najpo\u017eeljnije dvodijelno ko\u017eno odijelo Alpinestars SMX 6 V3 \u010dizme &#8211; najnoviji&#8230;<\/p>\n","protected":false},"featured_media":80375,"comment_status":"open","ping_status":"closed","template":"","meta":{"_acf_changed":false},"brand":[2748],"gender":[1313],"product_brand":[],"product_cat":[2858,2859,1356],"product_tag":[],"class_list":{"0":"post-130510","1":"product","2":"type-product","3":"status-publish","4":"has-post-thumbnail","6":"brand-alpinestars-hr","7":"gender-moski","8":"product_cat-dvodijelni-kombinezoni","9":"product_cat-kombinezoni-hr","10":"product_cat-motociklisticka-oprema","12":"first","13":"instock","14":"sale","15":"taxable","16":"shipping-taxable","17":"purchasable","18":"product-type-yith-composite"},"acf":[],"_links":{"self":[{"href":"https:\/\/moto-oprema.com\/hr\/wp-json\/wp\/v2\/product\/130510","targetHints":{"allow":["GET"]}}],"collection":[{"href":"https:\/\/moto-oprema.com\/hr\/wp-json\/wp\/v2\/product"}],"about":[{"href":"https:\/\/moto-oprema.com\/hr\/wp-json\/wp\/v2\/types\/product"}],"replies":[{"embeddable":true,"href":"https:\/\/moto-oprema.com\/hr\/wp-json\/wp\/v2\/comments?post=130510"}],"wp:featuredmedia":[{"embeddable":true,"href":"https:\/\/moto-oprema.com\/hr\/wp-json\/wp\/v2\/media\/80375"}],"wp:attachment":[{"href":"https:\/\/moto-oprema.com\/hr\/wp-json\/wp\/v2\/media?parent=130510"}],"wp:term":[{"taxonomy":"brand","embeddable":true,"href":"https:\/\/moto-oprema.com\/hr\/wp-json\/wp\/v2\/brand?post=130510"},{"taxonomy":"gender","embeddable":true,"href":"https:\/\/moto-oprema.com\/hr\/wp-json\/wp\/v2\/gender?post=130510"},{"taxonomy":"product_brand","embeddable":true,"href":"https:\/\/moto-oprema.com\/hr\/wp-json\/wp\/v2\/product_brand?post=130510"},{"taxonomy":"product_cat","embeddable":true,"href":"https:\/\/moto-oprema.com\/hr\/wp-json\/wp\/v2\/product_cat?post=130510"},{"taxonomy":"product_tag","embeddable":true,"href":"https:\/\/moto-oprema.com\/hr\/wp-json\/wp\/v2\/product_tag?post=130510"}],"curies":[{"name":"wp","href":"https:\/\/api.w.org\/{rel}","templated":true}]}}