{"id":130465,"date":"2025-03-28T10:36:15","date_gmt":"2025-03-28T10:36:15","guid":{"rendered":"https:\/\/moto-oprema.com\/Artikel\/alpinestars-stella-raketa-sp-8-vr-stella-smx-6-v3\/"},"modified":"2025-03-28T10:36:15","modified_gmt":"2025-03-28T10:36:15","slug":"alpinestars-stella-raketa-sp-8-vr-stella-smx-6-v3","status":"publish","type":"product","link":"https:\/\/moto-oprema.com\/hr\/Artikel\/alpinestars-stella-raketa-sp-8-vr-stella-smx-6-v3\/","title":{"rendered":"ALPINESTARS STELLA RAKETA + SP-8 VR STELLA + SMX-6 V3"},"content":{"rendered":"<p>Alpinestars sastavljen komplet:<\/p>\n<ul>\n<li>1 <strong>Alpinestars Stella Missile V2 dvodijelno odijelo<\/strong> (crno-bijelo)<\/li>\n<li>2 <strong>Alpinestars SMX-6 V3 \u010dizme<\/strong> (crne)<\/li>\n<li>3 <strong>Alpinestars SP-8 V3 \u017eenske rukavice<\/strong> (crne)<\/li>\n<\/ul>\n<p>Prikladan set za normalnu vo\u017enju po cesti. Naravno, mo\u017ee se kombinirati i s drugim modelima, a tada je i cijena prilago\u0111ena tome (s popustom). <\/p>\n<p>*1<br \/>\n Alpinestarsovo dvodijelno odijelo Stella Missile v2 nudi optimalnu otpornost na habanje uz visoku razinu aktivne za\u0161tite u utrkama; ovo odijelo je kompatibilno s Tech-Air\u00ae-om i mo\u017ee primiti sustav zra\u010dnih jastuka Tech-Air\u00ae 10, zajedno s produ\u017eenom za\u0161titom kukova.<\/p>\n<p>Sastav sirovine: 43% GOVE\u0110A KO\u017dA 36% BIVOLJSKA KO\u017dA 21% POLIAMIDA<\/p>\n<p>*2<br \/>\n Prepune inovativnih sigurnosnih i za\u0161titnih zna\u010dajki, Alpinestars Stella (\u017eenske) SMX-6 v3 su vrhunske svestrane biciklisti\u010dke cipele za vo\u017enju po stazama i za visoke performanse, koje uklju\u010duju tehnologiju i materijale dobivene iz utrka kako bi voza\u010dima pru\u017eile klju\u010dnu prednost u performansama na stazi i na cesti.<\/p>\n<p>Sastav sirovine: 37% TPU 35% MIKROFIBRA 11% POLIESTER 8% POLIURETAN 8% TPR 1% ELASTIKA<\/p>\n<p>*3<br \/>\n Alpinestars SP-8 V3 rukavice izra\u0111ene su od ko\u017ee koja je izuzetno otporna na habanje. Zglobovi su za\u0161ti\u0107eni \u0161titnikom od polimera. Osim visoke razine za\u0161tite, SP-8 V3 rukavice vam nude i slobodu kretanja i udobnost. Prsti su prethodno oblikovani, a pri\u010dvr\u0161\u0107ivanje je \u010di\u010dkom. Na dlanu i palcu na\u0107i \u0107ete novi anatomski oblikovani umetak za bolji hvat.    <\/p>\n<p>Sastav sirovine: 41% POLIURETAN 40% KOZJA KO\u017dA 12% POLIAMIDA 7% POLIESTER<\/p>\n","protected":false},"excerpt":{"rendered":"<p>Alpinestars sastavljen komplet: 1 Alpinestars Stella Missile V2 dvodijelno odijelo (crno-bijelo) 2 Alpinestars SMX-6 V3 \u010dizme&#8230;<\/p>\n","protected":false},"featured_media":130467,"comment_status":"open","ping_status":"closed","template":"","meta":{"_acf_changed":false},"brand":[2748],"gender":[1314],"product_brand":[],"product_cat":[2858,2859,1356],"product_tag":[],"class_list":{"0":"post-130465","1":"product","2":"type-product","3":"status-publish","4":"has-post-thumbnail","6":"brand-alpinestars-hr","7":"gender-zenska","8":"product_cat-dvodijelni-kombinezoni","9":"product_cat-kombinezoni-hr","10":"product_cat-motociklisticka-oprema","12":"first","13":"instock","14":"sale","15":"featured","16":"taxable","17":"shipping-taxable","18":"purchasable","19":"product-type-yith-composite"},"acf":[],"_links":{"self":[{"href":"https:\/\/moto-oprema.com\/hr\/wp-json\/wp\/v2\/product\/130465","targetHints":{"allow":["GET"]}}],"collection":[{"href":"https:\/\/moto-oprema.com\/hr\/wp-json\/wp\/v2\/product"}],"about":[{"href":"https:\/\/moto-oprema.com\/hr\/wp-json\/wp\/v2\/types\/product"}],"replies":[{"embeddable":true,"href":"https:\/\/moto-oprema.com\/hr\/wp-json\/wp\/v2\/comments?post=130465"}],"wp:featuredmedia":[{"embeddable":true,"href":"https:\/\/moto-oprema.com\/hr\/wp-json\/wp\/v2\/media\/130467"}],"wp:attachment":[{"href":"https:\/\/moto-oprema.com\/hr\/wp-json\/wp\/v2\/media?parent=130465"}],"wp:term":[{"taxonomy":"brand","embeddable":true,"href":"https:\/\/moto-oprema.com\/hr\/wp-json\/wp\/v2\/brand?post=130465"},{"taxonomy":"gender","embeddable":true,"href":"https:\/\/moto-oprema.com\/hr\/wp-json\/wp\/v2\/gender?post=130465"},{"taxonomy":"product_brand","embeddable":true,"href":"https:\/\/moto-oprema.com\/hr\/wp-json\/wp\/v2\/product_brand?post=130465"},{"taxonomy":"product_cat","embeddable":true,"href":"https:\/\/moto-oprema.com\/hr\/wp-json\/wp\/v2\/product_cat?post=130465"},{"taxonomy":"product_tag","embeddable":true,"href":"https:\/\/moto-oprema.com\/hr\/wp-json\/wp\/v2\/product_tag?post=130465"}],"curies":[{"name":"wp","href":"https:\/\/api.w.org\/{rel}","templated":true}]}}