{"id":130436,"date":"2025-03-27T11:02:00","date_gmt":"2025-03-27T11:02:00","guid":{"rendered":"https:\/\/moto-oprema.com\/Artikel\/hjc-rpha12-venom-3-kaciga\/"},"modified":"2025-03-27T11:02:00","modified_gmt":"2025-03-27T11:02:00","slug":"hjc-rpha12-venom-3-kaciga","status":"publish","type":"product","link":"https:\/\/moto-oprema.com\/hr\/Artikel\/hjc-rpha12-venom-3-kaciga\/","title":{"rendered":"HJC RPHA12 VENOM 3 KACIGA"},"content":{"rendered":"<p>HJC RPHA12 &#8211; novi model popularne sportske kacige<\/p>\n<p>Premium Integrated Matrix \/ PIM EVO: Materijali za oja\u010danje, uklju\u010duju\u0107i hibrid ugljik-aramid i prirodna vlakna, pru\u017eaju bolje performanse u smislu otpornosti na udarce, ve\u0107e udobnosti i lako\u0107e kacige.<br \/>\nPinlock Ready HJ-42 VIZIR: Pru\u017ea 99% UV za\u0161titu, premaz otporan na ogrebotine; \u010cegrtaljka s dvosmjernim klinom osigurava glatko kretanje \u010degrtaljke i bolje dr\u017eanje.<br \/>\nAerodinami\u010dna struktura \u0161koljke za iznimne performanse pri najve\u0107im brzinama.<br \/>\nKomplet za hitne slu\u010dajeve (jastu\u010di\u0107i za obraze) za sigurno i brzo uklanjanje u hitnim situacijama.<br \/>\nVe\u0107i otvor za o\u010di pru\u017ea voza\u010du bolji periferni vid.<br \/>\nNapredna antibakterijska unutra\u0161njost osigurava pove\u0107anu prozra\u010dnost i brzo su\u0161enje.<br \/>\nUnutarnja \u0161koljka i jastu\u010di\u0107i za obraze mogu se ukloniti i prati.<br \/>\nStandardno je opremljen 2D prozirnim i tamnim vizirom, bravom, \u0161titnikom za bradu i deflektorom zraka.<br \/>\n4 veli\u010dine \u0161koljke: XS, S, ML, XL-2XL.<\/p>\n","protected":false},"excerpt":{"rendered":"<p>HJC RPHA 12 kaciga za cijelo lice Boja: Dekor MC1SF &#8211; VENOM<\/p>\n","protected":false},"featured_media":130438,"comment_status":"open","ping_status":"closed","template":"","meta":{"_acf_changed":false},"brand":[2130],"gender":[2172],"product_brand":[],"product_cat":[1358,1356,1359],"product_tag":[],"class_list":{"0":"post-130436","1":"product","2":"type-product","3":"status-publish","4":"has-post-thumbnail","6":"brand-hjc-hr","7":"gender-unisex-hr","8":"product_cat-kacige","9":"product_cat-motociklisticka-oprema","10":"product_cat-sastavni","11":"pa_size-l-hr","12":"pa_size-m-hr","13":"pa_size-s-hr","14":"pa_size-xl-hr","15":"pa_size-xs-hr","16":"pa_size-xxl-hr","17":"pa_size-xxs-hr","19":"first","20":"outofstock","21":"sale","22":"taxable","23":"shipping-taxable","24":"purchasable","25":"product-type-variable"},"acf":[],"_links":{"self":[{"href":"https:\/\/moto-oprema.com\/hr\/wp-json\/wp\/v2\/product\/130436","targetHints":{"allow":["GET"]}}],"collection":[{"href":"https:\/\/moto-oprema.com\/hr\/wp-json\/wp\/v2\/product"}],"about":[{"href":"https:\/\/moto-oprema.com\/hr\/wp-json\/wp\/v2\/types\/product"}],"replies":[{"embeddable":true,"href":"https:\/\/moto-oprema.com\/hr\/wp-json\/wp\/v2\/comments?post=130436"}],"wp:featuredmedia":[{"embeddable":true,"href":"https:\/\/moto-oprema.com\/hr\/wp-json\/wp\/v2\/media\/130438"}],"wp:attachment":[{"href":"https:\/\/moto-oprema.com\/hr\/wp-json\/wp\/v2\/media?parent=130436"}],"wp:term":[{"taxonomy":"brand","embeddable":true,"href":"https:\/\/moto-oprema.com\/hr\/wp-json\/wp\/v2\/brand?post=130436"},{"taxonomy":"gender","embeddable":true,"href":"https:\/\/moto-oprema.com\/hr\/wp-json\/wp\/v2\/gender?post=130436"},{"taxonomy":"product_brand","embeddable":true,"href":"https:\/\/moto-oprema.com\/hr\/wp-json\/wp\/v2\/product_brand?post=130436"},{"taxonomy":"product_cat","embeddable":true,"href":"https:\/\/moto-oprema.com\/hr\/wp-json\/wp\/v2\/product_cat?post=130436"},{"taxonomy":"product_tag","embeddable":true,"href":"https:\/\/moto-oprema.com\/hr\/wp-json\/wp\/v2\/product_tag?post=130436"}],"curies":[{"name":"wp","href":"https:\/\/api.w.org\/{rel}","templated":true}]}}