{"id":130331,"date":"2025-03-27T10:25:14","date_gmt":"2025-03-27T10:25:14","guid":{"rendered":"https:\/\/moto-oprema.com\/Artikel\/spidi-underground-kp-rukavice-crne\/"},"modified":"2025-03-27T10:25:14","modified_gmt":"2025-03-27T10:25:14","slug":"spidi-underground-kp-rukavice-crne","status":"publish","type":"product","link":"https:\/\/moto-oprema.com\/hr\/Artikel\/spidi-underground-kp-rukavice-crne\/","title":{"rendered":"SPIDI UNDERGROUND-KP RUKAVICE CRNE"},"content":{"rendered":"<p>SPIDI Underground-KP: svestrane vodootporne motociklisti\u010dke rukavice dizajnirane za hladno godi\u0161nje doba, idealne za vo\u017enju gradom. Opremljene su tkaninama otpornim na habanje i unutarnjim \u0161titnicima za zglobove Powertech, te imaju KP certifikat razine 1.<br \/>\n Elasti\u010dni umeci na stra\u017enjoj strani i \u010di\u010dak\u00ae kop\u010da pove\u0107avaju udobnost, dok 3M\u00ae reflektiraju\u0107i umeci pove\u0107avaju vidljivost no\u0107u. Potpuna H2OUT\u00ae podstava \u010dini ih vodootpornima, otpornima na vjetar i prozra\u010dnima. Underground-KP rukavice su kompatibilne sa zaslonima osjetljivim na dodir.<\/p>\n","protected":false},"excerpt":{"rendered":"<p>SPIDI Underground-KP: svestrane vodootporne motociklisti\u010dke rukavice dizajnirane za hladno godi\u0161nje doba, idealne za vo\u017enju gradom. Opremljene&#8230;<\/p>\n","protected":false},"featured_media":130335,"comment_status":"open","ping_status":"closed","template":"","meta":{"_acf_changed":false},"brand":[2732],"gender":[1313],"product_brand":[],"product_cat":[1356,2816,2822],"product_tag":[],"class_list":{"0":"post-130331","1":"product","2":"type-product","3":"status-publish","4":"has-post-thumbnail","6":"brand-spidi-hr","7":"gender-moski","8":"product_cat-motociklisticka-oprema","9":"product_cat-rukavice","10":"product_cat-tekstilne-rukavice","11":"pa_velikost-rokovice-l-hr","12":"pa_velikost-rokovice-m-hr","13":"pa_velikost-rokovice-s-hr","14":"pa_velikost-rokovice-xl-hr","15":"pa_velikost-rokovice-xxl-hr","16":"pa_velikost-rokovice-xxxl-hr","18":"first","19":"instock","20":"sale","21":"taxable","22":"shipping-taxable","23":"purchasable","24":"product-type-variable"},"acf":[],"_links":{"self":[{"href":"https:\/\/moto-oprema.com\/hr\/wp-json\/wp\/v2\/product\/130331","targetHints":{"allow":["GET"]}}],"collection":[{"href":"https:\/\/moto-oprema.com\/hr\/wp-json\/wp\/v2\/product"}],"about":[{"href":"https:\/\/moto-oprema.com\/hr\/wp-json\/wp\/v2\/types\/product"}],"replies":[{"embeddable":true,"href":"https:\/\/moto-oprema.com\/hr\/wp-json\/wp\/v2\/comments?post=130331"}],"wp:featuredmedia":[{"embeddable":true,"href":"https:\/\/moto-oprema.com\/hr\/wp-json\/wp\/v2\/media\/130335"}],"wp:attachment":[{"href":"https:\/\/moto-oprema.com\/hr\/wp-json\/wp\/v2\/media?parent=130331"}],"wp:term":[{"taxonomy":"brand","embeddable":true,"href":"https:\/\/moto-oprema.com\/hr\/wp-json\/wp\/v2\/brand?post=130331"},{"taxonomy":"gender","embeddable":true,"href":"https:\/\/moto-oprema.com\/hr\/wp-json\/wp\/v2\/gender?post=130331"},{"taxonomy":"product_brand","embeddable":true,"href":"https:\/\/moto-oprema.com\/hr\/wp-json\/wp\/v2\/product_brand?post=130331"},{"taxonomy":"product_cat","embeddable":true,"href":"https:\/\/moto-oprema.com\/hr\/wp-json\/wp\/v2\/product_cat?post=130331"},{"taxonomy":"product_tag","embeddable":true,"href":"https:\/\/moto-oprema.com\/hr\/wp-json\/wp\/v2\/product_tag?post=130331"}],"curies":[{"name":"wp","href":"https:\/\/api.w.org\/{rel}","templated":true}]}}