{"id":130304,"date":"2025-03-27T09:00:33","date_gmt":"2025-03-27T09:00:33","guid":{"rendered":"https:\/\/moto-oprema.com\/Artikel\/spidi-j-fit-superslim-hlace-plavo-tamno-rabljene\/"},"modified":"2025-03-27T09:00:33","modified_gmt":"2025-03-27T09:00:33","slug":"spidi-j-fit-superslim-hlace-plavo-tamno-rabljene","status":"publish","type":"product","link":"https:\/\/moto-oprema.com\/hr\/Artikel\/spidi-j-fit-superslim-hlace-plavo-tamno-rabljene\/","title":{"rendered":"SPIDI J-FIT SUPERSLIM HLA\u010cE PLAVO TAMNO RABLJENE"},"content":{"rendered":"<p>J-Fit Superslim su motociklisti\u010dke traperice dizajnirane za pru\u017eanje neusporedive udobnosti. \u010cvrsto\u0107u ovih motociklisti\u010dkih hla\u010da jam\u010di kori\u0161teni materijal: ove izuzetno rastezljive traperice izradio je SPIDI ispreplitanjem pamu\u010dnih i Cordura\u00ae vlakana te dodavanjem 6% elastana, \u0161to osigurava izvrsnu razinu fleksibilnosti i prilagodljivosti. Stra\u017enja SPIDI etiketa izra\u0111ena je od ko\u017ee, dok su gumb, zakovice i privjesak za klju\u010deve u mat bron\u010danoj boji.  <\/p>\n<p>Slim FIT model, standardna duljina (34 in\u010da).<\/p>\n<p>Ove traperice certificirane su u klasi A prema normi EN 17092-4:2020 i uklju\u010duju Warrior Lite kratke \u0161titnike za koljena, dok su Warrior Lite \u0161titnici za bokove razine 2 dostupni kao opcija.<\/p>\n","protected":false},"excerpt":{"rendered":"<p>J-Fit Superslim su motociklisti\u010dke traperice dizajnirane za pru\u017eanje neusporedive udobnosti. \u010cvrsto\u0107u ovih motociklisti\u010dkih hla\u010da jam\u010di kori\u0161teni&#8230;<\/p>\n","protected":false},"featured_media":130305,"comment_status":"open","ping_status":"closed","template":"","meta":{"_acf_changed":false},"brand":[2732],"gender":[1313],"product_brand":[],"product_cat":[2832,1356,2833],"product_tag":[],"class_list":{"0":"post-130304","1":"product","2":"type-product","3":"status-publish","4":"has-post-thumbnail","6":"brand-spidi-hr","7":"gender-moski","8":"product_cat-hlace-hr","9":"product_cat-motociklisticka-oprema","10":"product_cat-traperice","11":"pa_size-31-hr","12":"pa_size-32-hr","13":"pa_size-33-hr","14":"pa_size-34-hr","15":"pa_size-36-hr","16":"pa_size-38-hr","17":"pa_size-40-hr","19":"first","20":"instock","21":"sale","22":"taxable","23":"shipping-taxable","24":"purchasable","25":"product-type-variable"},"acf":[],"_links":{"self":[{"href":"https:\/\/moto-oprema.com\/hr\/wp-json\/wp\/v2\/product\/130304","targetHints":{"allow":["GET"]}}],"collection":[{"href":"https:\/\/moto-oprema.com\/hr\/wp-json\/wp\/v2\/product"}],"about":[{"href":"https:\/\/moto-oprema.com\/hr\/wp-json\/wp\/v2\/types\/product"}],"replies":[{"embeddable":true,"href":"https:\/\/moto-oprema.com\/hr\/wp-json\/wp\/v2\/comments?post=130304"}],"wp:featuredmedia":[{"embeddable":true,"href":"https:\/\/moto-oprema.com\/hr\/wp-json\/wp\/v2\/media\/130305"}],"wp:attachment":[{"href":"https:\/\/moto-oprema.com\/hr\/wp-json\/wp\/v2\/media?parent=130304"}],"wp:term":[{"taxonomy":"brand","embeddable":true,"href":"https:\/\/moto-oprema.com\/hr\/wp-json\/wp\/v2\/brand?post=130304"},{"taxonomy":"gender","embeddable":true,"href":"https:\/\/moto-oprema.com\/hr\/wp-json\/wp\/v2\/gender?post=130304"},{"taxonomy":"product_brand","embeddable":true,"href":"https:\/\/moto-oprema.com\/hr\/wp-json\/wp\/v2\/product_brand?post=130304"},{"taxonomy":"product_cat","embeddable":true,"href":"https:\/\/moto-oprema.com\/hr\/wp-json\/wp\/v2\/product_cat?post=130304"},{"taxonomy":"product_tag","embeddable":true,"href":"https:\/\/moto-oprema.com\/hr\/wp-json\/wp\/v2\/product_tag?post=130304"}],"curies":[{"name":"wp","href":"https:\/\/api.w.org\/{rel}","templated":true}]}}