{"id":129363,"date":"2025-03-19T10:08:28","date_gmt":"2025-03-19T10:08:28","guid":{"rendered":"https:\/\/moto-oprema.com\/Artikel\/alpinestars-viper-air-v4-jakna-crvena-fluo-crna\/"},"modified":"2025-03-19T10:08:28","modified_gmt":"2025-03-19T10:08:28","slug":"alpinestars-viper-air-v4-jakna-crvena-fluo-crna","status":"publish","type":"product","link":"https:\/\/moto-oprema.com\/hr\/Artikel\/alpinestars-viper-air-v4-jakna-crvena-fluo-crna\/","title":{"rendered":"ALPINESTARS VIPER AIR V4 JAKNA CRVENA FLUO CRNA"},"content":{"rendered":"<p>Jakna Viper Air v4 optimizirana je za vo\u017enju po toplom vremenu, dizajnirana za izvrsnu prozra\u010dnost i fleksibilnost. S uklonjivom vjetrovitom podstavom, ova se jakna mo\u017ee brzo i jednostavno pretvoriti u jaknu za hladnije dane, pru\u017eaju\u0107i udobnost i svestranost u promjenjivim vremenskim uvjetima. <\/p>\n<p>Zna\u010dajke<\/p>\n<ul>\n<li>Viper Air V4 jakna ima 3D dizajn koji se prilago\u0111ava tijelu voza\u010da, osiguravaju\u0107i vrhunsko pristajanje, prirodno kretanje i cjelodnevnu udobnost.<\/li>\n<li>Ovaj inovativni dizajn ne samo da pobolj\u0161ava estetski izgled jakne, ve\u0107 i pove\u0107ava slobodu kretanja za neusporedivu udobnost i fleksibilnost.<\/li>\n<li>Strate\u0161ki postavljeni ekstra veliki paneli od tehnolo\u0161ke mre\u017easte tkanine osiguravaju optimalnu protok zraka i prozra\u010dnost<\/li>\n<li>Jakna Viper Air V4 opremljena je Nucleon Flex Plus Level 1 \u0161titnicima na ramenima i laktovima, koji pru\u017eaju maksimalnu apsorpciju udara uz odr\u017eavanje iznimne udobnosti, fleksibilnosti i ventilacije. <\/li>\n<\/ul>\n<p>Za\u0161tita<\/p>\n<ul>\n<li>CE certifikat klase A.<\/li>\n<li>Nucleon Flex Plus \u0161titnik za ramena i laktove razine 1. <\/li>\n<li>Spremno za Tech-Air\u00ae.<\/li>\n<\/ul>\n<p>&nbsp;<\/p>\n","protected":false},"excerpt":{"rendered":"<p>Jakna Viper Air v4 optimizirana je za vo\u017enju po toplom vremenu, dizajnirana za izvrsnu prozra\u010dnost i&#8230;<\/p>\n","protected":false},"featured_media":129364,"comment_status":"open","ping_status":"closed","template":"","meta":{"_acf_changed":false},"brand":[2748],"gender":[1313],"product_brand":[],"product_cat":[2759,1356,2761],"product_tag":[],"class_list":{"0":"post-129363","1":"product","2":"type-product","3":"status-publish","4":"has-post-thumbnail","6":"brand-alpinestars-hr","7":"gender-moski","8":"product_cat-jakne-hr","9":"product_cat-motociklisticka-oprema","10":"product_cat-tekstilne-jakne-hr","11":"pa_size-2xl-hr","12":"pa_size-3xl-hr","13":"pa_size-4xl-hr","14":"pa_size-l-hr","15":"pa_size-m-hr","16":"pa_size-s-hr","17":"pa_size-xl-hr","19":"first","20":"instock","21":"sale","22":"taxable","23":"shipping-taxable","24":"purchasable","25":"product-type-variable"},"acf":[],"_links":{"self":[{"href":"https:\/\/moto-oprema.com\/hr\/wp-json\/wp\/v2\/product\/129363","targetHints":{"allow":["GET"]}}],"collection":[{"href":"https:\/\/moto-oprema.com\/hr\/wp-json\/wp\/v2\/product"}],"about":[{"href":"https:\/\/moto-oprema.com\/hr\/wp-json\/wp\/v2\/types\/product"}],"replies":[{"embeddable":true,"href":"https:\/\/moto-oprema.com\/hr\/wp-json\/wp\/v2\/comments?post=129363"}],"wp:featuredmedia":[{"embeddable":true,"href":"https:\/\/moto-oprema.com\/hr\/wp-json\/wp\/v2\/media\/129364"}],"wp:attachment":[{"href":"https:\/\/moto-oprema.com\/hr\/wp-json\/wp\/v2\/media?parent=129363"}],"wp:term":[{"taxonomy":"brand","embeddable":true,"href":"https:\/\/moto-oprema.com\/hr\/wp-json\/wp\/v2\/brand?post=129363"},{"taxonomy":"gender","embeddable":true,"href":"https:\/\/moto-oprema.com\/hr\/wp-json\/wp\/v2\/gender?post=129363"},{"taxonomy":"product_brand","embeddable":true,"href":"https:\/\/moto-oprema.com\/hr\/wp-json\/wp\/v2\/product_brand?post=129363"},{"taxonomy":"product_cat","embeddable":true,"href":"https:\/\/moto-oprema.com\/hr\/wp-json\/wp\/v2\/product_cat?post=129363"},{"taxonomy":"product_tag","embeddable":true,"href":"https:\/\/moto-oprema.com\/hr\/wp-json\/wp\/v2\/product_tag?post=129363"}],"curies":[{"name":"wp","href":"https:\/\/api.w.org\/{rel}","templated":true}]}}