{"id":129308,"date":"2025-03-13T11:05:43","date_gmt":"2025-03-13T11:05:43","guid":{"rendered":"https:\/\/moto-oprema.com\/Artikel\/alpinestars-stella-chrome-v2-sportska-majica-s-kapuljacom-plavo-ljubicasta-bijela\/"},"modified":"2025-03-13T11:05:43","modified_gmt":"2025-03-13T11:05:43","slug":"alpinestars-stella-chrome-v2-sportska-majica-s-kapuljacom-plavo-ljubicasta-bijela","status":"publish","type":"product","link":"https:\/\/moto-oprema.com\/hr\/Artikel\/alpinestars-stella-chrome-v2-sportska-majica-s-kapuljacom-plavo-ljubicasta-bijela\/","title":{"rendered":"ALPINESTARS STELLA CHROME V2 SPORTSKA MAJICA S KAPULJA\u010cOM PLAVO-LJUBI\u010cASTA BIJELA"},"content":{"rendered":"<p>Dizajnirana za grad i vo\u017enju na posao, lagana sportska majica s kapulja\u010dom Stella Chrome v2 ima aramidna oja\u010danja na ramenima i laktovima za izvrsnu otpornost na habanje, a istovremeno izgleda sjajno na biciklu i izvan njega. Tako\u0111er ima Nucleon Flex Plus \u0161titnike na ramenima i laktovima za vrhunsku za\u0161titu od udara. <\/p>\n<p>Zna\u010dajke:<\/p>\n<ul>\n<li>Glavna konstrukcija izra\u0111ena od tehni\u010dkog flisa za optimalnu kombinaciju izdr\u017eljivosti, udobnosti i male te\u017eine.<\/li>\n<li>Aramidne oja\u010daju\u0107e plo\u010de na laktovima i ramenima za u\u010dinkovitu za\u0161titu od ogrebotina i udaraca.<\/li>\n<li>Dva d\u017eepa za ruke s patentnim zatvara\u010dem za sigurno i za\u0161ti\u0107eno spremanje osnovnih stvari.<\/li>\n<li>Jedan vodootporni d\u017eep za dodatnu za\u0161titu od vlage i ki\u0161e.<\/li>\n<\/ul>\n<p>Za\u0161tita<\/p>\n<ul>\n<li>CE certifikat klase A.<\/li>\n<li>Nucleon Flex Plus za\u0161tita za ramena i laktove razine 1. <\/li>\n<li>Spremno za Tech-Air\u00ae.<\/li>\n<\/ul>\n<p>Sastav sirovine: 99% POLIESTER, 1% ELASTAN.<\/p>\n","protected":false},"excerpt":{"rendered":"<p>Dizajnirana za grad i vo\u017enju na posao, lagana sportska majica s kapulja\u010dom Stella Chrome v2 ima&#8230;<\/p>\n","protected":false},"featured_media":129303,"comment_status":"open","ping_status":"closed","template":"","meta":{"_acf_changed":false},"brand":[2748],"gender":[1314],"product_brand":[],"product_cat":[2759,1356,2761],"product_tag":[],"class_list":{"0":"post-129308","1":"product","2":"type-product","3":"status-publish","4":"has-post-thumbnail","6":"brand-alpinestars-hr","7":"gender-zenska","8":"product_cat-jakne-hr","9":"product_cat-motociklisticka-oprema","10":"product_cat-tekstilne-jakne-hr","11":"pa_size-2xl-hr","12":"pa_size-l-hr","13":"pa_size-m-hr","14":"pa_size-s-hr","15":"pa_size-xl-hr","16":"pa_size-xs-hr","18":"first","19":"onbackorder","20":"sale","21":"taxable","22":"shipping-taxable","23":"purchasable","24":"product-type-variable"},"acf":[],"_links":{"self":[{"href":"https:\/\/moto-oprema.com\/hr\/wp-json\/wp\/v2\/product\/129308","targetHints":{"allow":["GET"]}}],"collection":[{"href":"https:\/\/moto-oprema.com\/hr\/wp-json\/wp\/v2\/product"}],"about":[{"href":"https:\/\/moto-oprema.com\/hr\/wp-json\/wp\/v2\/types\/product"}],"replies":[{"embeddable":true,"href":"https:\/\/moto-oprema.com\/hr\/wp-json\/wp\/v2\/comments?post=129308"}],"wp:featuredmedia":[{"embeddable":true,"href":"https:\/\/moto-oprema.com\/hr\/wp-json\/wp\/v2\/media\/129303"}],"wp:attachment":[{"href":"https:\/\/moto-oprema.com\/hr\/wp-json\/wp\/v2\/media?parent=129308"}],"wp:term":[{"taxonomy":"brand","embeddable":true,"href":"https:\/\/moto-oprema.com\/hr\/wp-json\/wp\/v2\/brand?post=129308"},{"taxonomy":"gender","embeddable":true,"href":"https:\/\/moto-oprema.com\/hr\/wp-json\/wp\/v2\/gender?post=129308"},{"taxonomy":"product_brand","embeddable":true,"href":"https:\/\/moto-oprema.com\/hr\/wp-json\/wp\/v2\/product_brand?post=129308"},{"taxonomy":"product_cat","embeddable":true,"href":"https:\/\/moto-oprema.com\/hr\/wp-json\/wp\/v2\/product_cat?post=129308"},{"taxonomy":"product_tag","embeddable":true,"href":"https:\/\/moto-oprema.com\/hr\/wp-json\/wp\/v2\/product_tag?post=129308"}],"curies":[{"name":"wp","href":"https:\/\/api.w.org\/{rel}","templated":true}]}}