{"id":129293,"date":"2025-03-13T11:35:41","date_gmt":"2025-03-13T11:35:41","guid":{"rendered":"https:\/\/moto-oprema.com\/Artikel\/alpinestars-kromirana-majica-s-kapuljacom-air-sport-siva-vrijesna-crna\/"},"modified":"2025-03-13T11:35:41","modified_gmt":"2025-03-13T11:35:41","slug":"alpinestars-kromirana-majica-s-kapuljacom-air-sport-siva-vrijesna-crna","status":"publish","type":"product","link":"https:\/\/moto-oprema.com\/hr\/Artikel\/alpinestars-kromirana-majica-s-kapuljacom-air-sport-siva-vrijesna-crna\/","title":{"rendered":"ALPINESTARS KROMIRANA MAJICA S KAPULJA\u010cOM AIR SPORT SIVA, VRIJE\u0160NA, CRNA"},"content":{"rendered":"<p>Lagana Chrome Air Sport majica s kapulja\u010dom dizajnirana je za grad i vo\u017enju na posao, konstruirana kako bi osigurala maksimalnu prozra\u010dnost i hla\u0111enje. S aramidnim oja\u010danjima na ramenima i laktovima, ova majica s kapulja\u010dom izuzetno je otporna na habanje, a istovremeno nudi elegantan, le\u017eeran stil koji se besprijekorno prilago\u0111ava vo\u017enji biciklom i svakodnevnom \u017eivotu. S Nucleon Flex Plus \u0161titnicima na ramenima i laktovima, Chrome Air Sport majice s kapulja\u010dom pru\u017eaju vrhunsku za\u0161titu od udaraca bez ugro\u017eavanja udobnosti ili mobilnosti.  <\/p>\n<p>Zna\u010dajke<\/p>\n<ul>\n<li>Chrome Air Sport Hoodie ima evoluirani kroj dizajniran za modernu atletsku siluetu, a istovremeno odr\u017eava pobolj\u0161anu razinu udobnosti i pristajanja.<\/li>\n<li>Optimizirano za udobnost i slobodu kretanja bez \u017ertvovanja stila ili performansi.<\/li>\n<li>Na bo\u010dnoj plo\u010di i ispod rukava strate\u0161ki je postavljena mre\u017eica za protok zraka kako bi se omogu\u0107io optimalan protok zraka.<\/li>\n<li>Prepuna funkcionalnih zna\u010dajki, uklju\u010duju\u0107i be\u0161avnu kapulja\u010du s kop\u010danjem na gumbe ovratnika koja \u010dvrsto dr\u017ei kapulja\u010du oko vrata tijekom vo\u017enje i pru\u017ea dodatnu za\u0161titu od vremenskih uvjeta.<\/li>\n<li>Stra\u017enja kop\u010da na kapulja\u010di dr\u017ei kapulja\u010du stabilnom kada se ne koristi i sprje\u010dava da lepr\u0161a na vjetru tijekom vo\u017enje.<\/li>\n<\/ul>\n","protected":false},"excerpt":{"rendered":"<p>Lagana Chrome Air Sport majica s kapulja\u010dom dizajnirana je za grad i vo\u017enju na posao, konstruirana&#8230;<\/p>\n","protected":false},"featured_media":129289,"comment_status":"open","ping_status":"closed","template":"","meta":{"_acf_changed":false},"brand":[2748],"gender":[1313],"product_brand":[],"product_cat":[2759,1356,2761],"product_tag":[],"class_list":{"0":"post-129293","1":"product","2":"type-product","3":"status-publish","4":"has-post-thumbnail","6":"brand-alpinestars-hr","7":"gender-moski","8":"product_cat-jakne-hr","9":"product_cat-motociklisticka-oprema","10":"product_cat-tekstilne-jakne-hr","11":"pa_size-2xl-hr","12":"pa_size-3xl-hr","13":"pa_size-4xl-hr","14":"pa_size-l-hr","15":"pa_size-m-hr","16":"pa_size-s-hr","17":"pa_size-xl-hr","19":"first","20":"instock","21":"sale","22":"taxable","23":"shipping-taxable","24":"purchasable","25":"product-type-variable"},"acf":[],"_links":{"self":[{"href":"https:\/\/moto-oprema.com\/hr\/wp-json\/wp\/v2\/product\/129293","targetHints":{"allow":["GET"]}}],"collection":[{"href":"https:\/\/moto-oprema.com\/hr\/wp-json\/wp\/v2\/product"}],"about":[{"href":"https:\/\/moto-oprema.com\/hr\/wp-json\/wp\/v2\/types\/product"}],"replies":[{"embeddable":true,"href":"https:\/\/moto-oprema.com\/hr\/wp-json\/wp\/v2\/comments?post=129293"}],"wp:featuredmedia":[{"embeddable":true,"href":"https:\/\/moto-oprema.com\/hr\/wp-json\/wp\/v2\/media\/129289"}],"wp:attachment":[{"href":"https:\/\/moto-oprema.com\/hr\/wp-json\/wp\/v2\/media?parent=129293"}],"wp:term":[{"taxonomy":"brand","embeddable":true,"href":"https:\/\/moto-oprema.com\/hr\/wp-json\/wp\/v2\/brand?post=129293"},{"taxonomy":"gender","embeddable":true,"href":"https:\/\/moto-oprema.com\/hr\/wp-json\/wp\/v2\/gender?post=129293"},{"taxonomy":"product_brand","embeddable":true,"href":"https:\/\/moto-oprema.com\/hr\/wp-json\/wp\/v2\/product_brand?post=129293"},{"taxonomy":"product_cat","embeddable":true,"href":"https:\/\/moto-oprema.com\/hr\/wp-json\/wp\/v2\/product_cat?post=129293"},{"taxonomy":"product_tag","embeddable":true,"href":"https:\/\/moto-oprema.com\/hr\/wp-json\/wp\/v2\/product_tag?post=129293"}],"curies":[{"name":"wp","href":"https:\/\/api.w.org\/{rel}","templated":true}]}}