{"id":129257,"date":"2025-03-13T11:14:55","date_gmt":"2025-03-13T11:14:55","guid":{"rendered":"https:\/\/moto-oprema.com\/Artikel\/alpinestars-city-hunter-v2-ruksak-crno-bijeli\/"},"modified":"2025-03-13T11:14:55","modified_gmt":"2025-03-13T11:14:55","slug":"alpinestars-city-hunter-v2-ruksak-crno-bijeli","status":"publish","type":"product","link":"https:\/\/moto-oprema.com\/hr\/Artikel\/alpinestars-city-hunter-v2-ruksak-crno-bijeli\/","title":{"rendered":"ALPINESTARS CITY HUNTER V2 RUKSAK CRNO-BIJELI"},"content":{"rendered":"<p>Dizajniran za vrhunsku udobnost i uravnote\u017eenu raspodjelu optere\u0107enja, ruksak City Hunter v2 idealan je suputnik za gradske voza\u010de. Njegov su\u017eeni profil dizajniran je za rad s gravitacijom, dr\u017ee\u0107i ruksak blizu voza\u010devih le\u0111a za optimalnu stabilnost i ravnote\u017eu tijekom vo\u017enje. <\/p>\n<p>Zna\u010dajke<\/p>\n<p>Nova konfiguracija podloge za le\u0111a i potpune 3D zra\u010dne mre\u017easte naramenice pru\u017eaju optimalnu cirkulaciju zraka i ventilaciju za ve\u0107u udobnost.<br \/>\n Veliki vanjski bo\u010dni d\u017eepovi i unutarnji d\u017eepovi s organizatorima pru\u017eaju dovoljno prostora za pohranu osnovnih stvari kako bi im se lako moglo pristupiti u pokretu.<br \/>\n Sustav pri\u010dvr\u0161\u0107ivanja za ki\u0161nu navlaku pove\u0107ava vodootpornost.<br \/>\n Sustav brzog otpu\u0161tanja kop\u010de za sigurno zatvaranje i jednostavnu upotrebu.<\/p>\n<p>Sastav sirovine: 64% poliamid, 36% poliester<\/p>\n","protected":false},"excerpt":{"rendered":"<p>Alpinestars City Hunter ruksak ima aerodinami\u010dni profil i novi inovativni sustav no\u0161enja tereta.<\/p>\n","protected":false},"featured_media":129253,"comment_status":"open","ping_status":"closed","template":"","meta":{"_acf_changed":false},"brand":[2748],"gender":[2172],"product_brand":[],"product_cat":[2729,2755],"product_tag":[],"class_list":{"0":"post-129257","1":"product","2":"type-product","3":"status-publish","4":"has-post-thumbnail","6":"brand-alpinestars-hr","7":"gender-unisex-hr","8":"product_cat-pribor","9":"product_cat-ruksaci-i-torbe-za-noge","11":"first","12":"instock","13":"sale","14":"taxable","15":"shipping-taxable","16":"purchasable","17":"product-type-simple"},"acf":[],"_links":{"self":[{"href":"https:\/\/moto-oprema.com\/hr\/wp-json\/wp\/v2\/product\/129257","targetHints":{"allow":["GET"]}}],"collection":[{"href":"https:\/\/moto-oprema.com\/hr\/wp-json\/wp\/v2\/product"}],"about":[{"href":"https:\/\/moto-oprema.com\/hr\/wp-json\/wp\/v2\/types\/product"}],"replies":[{"embeddable":true,"href":"https:\/\/moto-oprema.com\/hr\/wp-json\/wp\/v2\/comments?post=129257"}],"wp:featuredmedia":[{"embeddable":true,"href":"https:\/\/moto-oprema.com\/hr\/wp-json\/wp\/v2\/media\/129253"}],"wp:attachment":[{"href":"https:\/\/moto-oprema.com\/hr\/wp-json\/wp\/v2\/media?parent=129257"}],"wp:term":[{"taxonomy":"brand","embeddable":true,"href":"https:\/\/moto-oprema.com\/hr\/wp-json\/wp\/v2\/brand?post=129257"},{"taxonomy":"gender","embeddable":true,"href":"https:\/\/moto-oprema.com\/hr\/wp-json\/wp\/v2\/gender?post=129257"},{"taxonomy":"product_brand","embeddable":true,"href":"https:\/\/moto-oprema.com\/hr\/wp-json\/wp\/v2\/product_brand?post=129257"},{"taxonomy":"product_cat","embeddable":true,"href":"https:\/\/moto-oprema.com\/hr\/wp-json\/wp\/v2\/product_cat?post=129257"},{"taxonomy":"product_tag","embeddable":true,"href":"https:\/\/moto-oprema.com\/hr\/wp-json\/wp\/v2\/product_tag?post=129257"}],"curies":[{"name":"wp","href":"https:\/\/api.w.org\/{rel}","templated":true}]}}