{"id":129246,"date":"2025-03-13T09:47:16","date_gmt":"2025-03-13T09:47:16","guid":{"rendered":"https:\/\/moto-oprema.com\/Artikel\/alpinestars-stella-t-sps-v2-air-jakna-crna-ruzicasta\/"},"modified":"2025-03-13T09:47:16","modified_gmt":"2025-03-13T09:47:16","slug":"alpinestars-stella-t-sps-v2-air-jakna-crna-ruzicasta","status":"publish","type":"product","link":"https:\/\/moto-oprema.com\/hr\/Artikel\/alpinestars-stella-t-sps-v2-air-jakna-crna-ruzicasta\/","title":{"rendered":"ALPINESTARS STELLA T-SPS V2 AIR JAKNA CRNA RU\u017dI\u010cASTA"},"content":{"rendered":"<div id=\"tw-target-text-container\" class=\"tw-ta-container tw-nfl\">\n<p>Svestrana Stella T-SPS Air v2 Air jakna opremljena je otvorima za zrak i velikim mre\u017eastim panelima na prsima, le\u0111ima i rukama, \u0161to je \u010dini idealnom za razne vremenske uvjete. S dizajnom orijentiranim na performanse i vrhunskom Nucleon Flex Plus za\u0161titom na ramenima i laktovima, Stella T-SPS Air v2 jakna idealna je za vo\u017enju po gradu. <\/p>\n<p>Zna\u010dajke<\/p>\n<ul>\n<li>Anatomski oblikovan za optimalno pristajanje, prilago\u0111en \u017eenama.<\/li>\n<li>Strate\u0161ki perforirano zonsko 600D punjenje omogu\u0107uje prolaz zraka kroz glavnu \u0161koljku, poti\u010du\u0107i prozra\u010dnost i ventilaciju.<\/li>\n<li>Tehnolo\u0161ka mre\u017easta podstava dizajnirana je kako bi osigurala maksimalan protok zraka na gornjem dijelu tijela, osiguravaju\u0107i optimalno hla\u0111enje, posebno na naked biciklima.<\/li>\n<li>Unutarnja oja\u010danja strate\u0161ki su postavljena na najizlo\u017eenijim podru\u010djima, osiguravaju\u0107i maksimalnu izdr\u017eljivost i za\u0161titu od habanja.<\/li>\n<li>Sportski kroj s ergonomskim panelima i 2D-tech mre\u017eastom konstrukcijom za pove\u0107anu udobnost i pokretljivost.<\/li>\n<\/ul>\n<p>&#8211; Klasa A.<\/p>\n<p>Sastav sirovine<\/p>\n<p>100% poliester<\/p>\n<\/div>\n<div id=\"z6maec\" class=\"tw-ta-container tw-nfl\"><\/div>\n","protected":false},"excerpt":{"rendered":"<p>Boja: crno-ru\u017ei\u010dasta<\/p>\n","protected":false},"featured_media":129249,"comment_status":"open","ping_status":"closed","template":"","meta":{"_acf_changed":false},"brand":[2748],"gender":[1314],"product_brand":[],"product_cat":[2759,1356,2761],"product_tag":[],"class_list":{"0":"post-129246","1":"product","2":"type-product","3":"status-publish","4":"has-post-thumbnail","6":"brand-alpinestars-hr","7":"gender-zenska","8":"product_cat-jakne-hr","9":"product_cat-motociklisticka-oprema","10":"product_cat-tekstilne-jakne-hr","11":"pa_size-2xl-hr","12":"pa_size-3xl-hr","13":"pa_size-l-hr","14":"pa_size-m-hr","15":"pa_size-s-hr","16":"pa_size-xl-hr","17":"pa_size-xs-hr","19":"first","20":"instock","21":"sale","22":"taxable","23":"shipping-taxable","24":"purchasable","25":"product-type-variable"},"acf":[],"_links":{"self":[{"href":"https:\/\/moto-oprema.com\/hr\/wp-json\/wp\/v2\/product\/129246","targetHints":{"allow":["GET"]}}],"collection":[{"href":"https:\/\/moto-oprema.com\/hr\/wp-json\/wp\/v2\/product"}],"about":[{"href":"https:\/\/moto-oprema.com\/hr\/wp-json\/wp\/v2\/types\/product"}],"replies":[{"embeddable":true,"href":"https:\/\/moto-oprema.com\/hr\/wp-json\/wp\/v2\/comments?post=129246"}],"wp:featuredmedia":[{"embeddable":true,"href":"https:\/\/moto-oprema.com\/hr\/wp-json\/wp\/v2\/media\/129249"}],"wp:attachment":[{"href":"https:\/\/moto-oprema.com\/hr\/wp-json\/wp\/v2\/media?parent=129246"}],"wp:term":[{"taxonomy":"brand","embeddable":true,"href":"https:\/\/moto-oprema.com\/hr\/wp-json\/wp\/v2\/brand?post=129246"},{"taxonomy":"gender","embeddable":true,"href":"https:\/\/moto-oprema.com\/hr\/wp-json\/wp\/v2\/gender?post=129246"},{"taxonomy":"product_brand","embeddable":true,"href":"https:\/\/moto-oprema.com\/hr\/wp-json\/wp\/v2\/product_brand?post=129246"},{"taxonomy":"product_cat","embeddable":true,"href":"https:\/\/moto-oprema.com\/hr\/wp-json\/wp\/v2\/product_cat?post=129246"},{"taxonomy":"product_tag","embeddable":true,"href":"https:\/\/moto-oprema.com\/hr\/wp-json\/wp\/v2\/product_tag?post=129246"}],"curies":[{"name":"wp","href":"https:\/\/api.w.org\/{rel}","templated":true}]}}