{"id":129232,"date":"2025-04-25T10:13:37","date_gmt":"2025-04-25T10:13:37","guid":{"rendered":"https:\/\/moto-oprema.com\/Artikel\/spidi-x-gt-rukavice-crne-fluorescentno-zute\/"},"modified":"2025-04-25T10:13:37","modified_gmt":"2025-04-25T10:13:37","slug":"spidi-x-gt-rukavice-crne-fluorescentno-zute","status":"publish","type":"product","link":"https:\/\/moto-oprema.com\/hr\/Artikel\/spidi-x-gt-rukavice-crne-fluorescentno-zute\/","title":{"rendered":"SPIDI X-GT RUKAVICE CRNE FLUORESCENTNO \u017dUTE"},"content":{"rendered":"<p>Motociklisti\u010dke rukavice Spidi X-GT nisu samo elegantne, ve\u0107 imaju i korisne zna\u010dajke. Neoprenska tkanina je elasti\u010dna, udobna i vodootporna, a \u0161titnici za zglobove pru\u017eaju dovoljnu za\u0161titu. Tako\u0111er imaju patentni zatvara\u010d za osobe s ja\u010dim zglobovima i olak\u0161avaju ih obla\u010denje.  <\/p>\n<p>Zna\u010dajke:<\/p>\n<ul>\n<li>podloga na dlanu<\/li>\n<li>jastu\u010di\u0107 na stra\u017enjoj strani dlana<\/li>\n<li>podstava na vanjskoj strani dlana<\/li>\n<li>ventilacija<\/li>\n<li>Umetci za prste kompatibilni s zaslonom osjetljivim na dodir<\/li>\n<li>rastezljivost u obliku harmonike<\/li>\n<li>vrlo otporna velur mikrofibra<\/li>\n<li>rastezljiva tkanina\/rastezljiva<\/li>\n<li>perforirana mre\u017easta tkanina<\/li>\n<li>Neoprenska tkanina: elasti\u010dna, udobna i vodootporna<\/li>\n<li>poliuretanski \u0161tit s promjenjivom gusto\u0107om i funkcijom apsorpcije udara<br \/>\n Tehni\u010dki podaci:<\/li>\n<\/ul>\n<p>Koze debljine 0,6\/0,8 mm, visoki rezultat prianjanja<br \/>\n prosje\u010dna te\u017eina 0,1 kg<br \/>\n Za\u0161titne rukavice za motocikliste OZO prema normi EN 13594:2015 sa \u0161titnicima za zglobove razine 1<br \/>\n Za\u0161titna odje\u0107a za motocikliste (UE) 2016\/454<\/p>\n","protected":false},"excerpt":{"rendered":"<p>Motociklisti\u010dke rukavice Spidi X-GT nisu samo elegantne, ve\u0107 imaju i korisne zna\u010dajke. Neoprenska tkanina je elasti\u010dna,&#8230;<\/p>\n","protected":false},"featured_media":84452,"comment_status":"open","ping_status":"closed","template":"","meta":{"_acf_changed":false},"brand":[2732],"gender":[1313],"product_brand":[],"product_cat":[2835,1356,2816,2822],"product_tag":[],"class_list":{"0":"post-129232","1":"product","2":"type-product","3":"status-publish","4":"has-post-thumbnail","6":"brand-spidi-hr","7":"gender-moski","8":"product_cat-kozne-rukavice","9":"product_cat-motociklisticka-oprema","10":"product_cat-rukavice","11":"product_cat-tekstilne-rukavice","12":"pa_velikost-rokovice-l-hr","13":"pa_velikost-rokovice-m-hr","14":"pa_velikost-rokovice-s-hr","15":"pa_velikost-rokovice-xl-hr","16":"pa_velikost-rokovice-xxl-hr","17":"pa_velikost-rokovice-xxxl-hr","19":"first","20":"instock","21":"sale","22":"taxable","23":"shipping-taxable","24":"purchasable","25":"product-type-variable"},"acf":[],"_links":{"self":[{"href":"https:\/\/moto-oprema.com\/hr\/wp-json\/wp\/v2\/product\/129232","targetHints":{"allow":["GET"]}}],"collection":[{"href":"https:\/\/moto-oprema.com\/hr\/wp-json\/wp\/v2\/product"}],"about":[{"href":"https:\/\/moto-oprema.com\/hr\/wp-json\/wp\/v2\/types\/product"}],"replies":[{"embeddable":true,"href":"https:\/\/moto-oprema.com\/hr\/wp-json\/wp\/v2\/comments?post=129232"}],"wp:featuredmedia":[{"embeddable":true,"href":"https:\/\/moto-oprema.com\/hr\/wp-json\/wp\/v2\/media\/84452"}],"wp:attachment":[{"href":"https:\/\/moto-oprema.com\/hr\/wp-json\/wp\/v2\/media?parent=129232"}],"wp:term":[{"taxonomy":"brand","embeddable":true,"href":"https:\/\/moto-oprema.com\/hr\/wp-json\/wp\/v2\/brand?post=129232"},{"taxonomy":"gender","embeddable":true,"href":"https:\/\/moto-oprema.com\/hr\/wp-json\/wp\/v2\/gender?post=129232"},{"taxonomy":"product_brand","embeddable":true,"href":"https:\/\/moto-oprema.com\/hr\/wp-json\/wp\/v2\/product_brand?post=129232"},{"taxonomy":"product_cat","embeddable":true,"href":"https:\/\/moto-oprema.com\/hr\/wp-json\/wp\/v2\/product_cat?post=129232"},{"taxonomy":"product_tag","embeddable":true,"href":"https:\/\/moto-oprema.com\/hr\/wp-json\/wp\/v2\/product_tag?post=129232"}],"curies":[{"name":"wp","href":"https:\/\/api.w.org\/{rel}","templated":true}]}}