{"id":129223,"date":"2025-04-25T08:24:25","date_gmt":"2025-04-25T08:24:25","guid":{"rendered":"https:\/\/moto-oprema.com\/Artikel\/spidi-super-net-tekstilna-jakna-crna\/"},"modified":"2025-04-25T08:24:25","modified_gmt":"2025-04-25T08:24:25","slug":"spidi-super-net-tekstilna-jakna-crna","status":"publish","type":"product","link":"https:\/\/moto-oprema.com\/hr\/Artikel\/spidi-super-net-tekstilna-jakna-crna\/","title":{"rendered":"SPIDI SUPER NET TEKSTILNA JAKNA CRNA"},"content":{"rendered":"<p>SPIDI Super Net je lagana jakna sigurnosne klase A koja pru\u017ea za\u0161titu i ventilaciju prilikom vo\u017enje u ekstremno vru\u0107im uvjetima.<br \/>\n Opremljena je SPIDI-jevom patentiranom STEP-INARMOR tehnologijom, tako da se mo\u017ee nositi kao samostalna mre\u017easta jakna ili ispod bilo kojeg drugog sloja s istom tehnologijom.<br \/>\n Super Net jakna izra\u0111ena je od visoko\u010dvrste poliesterske mre\u017ee u kombinaciji s elasti\u010dnim dijelovima tkanine i ima CE certifikat prema EN 17092-4:2020, te je opremljena \u0161titnicima razine 1 na ramenima i laktovima, koji imaju CE certifikat prema EN 1621-1:2012. Za one koji \u017eele apsolutno maksimalnu za\u0161titu, jakna ima dodatke za \u0161titnike za le\u0111a i prsa, koji su dostupni zasebno. Ovaj sloj mo\u017ee se spojiti s drugim toplinskim i vodootpornim slojevima u vi\u0161e kombinacija putem glavnog patentnog zatvara\u010da i petlji; tako\u0111er se mo\u017ee koristiti ispod bilo koje zasebne tvrde ili mekane ljuske.<\/p>\n","protected":false},"excerpt":{"rendered":"<p>SPIDI Super Net je lagana jakna sigurnosne klase A koja pru\u017ea za\u0161titu i ventilaciju prilikom vo\u017enje&#8230;<\/p>\n","protected":false},"featured_media":83741,"comment_status":"open","ping_status":"closed","template":"","meta":{"_acf_changed":false},"brand":[2732],"gender":[1313],"product_brand":[],"product_cat":[2759,1356,2761],"product_tag":[],"class_list":{"0":"post-129223","1":"product","2":"type-product","3":"status-publish","4":"has-post-thumbnail","6":"brand-spidi-hr","7":"gender-moski","8":"product_cat-jakne-hr","9":"product_cat-motociklisticka-oprema","10":"product_cat-tekstilne-jakne-hr","11":"pa_size-2xl-hr","12":"pa_size-3xl-hr","13":"pa_size-4xl-hr","14":"pa_size-5xl-hr","15":"pa_size-l-hr","16":"pa_size-m-hr","17":"pa_size-s-hr","18":"pa_size-xl-hr","20":"first","21":"instock","22":"sale","23":"taxable","24":"shipping-taxable","25":"purchasable","26":"product-type-variable"},"acf":[],"_links":{"self":[{"href":"https:\/\/moto-oprema.com\/hr\/wp-json\/wp\/v2\/product\/129223","targetHints":{"allow":["GET"]}}],"collection":[{"href":"https:\/\/moto-oprema.com\/hr\/wp-json\/wp\/v2\/product"}],"about":[{"href":"https:\/\/moto-oprema.com\/hr\/wp-json\/wp\/v2\/types\/product"}],"replies":[{"embeddable":true,"href":"https:\/\/moto-oprema.com\/hr\/wp-json\/wp\/v2\/comments?post=129223"}],"wp:featuredmedia":[{"embeddable":true,"href":"https:\/\/moto-oprema.com\/hr\/wp-json\/wp\/v2\/media\/83741"}],"wp:attachment":[{"href":"https:\/\/moto-oprema.com\/hr\/wp-json\/wp\/v2\/media?parent=129223"}],"wp:term":[{"taxonomy":"brand","embeddable":true,"href":"https:\/\/moto-oprema.com\/hr\/wp-json\/wp\/v2\/brand?post=129223"},{"taxonomy":"gender","embeddable":true,"href":"https:\/\/moto-oprema.com\/hr\/wp-json\/wp\/v2\/gender?post=129223"},{"taxonomy":"product_brand","embeddable":true,"href":"https:\/\/moto-oprema.com\/hr\/wp-json\/wp\/v2\/product_brand?post=129223"},{"taxonomy":"product_cat","embeddable":true,"href":"https:\/\/moto-oprema.com\/hr\/wp-json\/wp\/v2\/product_cat?post=129223"},{"taxonomy":"product_tag","embeddable":true,"href":"https:\/\/moto-oprema.com\/hr\/wp-json\/wp\/v2\/product_tag?post=129223"}],"curies":[{"name":"wp","href":"https:\/\/api.w.org\/{rel}","templated":true}]}}