{"id":129216,"date":"2025-04-25T07:42:35","date_gmt":"2025-04-25T07:42:35","guid":{"rendered":"https:\/\/moto-oprema.com\/Artikel\/dainese-fiero-metalne-kozne-rukavice-crne-lava-crvene\/"},"modified":"2025-04-25T07:42:35","modified_gmt":"2025-04-25T07:42:35","slug":"dainese-fiero-metalne-kozne-rukavice-crne-lava-crvene","status":"publish","type":"product","link":"https:\/\/moto-oprema.com\/hr\/Artikel\/dainese-fiero-metalne-kozne-rukavice-crne-lava-crvene\/","title":{"rendered":"DAINESE FIERO METALNE KO\u017dNE RUKAVICE CRNE LAVA CRVENE"},"content":{"rendered":"<div class=\"tabs-panels\">\n<p>Dainese Fiero Metal rukavice Crne \/ Lava Crvene \/ Bijele. Rukavice s dugim man\u017eetama i vrlo sportskim dizajnom. U potpunosti izra\u0111ene od kozje ko\u017ee, \u0161to jam\u010di visoku otpornost na habanje, s malim perforacijama na unutarnjoj strani prstiju. Uklju\u010duju PU za\u0161titu na zglobovima i termoplasti\u010dnu za\u0161titu na strani malog prsta, kao i razna oja\u010danja koja osiguravaju maksimalnu sigurnost. Imaju DCP sustav za kontrolu deformacija u podru\u010dju malog prsta.    <\/p>\n<p>Zna\u010dajke:<\/p>\n<ul>\n<li>Izra\u0111ena je od vrlo izdr\u017eljive mekane kozje ko\u017ee.<\/li>\n<li>Perforacija na unutarnjoj strani prstiju.<\/li>\n<li>Ergonomska PU za\u0161tita u podru\u010dju zglobova za ve\u0107u sigurnost u slu\u010daju udara.<\/li>\n<li>Vanjska termoplasti\u010dna za\u0161tita sa strane malog prsta.<\/li>\n<li>Ko\u017ena oja\u010danja sa strane ruke za ve\u0107u otpornost na habanje.<\/li>\n<li>TPU kapice za dodatnu za\u0161titu prstiju.<\/li>\n<li>DCP sustav na malom prstu za optimalnu kontrolu deformacije i sprje\u010davanje ozbiljnih ozljeda.<\/li>\n<li>Umetci izra\u0111eni od elasti\u010dnog materijala za bolju pokretljivost.<\/li>\n<li>Prethodno zakrivljeni dizajn za smanjenje umora u voza\u010dkom polo\u017eaju.<\/li>\n<li>Proizvod bez PFAS kemikalija.<\/li>\n<li>Podesivo zatvaranje s \u010di\u010dak trakama.<\/li>\n<li>Odobrenje: EN 13594, razina 1.<\/li>\n<\/ul>\n<p>&nbsp;<\/p>\n<\/div>\n","protected":false},"excerpt":{"rendered":"<p>Dainese Fiero Metal rukavice Crne \/ Lava Crvene \/ Bijele. Rukavice s dugim man\u017eetama i vrlo&#8230;<\/p>\n","protected":false},"featured_media":83654,"comment_status":"open","ping_status":"closed","template":"","meta":{"_acf_changed":false},"brand":[2800],"gender":[1313],"product_brand":[],"product_cat":[2835,1356,2816],"product_tag":[2862,2864,2863],"class_list":{"0":"post-129216","1":"product","2":"type-product","3":"status-publish","4":"has-post-thumbnail","6":"brand-dainese-hr","7":"gender-moski","8":"product_cat-kozne-rukavice","9":"product_cat-motociklisticka-oprema","10":"product_cat-rukavice","11":"product_tag-odjeca","12":"product_tag-rukavice","13":"product_tag-utrke","14":"pa_size-2xl-hr","15":"pa_size-3xl-hr","16":"pa_size-l-hr","17":"pa_size-m-hr","18":"pa_size-s-hr","19":"pa_size-xl-hr","21":"first","22":"instock","23":"taxable","24":"shipping-taxable","25":"purchasable","26":"product-type-variable"},"acf":[],"_links":{"self":[{"href":"https:\/\/moto-oprema.com\/hr\/wp-json\/wp\/v2\/product\/129216","targetHints":{"allow":["GET"]}}],"collection":[{"href":"https:\/\/moto-oprema.com\/hr\/wp-json\/wp\/v2\/product"}],"about":[{"href":"https:\/\/moto-oprema.com\/hr\/wp-json\/wp\/v2\/types\/product"}],"replies":[{"embeddable":true,"href":"https:\/\/moto-oprema.com\/hr\/wp-json\/wp\/v2\/comments?post=129216"}],"wp:featuredmedia":[{"embeddable":true,"href":"https:\/\/moto-oprema.com\/hr\/wp-json\/wp\/v2\/media\/83654"}],"wp:attachment":[{"href":"https:\/\/moto-oprema.com\/hr\/wp-json\/wp\/v2\/media?parent=129216"}],"wp:term":[{"taxonomy":"brand","embeddable":true,"href":"https:\/\/moto-oprema.com\/hr\/wp-json\/wp\/v2\/brand?post=129216"},{"taxonomy":"gender","embeddable":true,"href":"https:\/\/moto-oprema.com\/hr\/wp-json\/wp\/v2\/gender?post=129216"},{"taxonomy":"product_brand","embeddable":true,"href":"https:\/\/moto-oprema.com\/hr\/wp-json\/wp\/v2\/product_brand?post=129216"},{"taxonomy":"product_cat","embeddable":true,"href":"https:\/\/moto-oprema.com\/hr\/wp-json\/wp\/v2\/product_cat?post=129216"},{"taxonomy":"product_tag","embeddable":true,"href":"https:\/\/moto-oprema.com\/hr\/wp-json\/wp\/v2\/product_tag?post=129216"}],"curies":[{"name":"wp","href":"https:\/\/api.w.org\/{rel}","templated":true}]}}