{"id":129208,"date":"2025-04-24T09:28:46","date_gmt":"2025-04-24T09:28:46","guid":{"rendered":"https:\/\/moto-oprema.com\/Artikel\/shoei-pinlock-evo-za-vizir-cwr-f2-cwr-f2r\/"},"modified":"2025-04-24T09:28:46","modified_gmt":"2025-04-24T09:28:46","slug":"shoei-pinlock-evo-za-vizir-cwr-f2-cwr-f2r","status":"publish","type":"product","link":"https:\/\/moto-oprema.com\/hr\/Artikel\/shoei-pinlock-evo-za-vizir-cwr-f2-cwr-f2r\/","title":{"rendered":"SHOEI PINLOCK EVO ZA VIZIR CWR-F2\/CWR-F2R"},"content":{"rendered":"<p>PINLOCK EVO le\u0107a protiv zamagljivanja, prozirna.<\/p>\n<p>Silikonska brtva izme\u0111u PINLOCK EVO le\u0107e protiv zamagljivanja i vizira kacige stvara izolacijski sloj zraka koji sprje\u010dava zamagljivanje vizira.<\/p>\n<p>Pogodno za vizire tipa CWR-F2 i CWR-F2R<\/p>\n<p>Kompatibilno s kacigom<\/p>\n<ul>\n<li>NXR2<\/li>\n<li>X-SPR PRO<\/li>\n<\/ul>\n","protected":false},"excerpt":{"rendered":"","protected":false},"featured_media":83358,"comment_status":"open","ping_status":"closed","template":"","meta":{"_acf_changed":false},"brand":[2765],"gender":[],"product_brand":[],"product_cat":[1358,1356,2827],"product_tag":[],"class_list":{"0":"post-129208","1":"product","2":"type-product","3":"status-publish","4":"has-post-thumbnail","6":"brand-shoei-hr","7":"product_cat-kacige","8":"product_cat-motociklisticka-oprema","9":"product_cat-pribor-za-kacigu","11":"first","12":"instock","13":"taxable","14":"shipping-taxable","15":"purchasable","16":"product-type-simple"},"acf":[],"_links":{"self":[{"href":"https:\/\/moto-oprema.com\/hr\/wp-json\/wp\/v2\/product\/129208","targetHints":{"allow":["GET"]}}],"collection":[{"href":"https:\/\/moto-oprema.com\/hr\/wp-json\/wp\/v2\/product"}],"about":[{"href":"https:\/\/moto-oprema.com\/hr\/wp-json\/wp\/v2\/types\/product"}],"replies":[{"embeddable":true,"href":"https:\/\/moto-oprema.com\/hr\/wp-json\/wp\/v2\/comments?post=129208"}],"wp:featuredmedia":[{"embeddable":true,"href":"https:\/\/moto-oprema.com\/hr\/wp-json\/wp\/v2\/media\/83358"}],"wp:attachment":[{"href":"https:\/\/moto-oprema.com\/hr\/wp-json\/wp\/v2\/media?parent=129208"}],"wp:term":[{"taxonomy":"brand","embeddable":true,"href":"https:\/\/moto-oprema.com\/hr\/wp-json\/wp\/v2\/brand?post=129208"},{"taxonomy":"gender","embeddable":true,"href":"https:\/\/moto-oprema.com\/hr\/wp-json\/wp\/v2\/gender?post=129208"},{"taxonomy":"product_brand","embeddable":true,"href":"https:\/\/moto-oprema.com\/hr\/wp-json\/wp\/v2\/product_brand?post=129208"},{"taxonomy":"product_cat","embeddable":true,"href":"https:\/\/moto-oprema.com\/hr\/wp-json\/wp\/v2\/product_cat?post=129208"},{"taxonomy":"product_tag","embeddable":true,"href":"https:\/\/moto-oprema.com\/hr\/wp-json\/wp\/v2\/product_tag?post=129208"}],"curies":[{"name":"wp","href":"https:\/\/api.w.org\/{rel}","templated":true}]}}