{"id":129204,"date":"2025-04-23T07:53:27","date_gmt":"2025-04-23T07:53:27","guid":{"rendered":"https:\/\/moto-oprema.com\/Artikel\/oakley-mx-naocale-airbrake-50-obljetnica\/"},"modified":"2025-04-23T07:53:27","modified_gmt":"2025-04-23T07:53:27","slug":"oakley-mx-naocale-airbrake-50-obljetnica","status":"publish","type":"product","link":"https:\/\/moto-oprema.com\/hr\/Artikel\/oakley-mx-naocale-airbrake-50-obljetnica\/","title":{"rendered":"OAKLEY MX NAO\u010cALE AIRBRAKE 50. OBLJETNICA"},"content":{"rendered":"<p>OAKLEY Airbrake nao\u010dale opremljene su visokokvalitetnim 24-karatnim le\u0107ama koje ne samo da izgledaju zapanjuju\u0107e, ve\u0107 pru\u017eaju i najbolju UV za\u0161titu. Poseban F3 sustav premaza protiv zamagljivanja osigurava jasan pogled bez obzira na zahtjevnost uvjeta. Kruti Exoskeleton okvir, zajedno s fleksibilnom O Matter prednjom plo\u010dom, osigurava savr\u0161eno pristajanje i udobnost, dizajniran za duge vo\u017enje i avanture. Osim toga, troslojna pjena za lice osigurava udobno pristajanje i pouzdano upija znoj.   <\/p>\n<p>7 najva\u017enijih prednosti OAKLEY Airbrake 50TH ANNIVERSARY nao\u010dala<br \/>\n Prvo ograni\u010deno izdanje za 50. obljetnicu Oakleyja.<br \/>\n 2. Pionirski dizajn s \u010distim Plutonite\u2122 materijalom le\u0107a za maksimalnu za\u0161titu.<br \/>\n 3. switchlock\u00ae tehnologija za brzu i jednostavnu izmjenu le\u0107a.<br \/>\n 4. 100% za\u0161tita od UVA\/UVB\/UVC zra\u010denja i \u0161tetnog plavog svjetla do 400 nm.<br \/>\n 5. F3 premaz protiv zamagljivanja za jasan vid u svim uvjetima.<br \/>\n 6. Kruti egzoskelet s fleksibilnom O Matter prednjom plo\u010dom za optimalnu udobnost.<br \/>\n 7. Dolazi s uklonjivim \u0161titnikom za nos i 7 laminiranih traka za otkidanje.<\/p>\n","protected":false},"excerpt":{"rendered":"<p>Okvir: 50. obljetnica Staklo: 24K iridij<\/p>\n","protected":false},"featured_media":83024,"comment_status":"open","ping_status":"closed","template":"","meta":{"_acf_changed":false},"brand":[2860],"gender":[2172],"product_brand":[],"product_cat":[1356,2861,2733],"product_tag":[],"class_list":{"0":"post-129204","1":"product","2":"type-product","3":"status-publish","4":"has-post-thumbnail","6":"brand-oakley-hr","7":"gender-unisex-hr","8":"product_cat-motociklisticka-oprema","9":"product_cat-mx-naocale","10":"product_cat-oprema-za-motokros","12":"first","13":"onbackorder","14":"sale","15":"taxable","16":"shipping-taxable","17":"purchasable","18":"product-type-simple"},"acf":[],"_links":{"self":[{"href":"https:\/\/moto-oprema.com\/hr\/wp-json\/wp\/v2\/product\/129204","targetHints":{"allow":["GET"]}}],"collection":[{"href":"https:\/\/moto-oprema.com\/hr\/wp-json\/wp\/v2\/product"}],"about":[{"href":"https:\/\/moto-oprema.com\/hr\/wp-json\/wp\/v2\/types\/product"}],"replies":[{"embeddable":true,"href":"https:\/\/moto-oprema.com\/hr\/wp-json\/wp\/v2\/comments?post=129204"}],"wp:featuredmedia":[{"embeddable":true,"href":"https:\/\/moto-oprema.com\/hr\/wp-json\/wp\/v2\/media\/83024"}],"wp:attachment":[{"href":"https:\/\/moto-oprema.com\/hr\/wp-json\/wp\/v2\/media?parent=129204"}],"wp:term":[{"taxonomy":"brand","embeddable":true,"href":"https:\/\/moto-oprema.com\/hr\/wp-json\/wp\/v2\/brand?post=129204"},{"taxonomy":"gender","embeddable":true,"href":"https:\/\/moto-oprema.com\/hr\/wp-json\/wp\/v2\/gender?post=129204"},{"taxonomy":"product_brand","embeddable":true,"href":"https:\/\/moto-oprema.com\/hr\/wp-json\/wp\/v2\/product_brand?post=129204"},{"taxonomy":"product_cat","embeddable":true,"href":"https:\/\/moto-oprema.com\/hr\/wp-json\/wp\/v2\/product_cat?post=129204"},{"taxonomy":"product_tag","embeddable":true,"href":"https:\/\/moto-oprema.com\/hr\/wp-json\/wp\/v2\/product_tag?post=129204"}],"curies":[{"name":"wp","href":"https:\/\/api.w.org\/{rel}","templated":true}]}}