{"id":129200,"date":"2025-04-23T07:40:14","date_gmt":"2025-04-23T07:40:14","guid":{"rendered":"https:\/\/moto-oprema.com\/Artikel\/oakley-mx-naocale-airbrake-chase-sexton\/"},"modified":"2025-04-23T07:40:14","modified_gmt":"2025-04-23T07:40:14","slug":"oakley-mx-naocale-airbrake-chase-sexton","status":"publish","type":"product","link":"https:\/\/moto-oprema.com\/hr\/Artikel\/oakley-mx-naocale-airbrake-chase-sexton\/","title":{"rendered":"OAKLEY MX NAO\u010cALE AIRBRAKE CHASE SEXTON"},"content":{"rendered":"<p>OAKLEY nao\u010dale s tehnologijom Airbrake pru\u017eaju nenadma\u0161nu sigurnost i performanse. Opremljene \u010distim Plutonite\u2122 le\u0107ama, pru\u017eaju otpornost na udarce koja se pokazala prakti\u010dki neuni\u0161tivom. Zahvaljuju\u0107i Switchlock\u2122 tehnologiji, le\u0107a se mo\u017ee brzo i jednostavno promijeniti, \u0161to omogu\u0107uje maksimalnu prilagodljivost promjenjivim vremenskim uvjetima. Opti\u010dki ispravna le\u0107a s F3 premazom protiv zamagljivanja osigurava jasan vid, dok \u0161iroko vidno polje i gotovo nevjerojatna udobnost no\u0161enja stavljaju svakog voza\u010da u sjenu.   <\/p>\n<p>Osim inovativnog dizajna i tehnolo\u0161kih prednosti, nao\u010dale nude brojne mogu\u0107nosti prilagodbe. Opremljene troslojnom pjenom koja odvodi znoj i podesivim remenom oblo\u017eenim silikonom, nao\u010dale osiguravaju sigurno prianjanje \u010dak i tijekom najte\u017eih utrka. Paket upotpunjuju vi\u0161ekratni jastu\u010di\u0107i za nos i mogu\u0107nost kompatibilnosti s raznim kacigama. OAKLEY Airbrake CHASE SEXTON Signature Series savr\u0161ene su za sve avanture na stazi i postavljaju nove standarde u stilu i funkcionalnosti.   <\/p>\n<p>Zna\u010dajke:<\/p>\n<ul>\n<li>PRIZM\u2122 tehnologija le\u0107a<\/li>\n<li>Plutonitna le\u0107a za visoke udarce s F3 premazom protiv zamagljivanja<\/li>\n<li>Tehnologija Switch-Lock objektiva za brzu i jednostavnu promjenu objektiva<\/li>\n<li>Sustav outriggera za uravnote\u017eeno pristajanje<\/li>\n<li>Polikarbonat brizgan pod ekstremnim tlakom za stvaranje precizne konture opti\u010dki ispravne geometrije<\/li>\n<\/ul>\n","protected":false},"excerpt":{"rendered":"<p>Okvir: Chase Sexton Signature Staklo: Prizm MX Sapphire<\/p>\n","protected":false},"featured_media":82986,"comment_status":"open","ping_status":"closed","template":"","meta":{"_acf_changed":false},"brand":[2860],"gender":[2172],"product_brand":[],"product_cat":[1356,2861,2733],"product_tag":[],"class_list":{"0":"post-129200","1":"product","2":"type-product","3":"status-publish","4":"has-post-thumbnail","6":"brand-oakley-hr","7":"gender-unisex-hr","8":"product_cat-motociklisticka-oprema","9":"product_cat-mx-naocale","10":"product_cat-oprema-za-motokros","12":"first","13":"onbackorder","14":"sale","15":"taxable","16":"shipping-taxable","17":"purchasable","18":"product-type-simple"},"acf":[],"_links":{"self":[{"href":"https:\/\/moto-oprema.com\/hr\/wp-json\/wp\/v2\/product\/129200","targetHints":{"allow":["GET"]}}],"collection":[{"href":"https:\/\/moto-oprema.com\/hr\/wp-json\/wp\/v2\/product"}],"about":[{"href":"https:\/\/moto-oprema.com\/hr\/wp-json\/wp\/v2\/types\/product"}],"replies":[{"embeddable":true,"href":"https:\/\/moto-oprema.com\/hr\/wp-json\/wp\/v2\/comments?post=129200"}],"wp:featuredmedia":[{"embeddable":true,"href":"https:\/\/moto-oprema.com\/hr\/wp-json\/wp\/v2\/media\/82986"}],"wp:attachment":[{"href":"https:\/\/moto-oprema.com\/hr\/wp-json\/wp\/v2\/media?parent=129200"}],"wp:term":[{"taxonomy":"brand","embeddable":true,"href":"https:\/\/moto-oprema.com\/hr\/wp-json\/wp\/v2\/brand?post=129200"},{"taxonomy":"gender","embeddable":true,"href":"https:\/\/moto-oprema.com\/hr\/wp-json\/wp\/v2\/gender?post=129200"},{"taxonomy":"product_brand","embeddable":true,"href":"https:\/\/moto-oprema.com\/hr\/wp-json\/wp\/v2\/product_brand?post=129200"},{"taxonomy":"product_cat","embeddable":true,"href":"https:\/\/moto-oprema.com\/hr\/wp-json\/wp\/v2\/product_cat?post=129200"},{"taxonomy":"product_tag","embeddable":true,"href":"https:\/\/moto-oprema.com\/hr\/wp-json\/wp\/v2\/product_tag?post=129200"}],"curies":[{"name":"wp","href":"https:\/\/api.w.org\/{rel}","templated":true}]}}