{"id":129175,"date":"2025-04-18T10:32:19","date_gmt":"2025-04-18T10:32:19","guid":{"rendered":"https:\/\/moto-oprema.com\/Artikel\/oneal-mx-kaciga-3srs-hexx-v-24-mat-crna-bijela-crvena\/"},"modified":"2025-04-18T10:32:19","modified_gmt":"2025-04-18T10:32:19","slug":"oneal-mx-kaciga-3srs-hexx-v-24-mat-crna-bijela-crvena","status":"publish","type":"product","link":"https:\/\/moto-oprema.com\/hr\/Artikel\/oneal-mx-kaciga-3srs-hexx-v-24-mat-crna-bijela-crvena\/","title":{"rendered":"ONEAL MX KACIGA 3SRS HEXX V.24 MAT CRNA BIJELA CRVENA"},"content":{"rendered":"<p>Ku\u0107i\u0161te izra\u0111eno od ABS-a. Brojni ventilacijski otvori za optimalnu ventilaciju i hla\u0111enje. Mat zavr\u0161na obrada. Izdr\u017eljiva vi\u0161ebojna grafika. Dri-Lex\u00ae podstavljena podstava s Polygiene\u00ae antibakterijskim tretmanom, koja je izuzetno mekana, uklonjiva, upija znoj i periva. Sigurnosno zatvaranje Double-D s jednostavnim pode\u0161avanjem remena za savr\u0161eno pristajanje. Unaprijed sastavljeno s plasti\u010dnim vijcima za vizir koji se lome za pove\u0107anu sigurnost u slu\u010daju pada. GoPro\u00ae nosa\u010d dostupan je kao dodatni rezervni dio. Vizir s podesivom visinom. Kompatibilan s Airflaps\u2122. U skladu sa sigurnosnim standardima ECE 22.05<\/p>\n","protected":false},"excerpt":{"rendered":"<p>Ku\u0107i\u0161te izra\u0111eno od ABS-a. Brojni ventilacijski otvori za optimalnu ventilaciju i hla\u0111enje. Mat zavr\u0161na obrada. Izdr\u017eljiva&#8230;<\/p>\n","protected":false},"featured_media":82859,"comment_status":"open","ping_status":"closed","template":"","meta":{"_acf_changed":false},"brand":[2849],"gender":[2172],"product_brand":[],"product_cat":[2764,2733],"product_tag":[],"class_list":{"0":"post-129175","1":"product","2":"type-product","3":"status-publish","4":"has-post-thumbnail","6":"brand-oneal-hr","7":"gender-unisex-hr","8":"product_cat-mx-kacige","9":"product_cat-oprema-za-motokros","10":"pa_size-l-hr","11":"pa_size-m-hr","12":"pa_size-s-hr","13":"pa_size-xl-hr","14":"pa_size-xs-hr","16":"first","17":"instock","18":"sale","19":"taxable","20":"shipping-taxable","21":"purchasable","22":"product-type-variable"},"acf":[],"_links":{"self":[{"href":"https:\/\/moto-oprema.com\/hr\/wp-json\/wp\/v2\/product\/129175","targetHints":{"allow":["GET"]}}],"collection":[{"href":"https:\/\/moto-oprema.com\/hr\/wp-json\/wp\/v2\/product"}],"about":[{"href":"https:\/\/moto-oprema.com\/hr\/wp-json\/wp\/v2\/types\/product"}],"replies":[{"embeddable":true,"href":"https:\/\/moto-oprema.com\/hr\/wp-json\/wp\/v2\/comments?post=129175"}],"wp:featuredmedia":[{"embeddable":true,"href":"https:\/\/moto-oprema.com\/hr\/wp-json\/wp\/v2\/media\/82859"}],"wp:attachment":[{"href":"https:\/\/moto-oprema.com\/hr\/wp-json\/wp\/v2\/media?parent=129175"}],"wp:term":[{"taxonomy":"brand","embeddable":true,"href":"https:\/\/moto-oprema.com\/hr\/wp-json\/wp\/v2\/brand?post=129175"},{"taxonomy":"gender","embeddable":true,"href":"https:\/\/moto-oprema.com\/hr\/wp-json\/wp\/v2\/gender?post=129175"},{"taxonomy":"product_brand","embeddable":true,"href":"https:\/\/moto-oprema.com\/hr\/wp-json\/wp\/v2\/product_brand?post=129175"},{"taxonomy":"product_cat","embeddable":true,"href":"https:\/\/moto-oprema.com\/hr\/wp-json\/wp\/v2\/product_cat?post=129175"},{"taxonomy":"product_tag","embeddable":true,"href":"https:\/\/moto-oprema.com\/hr\/wp-json\/wp\/v2\/product_tag?post=129175"}],"curies":[{"name":"wp","href":"https:\/\/api.w.org\/{rel}","templated":true}]}}