{"id":129121,"date":"2025-05-15T09:48:07","date_gmt":"2025-05-15T09:48:07","guid":{"rendered":"https:\/\/moto-oprema.com\/Artikel\/alpinestars-st-2-air-jakna-plava-kaki-crna\/"},"modified":"2025-05-15T09:48:07","modified_gmt":"2025-05-15T09:48:07","slug":"alpinestars-st-2-air-jakna-plava-kaki-crna","status":"publish","type":"product","link":"https:\/\/moto-oprema.com\/hr\/Artikel\/alpinestars-st-2-air-jakna-plava-kaki-crna\/","title":{"rendered":"ALPINESTARS ST-2 AIR JAKNA PLAVA KAKI CRNA"},"content":{"rendered":"<p>Alpinestars ST-2 Air jakna je odgovor za ljetne avanture, dizajnirana za izvrsnu prozra\u010dnost i za\u0161titu u elegantnom, modernom dizajnu. Vozite s povjerenjem, ST-2 Air jakna pa\u017eljivo je izra\u0111ena kako bi vas odr\u017eala hladnima i udobnima na va\u0161em putovanju, posebno u toplim danima. Moderna estetika i fleksibilan kroj ove jakne osiguravaju da \u0107ete privla\u010diti poglede dok se pripremate za sljede\u0107u ljetnu vo\u017enju u ST-2 Air jakni &#8211; gdje se stil, udobnost i performanse spajaju za nezaboravno iskustvo vo\u017enje.  <\/p>\n<p>Sastav sirovine: 99% POLIESTER, 1% ELASTAN<\/p>\n<p>&nbsp;<\/p>\n","protected":false},"excerpt":{"rendered":"<p>Alpinestars ST-2 Air jakna je odgovor za ljetne avanture, dizajnirana za izvrsnu prozra\u010dnost i za\u0161titu u&#8230;<\/p>\n","protected":false},"featured_media":87165,"comment_status":"open","ping_status":"closed","template":"","meta":{"_acf_changed":false},"brand":[2748],"gender":[1313],"product_brand":[],"product_cat":[2759,1356,2761],"product_tag":[],"class_list":{"0":"post-129121","1":"product","2":"type-product","3":"status-publish","4":"has-post-thumbnail","6":"brand-alpinestars-hr","7":"gender-moski","8":"product_cat-jakne-hr","9":"product_cat-motociklisticka-oprema","10":"product_cat-tekstilne-jakne-hr","11":"pa_size-2xl-hr","12":"pa_size-3xl-hr","13":"pa_size-4xl-hr","14":"pa_size-l-hr","15":"pa_size-m-hr","16":"pa_size-s-hr","17":"pa_size-xl-hr","19":"first","20":"instock","21":"sale","22":"taxable","23":"shipping-taxable","24":"purchasable","25":"product-type-variable"},"acf":[],"_links":{"self":[{"href":"https:\/\/moto-oprema.com\/hr\/wp-json\/wp\/v2\/product\/129121","targetHints":{"allow":["GET"]}}],"collection":[{"href":"https:\/\/moto-oprema.com\/hr\/wp-json\/wp\/v2\/product"}],"about":[{"href":"https:\/\/moto-oprema.com\/hr\/wp-json\/wp\/v2\/types\/product"}],"replies":[{"embeddable":true,"href":"https:\/\/moto-oprema.com\/hr\/wp-json\/wp\/v2\/comments?post=129121"}],"wp:featuredmedia":[{"embeddable":true,"href":"https:\/\/moto-oprema.com\/hr\/wp-json\/wp\/v2\/media\/87165"}],"wp:attachment":[{"href":"https:\/\/moto-oprema.com\/hr\/wp-json\/wp\/v2\/media?parent=129121"}],"wp:term":[{"taxonomy":"brand","embeddable":true,"href":"https:\/\/moto-oprema.com\/hr\/wp-json\/wp\/v2\/brand?post=129121"},{"taxonomy":"gender","embeddable":true,"href":"https:\/\/moto-oprema.com\/hr\/wp-json\/wp\/v2\/gender?post=129121"},{"taxonomy":"product_brand","embeddable":true,"href":"https:\/\/moto-oprema.com\/hr\/wp-json\/wp\/v2\/product_brand?post=129121"},{"taxonomy":"product_cat","embeddable":true,"href":"https:\/\/moto-oprema.com\/hr\/wp-json\/wp\/v2\/product_cat?post=129121"},{"taxonomy":"product_tag","embeddable":true,"href":"https:\/\/moto-oprema.com\/hr\/wp-json\/wp\/v2\/product_tag?post=129121"}],"curies":[{"name":"wp","href":"https:\/\/api.w.org\/{rel}","templated":true}]}}