{"id":129114,"date":"2025-05-14T10:01:15","date_gmt":"2025-05-14T10:01:15","guid":{"rendered":"https:\/\/moto-oprema.com\/Artikel\/alpinestars-cestovne-carape-crno-crvene\/"},"modified":"2025-05-14T10:01:15","modified_gmt":"2025-05-14T10:01:15","slug":"alpinestars-cestovne-carape-crno-crvene","status":"publish","type":"product","link":"https:\/\/moto-oprema.com\/hr\/Artikel\/alpinestars-cestovne-carape-crno-crvene\/","title":{"rendered":"ALPINESTARS CESTOVNE \u010cARAPE CRNO-CRVENE"},"content":{"rendered":"<p>Alpinestars Racing-Cestovne ljetne \u010darape Coolmax\u00ae tkanina odr\u017eava stopala hladnima i suhima Nostatex\u00ae potplat odvodi vlagu s ko\u017ee Rebrasti dizajn smanjuje iritaciju pete i gle\u017enja Strate\u0161ki postavljena mre\u017easta podru\u010dja za maksimalnu udobnost<\/p>\n<p> SM=36-41<\/p>\n<p> L-2XL=42-48<\/p>\n","protected":false},"excerpt":{"rendered":"<p>Alpinestars Racing-Cestovne ljetne \u010darape Coolmax\u00ae tkanina odr\u017eava stopala hladnima i suhima Nostatex\u00ae potplat odvodi vlagu s&#8230;<\/p>\n","protected":false},"featured_media":86806,"comment_status":"open","ping_status":"closed","template":"","meta":{"_acf_changed":false},"brand":[2748],"gender":[2172],"product_brand":[],"product_cat":[2854,1356],"product_tag":[],"class_list":{"0":"post-129114","1":"product","2":"type-product","3":"status-publish","4":"has-post-thumbnail","6":"brand-alpinestars-hr","7":"gender-unisex-hr","8":"product_cat-funkcionalna-odjeca-i-donje-rublje","9":"product_cat-motociklisticka-oprema","10":"pa_size-l-xxl-hr","11":"pa_size-sm","13":"first","14":"instock","15":"sale","16":"taxable","17":"shipping-taxable","18":"purchasable","19":"product-type-variable"},"acf":[],"_links":{"self":[{"href":"https:\/\/moto-oprema.com\/hr\/wp-json\/wp\/v2\/product\/129114","targetHints":{"allow":["GET"]}}],"collection":[{"href":"https:\/\/moto-oprema.com\/hr\/wp-json\/wp\/v2\/product"}],"about":[{"href":"https:\/\/moto-oprema.com\/hr\/wp-json\/wp\/v2\/types\/product"}],"replies":[{"embeddable":true,"href":"https:\/\/moto-oprema.com\/hr\/wp-json\/wp\/v2\/comments?post=129114"}],"wp:featuredmedia":[{"embeddable":true,"href":"https:\/\/moto-oprema.com\/hr\/wp-json\/wp\/v2\/media\/86806"}],"wp:attachment":[{"href":"https:\/\/moto-oprema.com\/hr\/wp-json\/wp\/v2\/media?parent=129114"}],"wp:term":[{"taxonomy":"brand","embeddable":true,"href":"https:\/\/moto-oprema.com\/hr\/wp-json\/wp\/v2\/brand?post=129114"},{"taxonomy":"gender","embeddable":true,"href":"https:\/\/moto-oprema.com\/hr\/wp-json\/wp\/v2\/gender?post=129114"},{"taxonomy":"product_brand","embeddable":true,"href":"https:\/\/moto-oprema.com\/hr\/wp-json\/wp\/v2\/product_brand?post=129114"},{"taxonomy":"product_cat","embeddable":true,"href":"https:\/\/moto-oprema.com\/hr\/wp-json\/wp\/v2\/product_cat?post=129114"},{"taxonomy":"product_tag","embeddable":true,"href":"https:\/\/moto-oprema.com\/hr\/wp-json\/wp\/v2\/product_tag?post=129114"}],"curies":[{"name":"wp","href":"https:\/\/api.w.org\/{rel}","templated":true}]}}