{"id":129111,"date":"2025-05-13T09:57:47","date_gmt":"2025-05-13T09:57:47","guid":{"rendered":"https:\/\/moto-oprema.com\/Artikel\/oneal-mtb-kaciga-sl1-solid-v-24-crna\/"},"modified":"2025-05-13T09:57:47","modified_gmt":"2025-05-13T09:57:47","slug":"oneal-mtb-kaciga-sl1-solid-v-24-crna","status":"publish","type":"product","link":"https:\/\/moto-oprema.com\/hr\/Artikel\/oneal-mtb-kaciga-sl1-solid-v-24-crna\/","title":{"rendered":"ONEAL MTB KACIGA SL1 SOLID V.24 CRNA"},"content":{"rendered":"<p>Kaciga O&#8217;NEAL SL1 MTB kombinira sna\u017enu za\u0161titu s laganim materijalima.<br \/>\n Kada stvari postanu te\u0161ke, morate se osloniti na svoju opremu za optimalnu za\u0161titu. O&#8217;NEAL se brine za ostalo kako biste se vi mogli usredoto\u010diti na svoju vo\u017enju. <\/p>\n<p>&#8211; Lagana i dobro prozra\u010dena Inmold Enduro kaciga za cijelo lice<br \/>\n &#8211; Maksimalno hla\u0111enje zahvaljuju\u0107i velikim ventilacijskim otvorima i ventilacijskim kanalima<br \/>\n &#8211; Kompatibilno s Airflapsom\u2122<br \/>\n &#8211; Plasti\u010dni vijci koji se lome<br \/>\n &#8211; Vrh podesiv po visini<br \/>\n &#8211; O&#8217;NEAL Fidlock\u00ae magnetska kop\u010da<br \/>\n &#8211; Podstavljena, uklonjiva\/periva udobna podstava<\/p>\n<p>U skladu je sa sigurnosnim standardom EN1078 za biciklisti\u010dke kacige i standardom ASTM Downhill<\/p>\n<p>Te\u017eina do veli\u010dine M 740 grama (od veli\u010dine L 790 grama).<\/p>\n","protected":false},"excerpt":{"rendered":"<p>Kaciga O&#8217;NEAL SL1 MTB kombinira sna\u017enu za\u0161titu s laganim materijalima. Kada stvari postanu te\u0161ke, morate se&#8230;<\/p>\n","protected":false},"featured_media":86551,"comment_status":"open","ping_status":"closed","template":"","meta":{"_acf_changed":false},"brand":[2849],"gender":[2172],"product_brand":[],"product_cat":[2846,2740],"product_tag":[],"class_list":{"0":"post-129111","1":"product","2":"type-product","3":"status-publish","4":"has-post-thumbnail","6":"brand-oneal-hr","7":"gender-unisex-hr","8":"product_cat-kacige-za-mtb","9":"product_cat-mtb-biciklisticka-oprema","10":"pa_size-l-hr","11":"pa_size-m-hr","12":"pa_size-s-hr","13":"pa_size-xl-hr","14":"pa_size-xs-hr","16":"first","17":"instock","18":"sale","19":"taxable","20":"shipping-taxable","21":"purchasable","22":"product-type-variable"},"acf":[],"_links":{"self":[{"href":"https:\/\/moto-oprema.com\/hr\/wp-json\/wp\/v2\/product\/129111","targetHints":{"allow":["GET"]}}],"collection":[{"href":"https:\/\/moto-oprema.com\/hr\/wp-json\/wp\/v2\/product"}],"about":[{"href":"https:\/\/moto-oprema.com\/hr\/wp-json\/wp\/v2\/types\/product"}],"replies":[{"embeddable":true,"href":"https:\/\/moto-oprema.com\/hr\/wp-json\/wp\/v2\/comments?post=129111"}],"wp:featuredmedia":[{"embeddable":true,"href":"https:\/\/moto-oprema.com\/hr\/wp-json\/wp\/v2\/media\/86551"}],"wp:attachment":[{"href":"https:\/\/moto-oprema.com\/hr\/wp-json\/wp\/v2\/media?parent=129111"}],"wp:term":[{"taxonomy":"brand","embeddable":true,"href":"https:\/\/moto-oprema.com\/hr\/wp-json\/wp\/v2\/brand?post=129111"},{"taxonomy":"gender","embeddable":true,"href":"https:\/\/moto-oprema.com\/hr\/wp-json\/wp\/v2\/gender?post=129111"},{"taxonomy":"product_brand","embeddable":true,"href":"https:\/\/moto-oprema.com\/hr\/wp-json\/wp\/v2\/product_brand?post=129111"},{"taxonomy":"product_cat","embeddable":true,"href":"https:\/\/moto-oprema.com\/hr\/wp-json\/wp\/v2\/product_cat?post=129111"},{"taxonomy":"product_tag","embeddable":true,"href":"https:\/\/moto-oprema.com\/hr\/wp-json\/wp\/v2\/product_tag?post=129111"}],"curies":[{"name":"wp","href":"https:\/\/api.w.org\/{rel}","templated":true}]}}