{"id":129097,"date":"2025-05-13T09:06:02","date_gmt":"2025-05-13T09:06:02","guid":{"rendered":"https:\/\/moto-oprema.com\/Artikel\/fox-mtb-kaciga-speedframe-solid-mips-ce-mat-crna\/"},"modified":"2025-05-13T09:06:02","modified_gmt":"2025-05-13T09:06:02","slug":"fox-mtb-kaciga-speedframe-solid-mips-ce-mat-crna","status":"publish","type":"product","link":"https:\/\/moto-oprema.com\/hr\/Artikel\/fox-mtb-kaciga-speedframe-solid-mips-ce-mat-crna\/","title":{"rendered":"FOX MTB KACIGA SPEEDFRAME SOLID MIPS CE MAT CRNA"},"content":{"rendered":"<p>Osnovna za\u0161tita: Visokou\u010dinkovita kaciga otvorenog tipa<\/p>\n<p>Kaciga Speedframe Solid ima kultnu Fox estetiku, MIPS\u00ae za\u0161titu za najte\u017ee staze, optimiziranu ventilaciju za odr\u017eavanje hladno\u0107e i 360\u00b0 Fit sustav za savr\u0161eno pristajanje. Zavr\u0161ni detalj? Legendarna smjelost Fox stila, \u0161to je \u010dini jednom od najsposobnijih kaciga za brdski biciklizam dostupnih danas.  <\/p>\n<p>Dodatni MIPS\u00ae za\u0161titni sustav testiran je kako bi se smanjilo rotacijsko kretanje u slu\u010daju udara, apsorbiraju\u0107i i raspr\u0161uju\u0107i sile koje bi se ina\u010de prenijele na mozak.<br \/>\n Optimizirani ventilacijski sustav s kanaliziranim EPS-om i konstrukcijom u kalupu osigurava u\u010dinkovito hla\u0111enje.<br \/>\n Prozra\u010dna, uklonjiva i periva podstava.<br \/>\n 360\u00b0 Fit sustav omogu\u0107uje potpuno prilago\u0111avanje.<br \/>\n Vizir podesiv jednom rukom, kompatibilan sa sun\u010danim i drugim nao\u010dalama.<br \/>\n Ugra\u0111eni nosa\u010d za sun\u010dane nao\u010dale.<\/p>\n<p>&nbsp;<\/p>\n","protected":false},"excerpt":{"rendered":"<p>Boja: CRNA<\/p>\n","protected":false},"featured_media":86447,"comment_status":"open","ping_status":"closed","template":"","meta":{"_acf_changed":false},"brand":[2738],"gender":[2172],"product_brand":[],"product_cat":[2846,2740],"product_tag":[],"class_list":{"0":"post-129097","1":"product","2":"type-product","3":"status-publish","4":"has-post-thumbnail","6":"brand-fox-hr","7":"gender-unisex-hr","8":"product_cat-kacige-za-mtb","9":"product_cat-mtb-biciklisticka-oprema","10":"pa_size-l-hr","11":"pa_size-m-hr","12":"pa_size-s-hr","14":"first","15":"instock","16":"sale","17":"taxable","18":"shipping-taxable","19":"purchasable","20":"product-type-variable"},"acf":[],"_links":{"self":[{"href":"https:\/\/moto-oprema.com\/hr\/wp-json\/wp\/v2\/product\/129097","targetHints":{"allow":["GET"]}}],"collection":[{"href":"https:\/\/moto-oprema.com\/hr\/wp-json\/wp\/v2\/product"}],"about":[{"href":"https:\/\/moto-oprema.com\/hr\/wp-json\/wp\/v2\/types\/product"}],"replies":[{"embeddable":true,"href":"https:\/\/moto-oprema.com\/hr\/wp-json\/wp\/v2\/comments?post=129097"}],"wp:featuredmedia":[{"embeddable":true,"href":"https:\/\/moto-oprema.com\/hr\/wp-json\/wp\/v2\/media\/86447"}],"wp:attachment":[{"href":"https:\/\/moto-oprema.com\/hr\/wp-json\/wp\/v2\/media?parent=129097"}],"wp:term":[{"taxonomy":"brand","embeddable":true,"href":"https:\/\/moto-oprema.com\/hr\/wp-json\/wp\/v2\/brand?post=129097"},{"taxonomy":"gender","embeddable":true,"href":"https:\/\/moto-oprema.com\/hr\/wp-json\/wp\/v2\/gender?post=129097"},{"taxonomy":"product_brand","embeddable":true,"href":"https:\/\/moto-oprema.com\/hr\/wp-json\/wp\/v2\/product_brand?post=129097"},{"taxonomy":"product_cat","embeddable":true,"href":"https:\/\/moto-oprema.com\/hr\/wp-json\/wp\/v2\/product_cat?post=129097"},{"taxonomy":"product_tag","embeddable":true,"href":"https:\/\/moto-oprema.com\/hr\/wp-json\/wp\/v2\/product_tag?post=129097"}],"curies":[{"name":"wp","href":"https:\/\/api.w.org\/{rel}","templated":true}]}}