{"id":129086,"date":"2025-05-13T09:01:56","date_gmt":"2025-05-13T09:01:56","guid":{"rendered":"https:\/\/moto-oprema.com\/Artikel\/fox-mtb-kaciga-rampage-5050-mips-ce-cpsc-svijetlo-siva\/"},"modified":"2025-05-13T09:01:56","modified_gmt":"2025-05-13T09:01:56","slug":"fox-mtb-kaciga-rampage-5050-mips-ce-cpsc-svijetlo-siva","status":"publish","type":"product","link":"https:\/\/moto-oprema.com\/hr\/Artikel\/fox-mtb-kaciga-rampage-5050-mips-ce-cpsc-svijetlo-siva\/","title":{"rendered":"FOX MTB KACIGA RAMPAGE 5050 MIPS CE CPSC SVIJETLO SIVA"},"content":{"rendered":"<p>Kaciga FOX Rampage 5050 savr\u0161ena je kombinacija sigurnosti i udobnosti. Njena lagana, injekcijski pre\u0161ana ABS \u0161koljka nije samo robusna, ve\u0107 je i inspirirana kultnom kacigom Rampage Pro Carbon, \u0161to joj daje moderan i atraktivan dizajn. Dizajnirana za terensku upotrebu, ova kaciga pru\u017ea vam sigurnost koja vam je potrebna dok se usredoto\u010dujete na svoje performanse. Sofisticirana konstrukcija osigurava da \u0107ete biti za\u0161ti\u0107eni \u010dak i u najzahtjevnijim uvjetima.   <\/p>\n<p>Izvanredna zna\u010dajka kacige FOX Rampage 5050 je integrirana MIPS tehnologija. Ovaj inovativni sustav za\u0161tite smanjuje rotacijske sile koje se prenose na mozak tijekom udara i pru\u017ea dodatnu za\u0161titu u slu\u010daju pada. U kombinaciji s pametnim 360-stupanjskim sustavom ventilacije, glava je dobro prozra\u010dena \u010dak i tijekom intenzivne vo\u017enje, osiguravaju\u0107i udobno pristajanje. Bilo da ste na strmim nizbrdicama ili zahtjevnim stazama, ova kaciga \u010dini svaku vo\u017enju sigurnijom i udobnijom.   <\/p>\n<p>Osim toga, kaciga ima potpuno podesiv vizir koji je kompatibilan s nao\u010dalama. Dvostruki D-prsten osigurava sigurno prianjanje, tako da se mo\u017eete u potpunosti usredoto\u010diti na u\u017eitak vo\u017enje i ne morate razmi\u0161ljati o kacigi. S kacigom FOX Rampage 5050 savr\u0161eno ste opremljeni za svaku avanturu.  <\/p>\n<p>&nbsp;<\/p>\n","protected":false},"excerpt":{"rendered":"<p>Kaciga FOX Rampage 5050 savr\u0161ena je kombinacija sigurnosti i udobnosti. Njena lagana, injekcijski pre\u0161ana ABS \u0161koljka&#8230;<\/p>\n","protected":false},"featured_media":86323,"comment_status":"open","ping_status":"closed","template":"","meta":{"_acf_changed":false},"brand":[2738],"gender":[2172],"product_brand":[],"product_cat":[2846,2740],"product_tag":[],"class_list":{"0":"post-129086","1":"product","2":"type-product","3":"status-publish","4":"has-post-thumbnail","6":"brand-fox-hr","7":"gender-unisex-hr","8":"product_cat-kacige-za-mtb","9":"product_cat-mtb-biciklisticka-oprema","10":"pa_size-l-hr","11":"pa_size-m-hr","12":"pa_size-s-hr","13":"pa_size-xl-hr","15":"first","16":"instock","17":"sale","18":"taxable","19":"shipping-taxable","20":"purchasable","21":"product-type-variable"},"acf":[],"_links":{"self":[{"href":"https:\/\/moto-oprema.com\/hr\/wp-json\/wp\/v2\/product\/129086","targetHints":{"allow":["GET"]}}],"collection":[{"href":"https:\/\/moto-oprema.com\/hr\/wp-json\/wp\/v2\/product"}],"about":[{"href":"https:\/\/moto-oprema.com\/hr\/wp-json\/wp\/v2\/types\/product"}],"replies":[{"embeddable":true,"href":"https:\/\/moto-oprema.com\/hr\/wp-json\/wp\/v2\/comments?post=129086"}],"wp:featuredmedia":[{"embeddable":true,"href":"https:\/\/moto-oprema.com\/hr\/wp-json\/wp\/v2\/media\/86323"}],"wp:attachment":[{"href":"https:\/\/moto-oprema.com\/hr\/wp-json\/wp\/v2\/media?parent=129086"}],"wp:term":[{"taxonomy":"brand","embeddable":true,"href":"https:\/\/moto-oprema.com\/hr\/wp-json\/wp\/v2\/brand?post=129086"},{"taxonomy":"gender","embeddable":true,"href":"https:\/\/moto-oprema.com\/hr\/wp-json\/wp\/v2\/gender?post=129086"},{"taxonomy":"product_brand","embeddable":true,"href":"https:\/\/moto-oprema.com\/hr\/wp-json\/wp\/v2\/product_brand?post=129086"},{"taxonomy":"product_cat","embeddable":true,"href":"https:\/\/moto-oprema.com\/hr\/wp-json\/wp\/v2\/product_cat?post=129086"},{"taxonomy":"product_tag","embeddable":true,"href":"https:\/\/moto-oprema.com\/hr\/wp-json\/wp\/v2\/product_tag?post=129086"}],"curies":[{"name":"wp","href":"https:\/\/api.w.org\/{rel}","templated":true}]}}