{"id":129069,"date":"2025-05-08T10:05:54","date_gmt":"2025-05-08T10:05:54","guid":{"rendered":"https:\/\/moto-oprema.com\/Artikel\/sidi-mid-adventure-2-gore-tex-vojne-cipele\/"},"modified":"2025-05-08T10:05:54","modified_gmt":"2025-05-08T10:05:54","slug":"sidi-mid-adventure-2-gore-tex-vojne-cipele","status":"publish","type":"product","link":"https:\/\/moto-oprema.com\/hr\/Artikel\/sidi-mid-adventure-2-gore-tex-vojne-cipele\/","title":{"rendered":"SIDI MID ADVENTURE 2 GORE-TEX VOJNE CIPELE"},"content":{"rendered":"<p>Ova motociklisti\u010dka \u010dizma karakteriziraju robusne i udobne zna\u010dajke te pru\u017ea najbolju udobnost i sigurnost u svim vremenskim uvjetima i na gotovo svakom terenu. \u010cizma ima gornji\u0161te izra\u0111eno od imitacije ko\u017ee i bru\u0161ene ko\u017ee te vodootpornu i prozra\u010dnu Gore-Tex membranu. S tri kop\u010de i trakama za pode\u0161avanje omogu\u0107uje prilago\u0111eno pristajanje i pouzdano prianjanje. Gumeni potplat pru\u017ea bolje prianjanje, a poliuretanska plo\u010da za potkoljenicu nudi dodatnu za\u0161titu. \u010ci\u010dak zatvara\u010d i podesivi sustav mikro kop\u010di osiguravaju jednostavno i sigurno pri\u010dvr\u0161\u0107ivanje. Model SIDI Mid Adventure 2 tako\u0111er ima plasti\u010dnu potporu u podru\u010dju gle\u017enja, fleksibilni sustav za ve\u0107u slobodu kretanja i oja\u010danje za kretanje. Dodatnu udobnost pru\u017ea najlonski ulo\u017eak i uklonjiva potpora za luk stopala. Visokokvalitetni materijal i brojne funkcije \u010dine ovu motociklisti\u010dku \u010dizmu dobrim izborom za motocikliste.<\/p>\n","protected":false},"excerpt":{"rendered":"<p>Ova motociklisti\u010dka \u010dizma karakteriziraju robusne i udobne zna\u010dajke te pru\u017ea najbolju udobnost i sigurnost u svim&#8230;<\/p>\n","protected":false},"featured_media":86113,"comment_status":"open","ping_status":"closed","template":"","meta":{"_acf_changed":false},"brand":[2847],"gender":[1313],"product_brand":[],"product_cat":[1356,2769,2813],"product_tag":[],"class_list":{"0":"post-129069","1":"product","2":"type-product","3":"status-publish","4":"has-post-thumbnail","6":"brand-sidi-hr","7":"gender-moski","8":"product_cat-motociklisticka-oprema","9":"product_cat-obuca","10":"product_cat-obuca-za-planinarenje","11":"pa_velikost-skornji-39-hr","12":"pa_velikost-skornji-40-hr","13":"pa_velikost-skornji-41-hr","14":"pa_velikost-skornji-42-hr","15":"pa_velikost-skornji-43-hr","16":"pa_velikost-skornji-44-hr","17":"pa_velikost-skornji-45-hr","18":"pa_velikost-skornji-46-hr","19":"pa_velikost-skornji-47-hr","20":"pa_velikost-skornji-48-hr","21":"pa_velikost-skornji-49-hr","22":"pa_velikost-skornji-50-hr","24":"first","25":"instock","26":"sale","27":"taxable","28":"shipping-taxable","29":"purchasable","30":"product-type-variable"},"acf":[],"_links":{"self":[{"href":"https:\/\/moto-oprema.com\/hr\/wp-json\/wp\/v2\/product\/129069","targetHints":{"allow":["GET"]}}],"collection":[{"href":"https:\/\/moto-oprema.com\/hr\/wp-json\/wp\/v2\/product"}],"about":[{"href":"https:\/\/moto-oprema.com\/hr\/wp-json\/wp\/v2\/types\/product"}],"replies":[{"embeddable":true,"href":"https:\/\/moto-oprema.com\/hr\/wp-json\/wp\/v2\/comments?post=129069"}],"wp:featuredmedia":[{"embeddable":true,"href":"https:\/\/moto-oprema.com\/hr\/wp-json\/wp\/v2\/media\/86113"}],"wp:attachment":[{"href":"https:\/\/moto-oprema.com\/hr\/wp-json\/wp\/v2\/media?parent=129069"}],"wp:term":[{"taxonomy":"brand","embeddable":true,"href":"https:\/\/moto-oprema.com\/hr\/wp-json\/wp\/v2\/brand?post=129069"},{"taxonomy":"gender","embeddable":true,"href":"https:\/\/moto-oprema.com\/hr\/wp-json\/wp\/v2\/gender?post=129069"},{"taxonomy":"product_brand","embeddable":true,"href":"https:\/\/moto-oprema.com\/hr\/wp-json\/wp\/v2\/product_brand?post=129069"},{"taxonomy":"product_cat","embeddable":true,"href":"https:\/\/moto-oprema.com\/hr\/wp-json\/wp\/v2\/product_cat?post=129069"},{"taxonomy":"product_tag","embeddable":true,"href":"https:\/\/moto-oprema.com\/hr\/wp-json\/wp\/v2\/product_tag?post=129069"}],"curies":[{"name":"wp","href":"https:\/\/api.w.org\/{rel}","templated":true}]}}