{"id":129052,"date":"2025-05-08T09:22:27","date_gmt":"2025-05-08T09:22:27","guid":{"rendered":"https:\/\/moto-oprema.com\/Artikel\/alpinestars-supertech-r10-set-filmova-za-otkiranje\/"},"modified":"2025-05-08T09:22:27","modified_gmt":"2025-05-08T09:22:27","slug":"alpinestars-supertech-r10-set-filmova-za-otkiranje","status":"publish","type":"product","link":"https:\/\/moto-oprema.com\/hr\/Artikel\/alpinestars-supertech-r10-set-filmova-za-otkiranje\/","title":{"rendered":"ALPINESTARS SUPERTECH R10 SET FILMOVA ZA OTKIRANJE"},"content":{"rendered":"<p>Zamjenski set od 3 folije za Alpinestars S-R10 kacige. Slu\u017ebeni Alpinestars rezervni dijelovi. <\/p>\n<p>Ovaj set uklju\u010duje folije za kidanje posebno dizajnirane za kacigu Supertech R10, osiguravaju\u0107i voza\u010dima dobru vidljivost na stazi ili cesti. Proizvedene prema istim visokim standardima kao i originalni \u0161titnici, ove folije se lako postavljaju i nude dodatnu za\u0161titu od prljav\u0161tine. Ako \u017eelite da va\u0161a kaciga bude u vrhunskom stanju, a vid kristalno jasan, Alpinestars AFHS-01 set za kidanje \u0161titnika je neophodan dodatak.<\/p>\n","protected":false},"excerpt":{"rendered":"<p>Zamjenski set od 3 folije za Alpinestars S-R10 kacige. Slu\u017ebeni Alpinestars rezervni dijelovi. Ovaj set uklju\u010duje&#8230;<\/p>\n","protected":false},"featured_media":85952,"comment_status":"open","ping_status":"closed","template":"","meta":{"_acf_changed":false},"brand":[2748],"gender":[],"product_brand":[],"product_cat":[1358,1356,2827],"product_tag":[],"class_list":{"0":"post-129052","1":"product","2":"type-product","3":"status-publish","4":"has-post-thumbnail","6":"brand-alpinestars-hr","7":"product_cat-kacige","8":"product_cat-motociklisticka-oprema","9":"product_cat-pribor-za-kacigu","11":"first","12":"instock","13":"taxable","14":"shipping-taxable","15":"purchasable","16":"product-type-simple"},"acf":[],"_links":{"self":[{"href":"https:\/\/moto-oprema.com\/hr\/wp-json\/wp\/v2\/product\/129052","targetHints":{"allow":["GET"]}}],"collection":[{"href":"https:\/\/moto-oprema.com\/hr\/wp-json\/wp\/v2\/product"}],"about":[{"href":"https:\/\/moto-oprema.com\/hr\/wp-json\/wp\/v2\/types\/product"}],"replies":[{"embeddable":true,"href":"https:\/\/moto-oprema.com\/hr\/wp-json\/wp\/v2\/comments?post=129052"}],"wp:featuredmedia":[{"embeddable":true,"href":"https:\/\/moto-oprema.com\/hr\/wp-json\/wp\/v2\/media\/85952"}],"wp:attachment":[{"href":"https:\/\/moto-oprema.com\/hr\/wp-json\/wp\/v2\/media?parent=129052"}],"wp:term":[{"taxonomy":"brand","embeddable":true,"href":"https:\/\/moto-oprema.com\/hr\/wp-json\/wp\/v2\/brand?post=129052"},{"taxonomy":"gender","embeddable":true,"href":"https:\/\/moto-oprema.com\/hr\/wp-json\/wp\/v2\/gender?post=129052"},{"taxonomy":"product_brand","embeddable":true,"href":"https:\/\/moto-oprema.com\/hr\/wp-json\/wp\/v2\/product_brand?post=129052"},{"taxonomy":"product_cat","embeddable":true,"href":"https:\/\/moto-oprema.com\/hr\/wp-json\/wp\/v2\/product_cat?post=129052"},{"taxonomy":"product_tag","embeddable":true,"href":"https:\/\/moto-oprema.com\/hr\/wp-json\/wp\/v2\/product_tag?post=129052"}],"curies":[{"name":"wp","href":"https:\/\/api.w.org\/{rel}","templated":true}]}}