{"id":129049,"date":"2025-05-13T07:38:47","date_gmt":"2025-05-13T07:38:47","guid":{"rendered":"https:\/\/moto-oprema.com\/Artikel\/fox-mtb-kaciga-speedframe-pro-mips-ce-mat-crna\/"},"modified":"2025-05-13T07:38:47","modified_gmt":"2025-05-13T07:38:47","slug":"fox-mtb-kaciga-speedframe-pro-mips-ce-mat-crna","status":"publish","type":"product","link":"https:\/\/moto-oprema.com\/hr\/Artikel\/fox-mtb-kaciga-speedframe-pro-mips-ce-mat-crna\/","title":{"rendered":"FOX MTB KACIGA SPEEDFRAME PRO MIPS CE MAT CRNA"},"content":{"rendered":"<p>Otkrijte kacigu Speedframe Pro Matte Black &#8211; rezultat intenzivne suradnje s profesionalnim brdskim biciklistima i neosporni broj jedan u ocjenama biciklisti\u010dkih kaciga Virginia Tech. Ova kaciga ne nudi vam samo vrhunsku za\u0161titu, ve\u0107 i modernu tehnologiju koja je posebno razvijena za zahtjevne staze. Svojim sportskim dizajnom i mat crnom zavr\u0161nom obradom zadovoljava i funkcionalne i estetske potrebe strastvenih brdskih biciklista.  <\/p>\n<p>Napredni MIPS Air Node sustav za\u0161tite je u prvom planu sigurnosnih zna\u010dajki ove kacige. Smanjuje rotacijske sile koje mogu djelovati na va\u0161 mozak u slu\u010daju pada. U kombinaciji s Varizorb\u2122 EPS sustavom dvostruke gusto\u0107e, za\u0161tita od udara je zna\u010dajno pobolj\u0161ana ravnomjernijom raspodjelom sila. To vam daje sigurnost da ste optimalno za\u0161ti\u0107eni prilikom vo\u017enje bicikla po skliskim stazama. Osim toga, optimizirana ventilacija kacige je klju\u010dna za odr\u017eavanje hladno\u0107e i udobnosti tijekom vo\u017enje.    <\/p>\n<p>Prakti\u010dne zna\u010dajke \u010dine Speedframe Pro jo\u0161 privla\u010dnijom. BOA\u00ae Fit sustav omogu\u0107uje jednostavno prilago\u0111avanje kacige va\u0161em osobnom stilu, dok podesivi vizir omogu\u0107uje kori\u0161tenje sun\u010danih nao\u010dala i za\u0161titnih nao\u010dala. Uklonjiva unutarnja podstava Ionic+\u00ae pru\u017ea antimikrobni u\u010dinak i u\u010dinkovito upravljanje vlagom. To kacigu \u010dini ne samo higijenskom, ve\u0107 i udobnom za no\u0161enje. Sa svim tim zna\u010dajkama, kaciga Speedframe Pro Matte Black nudi najbolje rje\u0161enje za sve koji se ozbiljno bave brdskim biciklizmom.    <\/p>\n<p>&nbsp;<\/p>\n","protected":false},"excerpt":{"rendered":"<p>Boja: CRNA<\/p>\n","protected":false},"featured_media":86283,"comment_status":"open","ping_status":"closed","template":"","meta":{"_acf_changed":false},"brand":[2738],"gender":[2172],"product_brand":[],"product_cat":[2846,2740],"product_tag":[],"class_list":{"0":"post-129049","1":"product","2":"type-product","3":"status-publish","4":"has-post-thumbnail","6":"brand-fox-hr","7":"gender-unisex-hr","8":"product_cat-kacige-za-mtb","9":"product_cat-mtb-biciklisticka-oprema","10":"pa_size-l-hr","11":"pa_size-m-hr","12":"pa_size-s-hr","14":"first","15":"instock","16":"sale","17":"taxable","18":"shipping-taxable","19":"purchasable","20":"product-type-variable"},"acf":[],"_links":{"self":[{"href":"https:\/\/moto-oprema.com\/hr\/wp-json\/wp\/v2\/product\/129049","targetHints":{"allow":["GET"]}}],"collection":[{"href":"https:\/\/moto-oprema.com\/hr\/wp-json\/wp\/v2\/product"}],"about":[{"href":"https:\/\/moto-oprema.com\/hr\/wp-json\/wp\/v2\/types\/product"}],"replies":[{"embeddable":true,"href":"https:\/\/moto-oprema.com\/hr\/wp-json\/wp\/v2\/comments?post=129049"}],"wp:featuredmedia":[{"embeddable":true,"href":"https:\/\/moto-oprema.com\/hr\/wp-json\/wp\/v2\/media\/86283"}],"wp:attachment":[{"href":"https:\/\/moto-oprema.com\/hr\/wp-json\/wp\/v2\/media?parent=129049"}],"wp:term":[{"taxonomy":"brand","embeddable":true,"href":"https:\/\/moto-oprema.com\/hr\/wp-json\/wp\/v2\/brand?post=129049"},{"taxonomy":"gender","embeddable":true,"href":"https:\/\/moto-oprema.com\/hr\/wp-json\/wp\/v2\/gender?post=129049"},{"taxonomy":"product_brand","embeddable":true,"href":"https:\/\/moto-oprema.com\/hr\/wp-json\/wp\/v2\/product_brand?post=129049"},{"taxonomy":"product_cat","embeddable":true,"href":"https:\/\/moto-oprema.com\/hr\/wp-json\/wp\/v2\/product_cat?post=129049"},{"taxonomy":"product_tag","embeddable":true,"href":"https:\/\/moto-oprema.com\/hr\/wp-json\/wp\/v2\/product_tag?post=129049"}],"curies":[{"name":"wp","href":"https:\/\/api.w.org\/{rel}","templated":true}]}}