{"id":129046,"date":"2025-05-08T09:02:26","date_gmt":"2025-05-08T09:02:26","guid":{"rendered":"https:\/\/moto-oprema.com\/Artikel\/alpinestars-supertech-r10-afhs-01-vizir-tamno-dimljeni\/"},"modified":"2025-05-08T09:02:26","modified_gmt":"2025-05-08T09:02:26","slug":"alpinestars-supertech-r10-afhs-01-vizir-tamno-dimljeni","status":"publish","type":"product","link":"https:\/\/moto-oprema.com\/hr\/Artikel\/alpinestars-supertech-r10-afhs-01-vizir-tamno-dimljeni\/","title":{"rendered":"ALPINESTARS SUPERTECH R10 AFHS-01 VIZIR TAMNO DIMLJENI"},"content":{"rendered":"<p>Zamjenski tamni vizir za Alpinestars S-R10 kacige, samo za dnevnu upotrebu. Slu\u017ebeni Alpinestars zamjenski dio. Vizir je pripremljen za PinLock le\u0107e protiv zamagljivanja. Vizir nudi UV za\u0161titu i za\u0161ti\u0107en je premazom protiv ogrebotina s vanjske strane i premazom protiv zamagljivanja s unutarnje strane. Jednostavan za zamjenu. Nijansa vizira je tamno siva s vrijedno\u0161\u0107u propusnosti vidljive svjetlosti (VLT) od 24-30%, \u0161to je idealno za upotrebu za vedrih sun\u010danih dana. Zatamnjene le\u0107e dizajnirane su za dnevno no\u0161enje i poma\u017eu u smanjenju sun\u010deve svjetlosti i odsjaja tijekom dnevnog svjetla, pobolj\u0161avaju\u0107i vidljivost i smanjuju\u0107i naprezanje o\u010diju.      <\/p>\n<p>Zatamnjene vizire nikada ne treba nositi u sumrak, rano ujutro ili u uvjetima slabog osvjetljenja.<\/p>\n<p>Promjena vizira:<\/p>\n<div style=\"width: 640px;\" class=\"wp-video\"><!--[if lt IE 9]><script>document.createElement('video');<\/script><![endif]-->\n<video class=\"wp-video-shortcode\" id=\"video-129046-1\" width=\"640\" height=\"360\" preload=\"metadata\" controls=\"controls\"><source type=\"video\/mp4\" src=\"https:\/\/moto-oprema.com\/wp-content\/uploads\/2025\/05\/23191321590249e7a6725dec410e1528.HD-1080p-7.2Mbps-29212889.mp4?_=1\" \/><a href=\"https:\/\/moto-oprema.com\/wp-content\/uploads\/2025\/05\/23191321590249e7a6725dec410e1528.HD-1080p-7.2Mbps-29212889.mp4\">https:\/\/moto-oprema.com\/wp-content\/uploads\/2025\/05\/23191321590249e7a6725dec410e1528.HD-1080p-7.2Mbps-29212889.mp4<\/a><\/video><\/div>\n","protected":false},"excerpt":{"rendered":"<p>Zamjenski tamni vizir za Alpinestars S-R10 kacige, samo za dnevnu upotrebu. Slu\u017ebeni Alpinestars zamjenski dio. Vizir&#8230;<\/p>\n","protected":false},"featured_media":85956,"comment_status":"open","ping_status":"closed","template":"","meta":{"_acf_changed":false},"brand":[2748],"gender":[],"product_brand":[],"product_cat":[1358,1356,2827],"product_tag":[],"class_list":{"0":"post-129046","1":"product","2":"type-product","3":"status-publish","4":"has-post-thumbnail","6":"brand-alpinestars-hr","7":"product_cat-kacige","8":"product_cat-motociklisticka-oprema","9":"product_cat-pribor-za-kacigu","11":"first","12":"instock","13":"taxable","14":"shipping-taxable","15":"purchasable","16":"product-type-simple"},"acf":[],"_links":{"self":[{"href":"https:\/\/moto-oprema.com\/hr\/wp-json\/wp\/v2\/product\/129046","targetHints":{"allow":["GET"]}}],"collection":[{"href":"https:\/\/moto-oprema.com\/hr\/wp-json\/wp\/v2\/product"}],"about":[{"href":"https:\/\/moto-oprema.com\/hr\/wp-json\/wp\/v2\/types\/product"}],"replies":[{"embeddable":true,"href":"https:\/\/moto-oprema.com\/hr\/wp-json\/wp\/v2\/comments?post=129046"}],"wp:featuredmedia":[{"embeddable":true,"href":"https:\/\/moto-oprema.com\/hr\/wp-json\/wp\/v2\/media\/85956"}],"wp:attachment":[{"href":"https:\/\/moto-oprema.com\/hr\/wp-json\/wp\/v2\/media?parent=129046"}],"wp:term":[{"taxonomy":"brand","embeddable":true,"href":"https:\/\/moto-oprema.com\/hr\/wp-json\/wp\/v2\/brand?post=129046"},{"taxonomy":"gender","embeddable":true,"href":"https:\/\/moto-oprema.com\/hr\/wp-json\/wp\/v2\/gender?post=129046"},{"taxonomy":"product_brand","embeddable":true,"href":"https:\/\/moto-oprema.com\/hr\/wp-json\/wp\/v2\/product_brand?post=129046"},{"taxonomy":"product_cat","embeddable":true,"href":"https:\/\/moto-oprema.com\/hr\/wp-json\/wp\/v2\/product_cat?post=129046"},{"taxonomy":"product_tag","embeddable":true,"href":"https:\/\/moto-oprema.com\/hr\/wp-json\/wp\/v2\/product_tag?post=129046"}],"curies":[{"name":"wp","href":"https:\/\/api.w.org\/{rel}","templated":true}]}}