{"id":129013,"date":"2025-05-06T08:47:39","date_gmt":"2025-05-06T08:47:39","guid":{"rendered":"https:\/\/moto-oprema.com\/Artikel\/spidi-pit-lane-jakna-plava\/"},"modified":"2025-05-06T08:47:39","modified_gmt":"2025-05-06T08:47:39","slug":"spidi-pit-lane-jakna-plava","status":"publish","type":"product","link":"https:\/\/moto-oprema.com\/hr\/Artikel\/spidi-pit-lane-jakna-plava\/","title":{"rendered":"SPIDI PIT LANE JAKNA PLAVA"},"content":{"rendered":"<p>SPIDI Pit Lane je lagana i dobro prozra\u010dena motociklisti\u010dka jakna koja kombinira uli\u010dnu estetiku s naprednom za\u0161titnom tehnologijom. Razvijena u suradnji s Drudi Performanceom, jakna ima opu\u0161teni kroj s blago produ\u017eenom duljinom, osiguravaju\u0107i udobnost i slobodu kretanja. <\/p>\n<p>Unutarnja struktura je u potpunosti oblo\u017eena visoko upijaju\u0107om mre\u017eicom, koja optimizira prozra\u010dnost \u010dak i u zahtjevnim uvjetima. Sustav ventilacije uklju\u010duje \u010detiri podesiva otvora za zrak, strate\u0161ki dizajnirana za usmjeravanje protoka zraka tamo gdje je najpotrebniji. Vanjska \u0161koljka izra\u0111ena je od WindOut Ripstopa, tehni\u010dke tkanine s visokom otporno\u0161\u0107u na kidanje zbog gustog i izdr\u017eljivog tkanja. Istovremeno pru\u017ea vjetrootporna svojstva za ve\u0107u toplinsku udobnost.   <\/p>\n<p>SPIDI Pit Lane, certificiran kao klasa A, opremljen je uklonjivim \u0161titnicima razine 2 na ramenima i laktovima te se mo\u017ee kombinirati sa \u0161titnicima za prsa i le\u0111a Warrior za ve\u0107u sigurnost. <\/p>\n<p>Sastav sirovine: 100% poliester<\/p>\n<p>&nbsp;<\/p>\n","protected":false},"excerpt":{"rendered":"<p>SPIDI Pit Lane je lagana i dobro prozra\u010dena motociklisti\u010dka jakna koja kombinira uli\u010dnu estetiku s naprednom&#8230;<\/p>\n","protected":false},"featured_media":85529,"comment_status":"open","ping_status":"closed","template":"","meta":{"_acf_changed":false},"brand":[2732],"gender":[1313],"product_brand":[],"product_cat":[2759,1356,2761],"product_tag":[],"class_list":{"0":"post-129013","1":"product","2":"type-product","3":"status-publish","4":"has-post-thumbnail","6":"brand-spidi-hr","7":"gender-moski","8":"product_cat-jakne-hr","9":"product_cat-motociklisticka-oprema","10":"product_cat-tekstilne-jakne-hr","11":"pa_size-2xl-hr","12":"pa_size-3xl-hr","13":"pa_size-l-hr","14":"pa_size-m-hr","15":"pa_size-s-hr","16":"pa_size-xl-hr","18":"first","19":"instock","20":"sale","21":"taxable","22":"shipping-taxable","23":"purchasable","24":"product-type-variable"},"acf":[],"_links":{"self":[{"href":"https:\/\/moto-oprema.com\/hr\/wp-json\/wp\/v2\/product\/129013","targetHints":{"allow":["GET"]}}],"collection":[{"href":"https:\/\/moto-oprema.com\/hr\/wp-json\/wp\/v2\/product"}],"about":[{"href":"https:\/\/moto-oprema.com\/hr\/wp-json\/wp\/v2\/types\/product"}],"replies":[{"embeddable":true,"href":"https:\/\/moto-oprema.com\/hr\/wp-json\/wp\/v2\/comments?post=129013"}],"wp:featuredmedia":[{"embeddable":true,"href":"https:\/\/moto-oprema.com\/hr\/wp-json\/wp\/v2\/media\/85529"}],"wp:attachment":[{"href":"https:\/\/moto-oprema.com\/hr\/wp-json\/wp\/v2\/media?parent=129013"}],"wp:term":[{"taxonomy":"brand","embeddable":true,"href":"https:\/\/moto-oprema.com\/hr\/wp-json\/wp\/v2\/brand?post=129013"},{"taxonomy":"gender","embeddable":true,"href":"https:\/\/moto-oprema.com\/hr\/wp-json\/wp\/v2\/gender?post=129013"},{"taxonomy":"product_brand","embeddable":true,"href":"https:\/\/moto-oprema.com\/hr\/wp-json\/wp\/v2\/product_brand?post=129013"},{"taxonomy":"product_cat","embeddable":true,"href":"https:\/\/moto-oprema.com\/hr\/wp-json\/wp\/v2\/product_cat?post=129013"},{"taxonomy":"product_tag","embeddable":true,"href":"https:\/\/moto-oprema.com\/hr\/wp-json\/wp\/v2\/product_tag?post=129013"}],"curies":[{"name":"wp","href":"https:\/\/api.w.org\/{rel}","templated":true}]}}