{"id":128936,"date":"2025-05-05T09:39:07","date_gmt":"2025-05-05T09:39:07","guid":{"rendered":"https:\/\/moto-oprema.com\/Artikel\/spidi-flash-kp-rukavice-crno-crvene\/"},"modified":"2025-05-05T09:39:07","modified_gmt":"2025-05-05T09:39:07","slug":"spidi-flash-kp-rukavice-crno-crvene","status":"publish","type":"product","link":"https:\/\/moto-oprema.com\/hr\/Artikel\/spidi-flash-kp-rukavice-crno-crvene\/","title":{"rendered":"SPIDI FLASH-KP RUKAVICE CRNO-CRVENE"},"content":{"rendered":"<p>SPIDI Flash-KP su rukavice posebno razvijene za proljetnu i ljetnu vo\u017enju. Certificirane su prema standardu EN 13594:2015 liv.1\/KP (za\u0161titne rukavice za profesionalne motocikliste). \u0160titnici za zglobove dvostruke gusto\u0107e oblo\u017eeni su visoko\u010dvrstim rastezljivim materijalom, koji pru\u017ea bolju razinu za\u0161tite uz minimalisti\u010dki dizajn. Zahvaljuju\u0107i \u010di\u010dak zatvara\u010du i preklopu za jednostavno pri\u010dvr\u0161\u0107ivanje rukavica, proizvod Flash-CE idealan je za gradsku i putnu upotrebu.   <\/p>\n<p>&nbsp;<\/p>\n","protected":false},"excerpt":{"rendered":"<p>SPIDI Flash-KP su rukavice posebno razvijene za proljetnu i ljetnu vo\u017enju. Certificirane su prema standardu EN&#8230;<\/p>\n","protected":false},"featured_media":85174,"comment_status":"open","ping_status":"closed","template":"","meta":{"_acf_changed":false},"brand":[2732],"gender":[1313],"product_brand":[],"product_cat":[1356,2816,2822],"product_tag":[],"class_list":{"0":"post-128936","1":"product","2":"type-product","3":"status-publish","4":"has-post-thumbnail","6":"brand-spidi-hr","7":"gender-moski","8":"product_cat-motociklisticka-oprema","9":"product_cat-rukavice","10":"product_cat-tekstilne-rukavice","11":"pa_velikost-rokovice-l-hr","12":"pa_velikost-rokovice-m-hr","13":"pa_velikost-rokovice-s-hr","14":"pa_velikost-rokovice-xl-hr","15":"pa_velikost-rokovice-xxl-hr","16":"pa_velikost-rokovice-xxxl-hr","18":"first","19":"instock","20":"taxable","21":"shipping-taxable","22":"purchasable","23":"product-type-variable"},"acf":[],"_links":{"self":[{"href":"https:\/\/moto-oprema.com\/hr\/wp-json\/wp\/v2\/product\/128936","targetHints":{"allow":["GET"]}}],"collection":[{"href":"https:\/\/moto-oprema.com\/hr\/wp-json\/wp\/v2\/product"}],"about":[{"href":"https:\/\/moto-oprema.com\/hr\/wp-json\/wp\/v2\/types\/product"}],"replies":[{"embeddable":true,"href":"https:\/\/moto-oprema.com\/hr\/wp-json\/wp\/v2\/comments?post=128936"}],"wp:featuredmedia":[{"embeddable":true,"href":"https:\/\/moto-oprema.com\/hr\/wp-json\/wp\/v2\/media\/85174"}],"wp:attachment":[{"href":"https:\/\/moto-oprema.com\/hr\/wp-json\/wp\/v2\/media?parent=128936"}],"wp:term":[{"taxonomy":"brand","embeddable":true,"href":"https:\/\/moto-oprema.com\/hr\/wp-json\/wp\/v2\/brand?post=128936"},{"taxonomy":"gender","embeddable":true,"href":"https:\/\/moto-oprema.com\/hr\/wp-json\/wp\/v2\/gender?post=128936"},{"taxonomy":"product_brand","embeddable":true,"href":"https:\/\/moto-oprema.com\/hr\/wp-json\/wp\/v2\/product_brand?post=128936"},{"taxonomy":"product_cat","embeddable":true,"href":"https:\/\/moto-oprema.com\/hr\/wp-json\/wp\/v2\/product_cat?post=128936"},{"taxonomy":"product_tag","embeddable":true,"href":"https:\/\/moto-oprema.com\/hr\/wp-json\/wp\/v2\/product_tag?post=128936"}],"curies":[{"name":"wp","href":"https:\/\/api.w.org\/{rel}","templated":true}]}}