{"id":128924,"date":"2025-05-05T08:32:45","date_gmt":"2025-05-05T08:32:45","guid":{"rendered":"https:\/\/moto-oprema.com\/Artikel\/spidi-flash-r-evo-rukavice-crno-bijele\/"},"modified":"2025-05-05T08:32:45","modified_gmt":"2025-05-05T08:32:45","slug":"spidi-flash-r-evo-rukavice-crno-bijele","status":"publish","type":"product","link":"https:\/\/moto-oprema.com\/hr\/Artikel\/spidi-flash-r-evo-rukavice-crno-bijele\/","title":{"rendered":"SPIDI FLASH-R EVO RUKAVICE CRNO-BIJELE"},"content":{"rendered":"<p>Spidi Flas-R Evo su ljetne motociklisti\u010dke rukavice za mu\u0161karce, oja\u010dane polukrutom za\u0161titom zglobova te bru\u0161enom ko\u017eom i neoprenom za ve\u0107u otpornost na habanje. Perforirani mre\u017easti umeci i ventilirana za\u0161tita zglobova osiguravaju maksimalnu toplinsku udobnost ljeti; zatvaranje na \u010di\u010dak na zape\u0161\u0107u upotpunjuje karakteristike ovih rukavica, koje su prikladne i za urbane sredine i za srednjoro\u010dna turisti\u010dka putovanja. <\/p>\n<p>TEHNI\u010cKE ZNA\u010cAJKE:<\/p>\n<ul>\n<li>Elasti\u010dna tkanina.<\/li>\n<li>Detalji od neoprena.<\/li>\n<li>Detalji od mikrovlakana.<\/li>\n<li>Powertech elasti\u010dni gle\u017eanj.<\/li>\n<li>Poja\u010danja sa strane.<\/li>\n<li>Oja\u010danja na dlanu.<\/li>\n<\/ul>\n<p>&nbsp;<\/p>\n","protected":false},"excerpt":{"rendered":"<p>Spidi Flas-R Evo su ljetne motociklisti\u010dke rukavice za mu\u0161karce, oja\u010dane polukrutom za\u0161titom zglobova te bru\u0161enom ko\u017eom&#8230;<\/p>\n","protected":false},"featured_media":85008,"comment_status":"open","ping_status":"closed","template":"","meta":{"_acf_changed":false},"brand":[2732],"gender":[1313],"product_brand":[],"product_cat":[1356,2816,2822],"product_tag":[],"class_list":{"0":"post-128924","1":"product","2":"type-product","3":"status-publish","4":"has-post-thumbnail","6":"brand-spidi-hr","7":"gender-moski","8":"product_cat-motociklisticka-oprema","9":"product_cat-rukavice","10":"product_cat-tekstilne-rukavice","11":"pa_velikost-rokovice-l-hr","12":"pa_velikost-rokovice-m-hr","13":"pa_velikost-rokovice-s-hr","14":"pa_velikost-rokovice-xl-hr","15":"pa_velikost-rokovice-xxl-hr","16":"pa_velikost-rokovice-xxxl-hr","18":"first","19":"instock","20":"taxable","21":"shipping-taxable","22":"purchasable","23":"product-type-variable"},"acf":[],"_links":{"self":[{"href":"https:\/\/moto-oprema.com\/hr\/wp-json\/wp\/v2\/product\/128924","targetHints":{"allow":["GET"]}}],"collection":[{"href":"https:\/\/moto-oprema.com\/hr\/wp-json\/wp\/v2\/product"}],"about":[{"href":"https:\/\/moto-oprema.com\/hr\/wp-json\/wp\/v2\/types\/product"}],"replies":[{"embeddable":true,"href":"https:\/\/moto-oprema.com\/hr\/wp-json\/wp\/v2\/comments?post=128924"}],"wp:featuredmedia":[{"embeddable":true,"href":"https:\/\/moto-oprema.com\/hr\/wp-json\/wp\/v2\/media\/85008"}],"wp:attachment":[{"href":"https:\/\/moto-oprema.com\/hr\/wp-json\/wp\/v2\/media?parent=128924"}],"wp:term":[{"taxonomy":"brand","embeddable":true,"href":"https:\/\/moto-oprema.com\/hr\/wp-json\/wp\/v2\/brand?post=128924"},{"taxonomy":"gender","embeddable":true,"href":"https:\/\/moto-oprema.com\/hr\/wp-json\/wp\/v2\/gender?post=128924"},{"taxonomy":"product_brand","embeddable":true,"href":"https:\/\/moto-oprema.com\/hr\/wp-json\/wp\/v2\/product_brand?post=128924"},{"taxonomy":"product_cat","embeddable":true,"href":"https:\/\/moto-oprema.com\/hr\/wp-json\/wp\/v2\/product_cat?post=128924"},{"taxonomy":"product_tag","embeddable":true,"href":"https:\/\/moto-oprema.com\/hr\/wp-json\/wp\/v2\/product_tag?post=128924"}],"curies":[{"name":"wp","href":"https:\/\/api.w.org\/{rel}","templated":true}]}}