{"id":128867,"date":"2025-04-25T10:32:19","date_gmt":"2025-04-25T10:32:19","guid":{"rendered":"https:\/\/moto-oprema.com\/Artikel\/spidi-sts-3-muske-rukavice-crno-bijelo-crveno\/"},"modified":"2025-04-25T10:32:19","modified_gmt":"2025-04-25T10:32:19","slug":"spidi-sts-3-muske-rukavice-crno-bijelo-crveno","status":"publish","type":"product","link":"https:\/\/moto-oprema.com\/hr\/Artikel\/spidi-sts-3-muske-rukavice-crno-bijelo-crveno\/","title":{"rendered":"SPIDI STS-3 MU\u0160KE RUKAVICE CRNO BIJELO CRVENO"},"content":{"rendered":"<p>Spidi STS-3 mu\u0161ke motociklisti\u010dke rukavice<\/p>\n<p>Spidi STS-3 rukavice su odli\u010dan dodatak va\u0161oj sportskoj putnoj opremi.<\/p>\n<p>Zna\u010dajke:<\/p>\n<ul>\n<li>Materijal je udvostru\u010den radi ve\u0107e sigurnosti.<\/li>\n<li>\u0161titnik za zglobove<\/li>\n<li>Izra\u0111eno od kozje ko\u017ee<\/li>\n<li>Vrhovi prstiju kompatibilni su sa zaslonima osjetljivim na dodir<\/li>\n<li>prakti\u010dno zatvaranje \u010di\u010dkom na zape\u0161\u0107u i man\u017eeti za optimalno pristajanje<\/li>\n<li>U skladu s normom EN13594:2015<\/li>\n<\/ul>\n<p>Sastav sirovine: 100% ko\u017ea<\/p>\n","protected":false},"excerpt":{"rendered":"<p>Spidi STS-3 mu\u0161ke motociklisti\u010dke rukavice Spidi STS-3 rukavice su odli\u010dan dodatak va\u0161oj sportskoj putnoj opremi. Zna\u010dajke:&#8230;<\/p>\n","protected":false},"featured_media":84643,"comment_status":"open","ping_status":"closed","template":"","meta":{"_acf_changed":false},"brand":[2732],"gender":[1313],"product_brand":[],"product_cat":[2835,1356,2816],"product_tag":[],"class_list":{"0":"post-128867","1":"product","2":"type-product","3":"status-publish","4":"has-post-thumbnail","6":"brand-spidi-hr","7":"gender-moski","8":"product_cat-kozne-rukavice","9":"product_cat-motociklisticka-oprema","10":"product_cat-rukavice","11":"pa_size-l-hr","12":"pa_size-m-hr","13":"pa_size-s-hr","14":"pa_size-xl-hr","15":"pa_size-xxl-hr","16":"pa_size-xxxl-hr","18":"first","19":"instock","20":"sale","21":"taxable","22":"shipping-taxable","23":"purchasable","24":"product-type-variable"},"acf":[],"_links":{"self":[{"href":"https:\/\/moto-oprema.com\/hr\/wp-json\/wp\/v2\/product\/128867","targetHints":{"allow":["GET"]}}],"collection":[{"href":"https:\/\/moto-oprema.com\/hr\/wp-json\/wp\/v2\/product"}],"about":[{"href":"https:\/\/moto-oprema.com\/hr\/wp-json\/wp\/v2\/types\/product"}],"replies":[{"embeddable":true,"href":"https:\/\/moto-oprema.com\/hr\/wp-json\/wp\/v2\/comments?post=128867"}],"wp:featuredmedia":[{"embeddable":true,"href":"https:\/\/moto-oprema.com\/hr\/wp-json\/wp\/v2\/media\/84643"}],"wp:attachment":[{"href":"https:\/\/moto-oprema.com\/hr\/wp-json\/wp\/v2\/media?parent=128867"}],"wp:term":[{"taxonomy":"brand","embeddable":true,"href":"https:\/\/moto-oprema.com\/hr\/wp-json\/wp\/v2\/brand?post=128867"},{"taxonomy":"gender","embeddable":true,"href":"https:\/\/moto-oprema.com\/hr\/wp-json\/wp\/v2\/gender?post=128867"},{"taxonomy":"product_brand","embeddable":true,"href":"https:\/\/moto-oprema.com\/hr\/wp-json\/wp\/v2\/product_brand?post=128867"},{"taxonomy":"product_cat","embeddable":true,"href":"https:\/\/moto-oprema.com\/hr\/wp-json\/wp\/v2\/product_cat?post=128867"},{"taxonomy":"product_tag","embeddable":true,"href":"https:\/\/moto-oprema.com\/hr\/wp-json\/wp\/v2\/product_tag?post=128867"}],"curies":[{"name":"wp","href":"https:\/\/api.w.org\/{rel}","templated":true}]}}