{"id":128866,"date":"2025-04-25T09:46:29","date_gmt":"2025-04-25T09:46:29","guid":{"rendered":"https:\/\/moto-oprema.com\/Artikel\/spidi-hard-track-3-tekstilna-jakna-crna-crvena\/"},"modified":"2025-04-25T09:46:29","modified_gmt":"2025-04-25T09:46:29","slug":"spidi-hard-track-3-tekstilna-jakna-crna-crvena","status":"publish","type":"product","link":"https:\/\/moto-oprema.com\/hr\/Artikel\/spidi-hard-track-3-tekstilna-jakna-crna-crvena\/","title":{"rendered":"SPIDI HARD TRACK 3 TEKSTILNA JAKNA CRNA CRVENA"},"content":{"rendered":"<p>Jakna SPIDI Hard Track 3 dizajnirana je kako bi dodatno optimizirala modularnost i standarde performansi koje su postavili njezini prethodnici: vanjski dio od Cordura\u00ae 500 ima umetke od laminiranog najlona rastezljivog u 4 smjera na rukavima i ispod rukava, kombiniraju\u0107i veliku elasti\u010dnost i otpornost na habanje; nudi visoku razinu udobnosti za korisnika, certificirana prema klasi AA, opremljena uklonjivim Warrior Lite Level 2 \u0161titnicima na ramenima i laktovima. U uvjetima visokih temperatura mo\u017eete regulirati u\u010dinkovitost ventilacije podesivim 3D mre\u017eastim plo\u010dama i inovativnim otvorima od vrata do lakta, koji se mogu otvarati ili zatvarati za regulaciju protoka zraka i njima se upravlja jednom rukom. <\/p>\n<p>Uklonjiva H2OUT\u00ae InsideOut podstava izra\u0111ena je od troslojne laminirane mikro-ripstop tkanine (10K\/10K) i mo\u017ee se nositi unutar ili preko vanjske ljuske, ovisno o intenzitetu ki\u0161e, sa zoom-fit sustavom na dnu jakne koji osigurava savr\u0161eno pristajanje. Sli\u010dno tome, termalna podstava od 100 g\/m\u00b2 mo\u017ee se nositi s drugim slojevima ili kao samostalni odjevni predmet. STEP-INWEAR tehnologija omogu\u0107uje besprijekornu integraciju sa svim kompatibilnim slojevima, dok Velcro\u00ae umeci olak\u0161avaju pri\u010dvr\u0161\u0107ivanje opcionalnih Warrior Series \u0161titnika na le\u0111a i prsa.  <\/p>\n<p>SPIDI Hard Track 3 jakna je odjevni predmet prepun naprednih zna\u010dajki osmi\u0161ljenih za pove\u0107anje udobnosti i sigurnosti na va\u0161em sljede\u0107em putovanju: od YKK\u00ae VISLON\u00ae patentnih zatvara\u010da i mogu\u0107nosti integracije Hydroback sustava za hidrataciju do 3M\u00ae reflektiraju\u0107ih umetaka i EST kop\u010danja na ovratniku &#8211; svaki detalj je pa\u017eljivo dizajniran kako bi pru\u017eio maksimalnu kontrolu u svakoj avanturi.<\/p>\n","protected":false},"excerpt":{"rendered":"<p>Jakna SPIDI Hard Track 3 dizajnirana je kako bi dodatno optimizirala modularnost i standarde performansi koje&#8230;<\/p>\n","protected":false},"featured_media":84376,"comment_status":"open","ping_status":"closed","template":"","meta":{"_acf_changed":false},"brand":[2732],"gender":[1313],"product_brand":[],"product_cat":[2759,1356,2761],"product_tag":[],"class_list":{"0":"post-128866","1":"product","2":"type-product","3":"status-publish","4":"has-post-thumbnail","6":"brand-spidi-hr","7":"gender-moski","8":"product_cat-jakne-hr","9":"product_cat-motociklisticka-oprema","10":"product_cat-tekstilne-jakne-hr","11":"pa_size-2xl-hr","12":"pa_size-3xl-hr","13":"pa_size-l-hr","14":"pa_size-m-hr","15":"pa_size-s-hr","16":"pa_size-xl-hr","18":"first","19":"instock","20":"sale","21":"taxable","22":"shipping-taxable","23":"purchasable","24":"product-type-variable"},"acf":[],"_links":{"self":[{"href":"https:\/\/moto-oprema.com\/hr\/wp-json\/wp\/v2\/product\/128866","targetHints":{"allow":["GET"]}}],"collection":[{"href":"https:\/\/moto-oprema.com\/hr\/wp-json\/wp\/v2\/product"}],"about":[{"href":"https:\/\/moto-oprema.com\/hr\/wp-json\/wp\/v2\/types\/product"}],"replies":[{"embeddable":true,"href":"https:\/\/moto-oprema.com\/hr\/wp-json\/wp\/v2\/comments?post=128866"}],"wp:featuredmedia":[{"embeddable":true,"href":"https:\/\/moto-oprema.com\/hr\/wp-json\/wp\/v2\/media\/84376"}],"wp:attachment":[{"href":"https:\/\/moto-oprema.com\/hr\/wp-json\/wp\/v2\/media?parent=128866"}],"wp:term":[{"taxonomy":"brand","embeddable":true,"href":"https:\/\/moto-oprema.com\/hr\/wp-json\/wp\/v2\/brand?post=128866"},{"taxonomy":"gender","embeddable":true,"href":"https:\/\/moto-oprema.com\/hr\/wp-json\/wp\/v2\/gender?post=128866"},{"taxonomy":"product_brand","embeddable":true,"href":"https:\/\/moto-oprema.com\/hr\/wp-json\/wp\/v2\/product_brand?post=128866"},{"taxonomy":"product_cat","embeddable":true,"href":"https:\/\/moto-oprema.com\/hr\/wp-json\/wp\/v2\/product_cat?post=128866"},{"taxonomy":"product_tag","embeddable":true,"href":"https:\/\/moto-oprema.com\/hr\/wp-json\/wp\/v2\/product_tag?post=128866"}],"curies":[{"name":"wp","href":"https:\/\/api.w.org\/{rel}","templated":true}]}}