{"id":128830,"date":"2025-04-25T09:22:39","date_gmt":"2025-04-25T09:22:39","guid":{"rendered":"https:\/\/moto-oprema.com\/Artikel\/spidi-moto-jeggings-dyneema-plava\/"},"modified":"2025-04-25T09:22:39","modified_gmt":"2025-04-25T09:22:39","slug":"spidi-moto-jeggings-dyneema-plava","status":"publish","type":"product","link":"https:\/\/moto-oprema.com\/hr\/Artikel\/spidi-moto-jeggings-dyneema-plava\/","title":{"rendered":"SPIDI MOTO JEGGINGS DYNEEMA\u00ae PLAVA"},"content":{"rendered":"<p>SPIDI Moto Jeggins: jednoslojne rastezljive traperice dizajnirane za maksimalnu udobnost.<br \/>\n Izra\u0111ena od inovativnog laganog trapera pomije\u0161anog s elastanom i Dyneema\u00ae-om, koji su prou\u010davani kako bi pru\u017eili rastezljivost i oblikovalni u\u010dinak. Ova tkanina razvijena je kako bi se pobolj\u0161ala stopa oporavka od rastezanja, osiguravaju\u0107i savr\u0161eno pristajanje i izvrsnu udobnost tijekom cijelog dana.<br \/>\n Moto tajice imaju certifikat EN 17092-4:2020 klase A i uklju\u010duju uklonjive \u0161titnike za koljena Warrior Lite s CE certifikatom, dok su \u0161titnici za bokove Warrior Lite s CE certifikatom dostupni kao dodatna oprema.<br \/>\n Zbog sastava pamuka\/Dyneema\u00ae i elasti\u010dnih panela na koljenima, idealne su za proljetno\/ljetno kori\u0161tenje na svim vrstama bicikala.<\/p>\n","protected":false},"excerpt":{"rendered":"<p>\u017denske moto jeggings hla\u010de od Dyneema\u00ae tekstila<\/p>\n","protected":false},"featured_media":84147,"comment_status":"open","ping_status":"closed","template":"","meta":{"_acf_changed":false},"brand":[2732],"gender":[1314],"product_brand":[],"product_cat":[2832,1356,2833],"product_tag":[],"class_list":{"0":"post-128830","1":"product","2":"type-product","3":"status-publish","4":"has-post-thumbnail","6":"brand-spidi-hr","7":"gender-zenska","8":"product_cat-hlace-hr","9":"product_cat-motociklisticka-oprema","10":"product_cat-traperice","11":"pa_size-2xl-hr","12":"pa_size-3xl-hr","13":"pa_size-l-hr","14":"pa_size-m-hr","15":"pa_size-s-hr","16":"pa_size-xl-hr","17":"pa_size-xs-hr","19":"first","20":"instock","21":"sale","22":"taxable","23":"shipping-taxable","24":"purchasable","25":"product-type-variable"},"acf":[],"_links":{"self":[{"href":"https:\/\/moto-oprema.com\/hr\/wp-json\/wp\/v2\/product\/128830","targetHints":{"allow":["GET"]}}],"collection":[{"href":"https:\/\/moto-oprema.com\/hr\/wp-json\/wp\/v2\/product"}],"about":[{"href":"https:\/\/moto-oprema.com\/hr\/wp-json\/wp\/v2\/types\/product"}],"replies":[{"embeddable":true,"href":"https:\/\/moto-oprema.com\/hr\/wp-json\/wp\/v2\/comments?post=128830"}],"wp:featuredmedia":[{"embeddable":true,"href":"https:\/\/moto-oprema.com\/hr\/wp-json\/wp\/v2\/media\/84147"}],"wp:attachment":[{"href":"https:\/\/moto-oprema.com\/hr\/wp-json\/wp\/v2\/media?parent=128830"}],"wp:term":[{"taxonomy":"brand","embeddable":true,"href":"https:\/\/moto-oprema.com\/hr\/wp-json\/wp\/v2\/brand?post=128830"},{"taxonomy":"gender","embeddable":true,"href":"https:\/\/moto-oprema.com\/hr\/wp-json\/wp\/v2\/gender?post=128830"},{"taxonomy":"product_brand","embeddable":true,"href":"https:\/\/moto-oprema.com\/hr\/wp-json\/wp\/v2\/product_brand?post=128830"},{"taxonomy":"product_cat","embeddable":true,"href":"https:\/\/moto-oprema.com\/hr\/wp-json\/wp\/v2\/product_cat?post=128830"},{"taxonomy":"product_tag","embeddable":true,"href":"https:\/\/moto-oprema.com\/hr\/wp-json\/wp\/v2\/product_tag?post=128830"}],"curies":[{"name":"wp","href":"https:\/\/api.w.org\/{rel}","templated":true}]}}