{"id":128813,"date":"2025-04-25T09:21:32","date_gmt":"2025-04-25T09:21:32","guid":{"rendered":"https:\/\/moto-oprema.com\/Artikel\/spidi-moto-jeggings-hw-dyneema-black\/"},"modified":"2025-04-25T09:21:32","modified_gmt":"2025-04-25T09:21:32","slug":"spidi-moto-jeggings-hw-dyneema-black","status":"publish","type":"product","link":"https:\/\/moto-oprema.com\/hr\/Artikel\/spidi-moto-jeggings-hw-dyneema-black\/","title":{"rendered":"SPIDI MOTO JEGGINGS HW DYNEEMA\u00ae BLACK"},"content":{"rendered":"<p>SPIDI Moto Jeggins HW Dyneema\u00ae: jednoslojne traper hla\u010de visokog struka dizajnirane za maksimalnu udobnost, posebno u toplijim klimama. Opremljene su inovativnim laganim rastezljivim traperom pomije\u0161anim s elastanom i Dyneemom\u00ae, koji su prou\u010davani kako bi pru\u017eili efekt rastezanja i oblikovanja. Ova tkanina razvijena je kako bi se pobolj\u0161ala stopa oporavka od istezanja, osiguravaju\u0107i savr\u0161eno pristajanje i izvrsnu udobnost tijekom cijelog dana.  <\/p>\n<p>Moto Jeggings HW Dyneema\u00ae imaju certifikat EN 17092-4:2020 klase A i uklju\u010duju uklonjive Warrior Lite CE certificirane \u0161titnike za koljena i opcionalne Warrior Lite CE \u0161titnike za bokove razine 2. Sastav pamuka\/Dyneema\u00ae, elasti\u010dni pojas i rastezljivi paneli na koljenima \u010dine ih idealnim za upotrebu na sportsko-turisti\u010dkim motociklima.<\/p>\n","protected":false},"excerpt":{"rendered":"<p>\u017denske moto jeggings Dyneema\u00ae HW tekstilne hla\u010de<\/p>\n","protected":false},"featured_media":84088,"comment_status":"open","ping_status":"closed","template":"","meta":{"_acf_changed":false},"brand":[2732],"gender":[1314],"product_brand":[],"product_cat":[2832,1356,2833],"product_tag":[],"class_list":{"0":"post-128813","1":"product","2":"type-product","3":"status-publish","4":"has-post-thumbnail","6":"brand-spidi-hr","7":"gender-zenska","8":"product_cat-hlace-hr","9":"product_cat-motociklisticka-oprema","10":"product_cat-traperice","11":"pa_size-2xl-hr","12":"pa_size-3xl-hr","13":"pa_size-l-hr","14":"pa_size-m-hr","15":"pa_size-s-hr","16":"pa_size-xl-hr","17":"pa_size-xs-hr","19":"first","20":"instock","21":"sale","22":"taxable","23":"shipping-taxable","24":"purchasable","25":"product-type-variable"},"acf":[],"_links":{"self":[{"href":"https:\/\/moto-oprema.com\/hr\/wp-json\/wp\/v2\/product\/128813","targetHints":{"allow":["GET"]}}],"collection":[{"href":"https:\/\/moto-oprema.com\/hr\/wp-json\/wp\/v2\/product"}],"about":[{"href":"https:\/\/moto-oprema.com\/hr\/wp-json\/wp\/v2\/types\/product"}],"replies":[{"embeddable":true,"href":"https:\/\/moto-oprema.com\/hr\/wp-json\/wp\/v2\/comments?post=128813"}],"wp:featuredmedia":[{"embeddable":true,"href":"https:\/\/moto-oprema.com\/hr\/wp-json\/wp\/v2\/media\/84088"}],"wp:attachment":[{"href":"https:\/\/moto-oprema.com\/hr\/wp-json\/wp\/v2\/media?parent=128813"}],"wp:term":[{"taxonomy":"brand","embeddable":true,"href":"https:\/\/moto-oprema.com\/hr\/wp-json\/wp\/v2\/brand?post=128813"},{"taxonomy":"gender","embeddable":true,"href":"https:\/\/moto-oprema.com\/hr\/wp-json\/wp\/v2\/gender?post=128813"},{"taxonomy":"product_brand","embeddable":true,"href":"https:\/\/moto-oprema.com\/hr\/wp-json\/wp\/v2\/product_brand?post=128813"},{"taxonomy":"product_cat","embeddable":true,"href":"https:\/\/moto-oprema.com\/hr\/wp-json\/wp\/v2\/product_cat?post=128813"},{"taxonomy":"product_tag","embeddable":true,"href":"https:\/\/moto-oprema.com\/hr\/wp-json\/wp\/v2\/product_tag?post=128813"}],"curies":[{"name":"wp","href":"https:\/\/api.w.org\/{rel}","templated":true}]}}