{"id":128727,"date":"2025-06-12T08:26:14","date_gmt":"2025-06-12T08:26:14","guid":{"rendered":"https:\/\/moto-oprema.com\/Artikel\/fox-180-mx-dres-flexair-grid-crno-ljubicast\/"},"modified":"2025-06-12T08:26:14","modified_gmt":"2025-06-12T08:26:14","slug":"fox-180-mx-dres-flexair-grid-crno-ljubicast","status":"publish","type":"product","link":"https:\/\/moto-oprema.com\/hr\/Artikel\/fox-180-mx-dres-flexair-grid-crno-ljubicast\/","title":{"rendered":"FOX 180 MX DRES FLEXAIR GRID CRNO-LJUBI\u010cAST"},"content":{"rendered":"<p>FOX Flexair Grid dres idealan je pratitelj za sve entuzijaste koji \u017eele pove\u0107ati svoju mobilnost. Zahvaljuju\u0107i laganom i fleksibilnom sastavu materijala, ovaj dres se savr\u0161eno prilago\u0111ava svakom pokretu i poma\u017ee vam da postignete najbolje rezultate. Aktivni kroj rukava ne samo da osigurava bolju prozra\u010dnost, ve\u0107 i optimalnu cirkulaciju zraka, tako da se osje\u0107ate ugodno tijekom vo\u017enje, bez obzira na intenzitet va\u0161e vo\u017enje. Dodatna prednost je inovativna TruDri\u00ae tkanina, koja je posebno razvijena za u\u010dinkovito odvo\u0111enje znoja s tijela. Na taj na\u010din ostajete suhi i svje\u017ei tijekom vo\u017enje, bez neugodne vlage. Kombinacija inovativne tehnologije i promi\u0161ljenog dizajna \u010dini ovaj dres nenadma\u0161nim izborom za bicikliste koji cijene udobnost i stil. Detalji koji impresioniraju svojom visokom kvalitetom i atraktivnim dizajnom, poput zavarenog ovratnika i elasti\u010dnih man\u017eeta, smanjuju te\u017einu i osiguravaju tanak, sportski kroj. Zahvaljuju\u0107i izdr\u017eljivim i elegantnim printovima, FOX Flexair Grid dres uvjerit \u0107e ne samo u ekstremnim uvjetima, ve\u0107 i u pogledu estetike. Bilo da ste na stazi ili na cesti, ova majica dizajnirana je za voza\u010de koji ne \u017eele kompromise.        <\/p>\n<p>Zna\u010dajke:<\/p>\n<p>1. Lagana i fleksibilna tkanina za neograni\u010denu pokretljivost.<\/p>\n<p>2. TruDri\u00ae tehnologija za odvo\u0111enje znoja i odr\u017eavanje suho\u0107e.<\/p>\n<p>3. Aktivni rukav za pove\u0107anu prozra\u010dnost.<\/p>\n<p>4. Zavareni ovratnik za smanjenje trenja i te\u017eine.<\/p>\n<p>5. Elasti\u010dne man\u017eete za sportski i udoban izgled.<\/p>\n<p>6. Trajni logotipi s termalnim transferom i sitotiskom za dugotrajan izgled.<\/p>\n<p>7. Testirano u ekstremnim uvjetima sa svjetski poznatim sporta\u0161ima.<\/p>\n<p>&nbsp;<\/p>\n","protected":false},"excerpt":{"rendered":"<p>FOX Flexair Grid dres idealan je pratitelj za sve entuzijaste koji \u017eele pove\u0107ati svoju mobilnost. Zahvaljuju\u0107i&#8230;<\/p>\n","protected":false},"featured_media":91518,"comment_status":"open","ping_status":"closed","template":"","meta":{"_acf_changed":false},"brand":[2738],"gender":[2172],"product_brand":[],"product_cat":[2746,2733],"product_tag":[],"class_list":{"0":"post-128727","1":"product","2":"type-product","3":"status-publish","4":"has-post-thumbnail","6":"brand-fox-hr","7":"gender-unisex-hr","8":"product_cat-mx-dresovi","9":"product_cat-oprema-za-motokros","10":"pa_size-2xl-hr","11":"pa_size-l-hr","12":"pa_size-m-hr","13":"pa_size-xl-hr","15":"first","16":"instock","17":"sale","18":"taxable","19":"shipping-taxable","20":"purchasable","21":"product-type-variable"},"acf":[],"_links":{"self":[{"href":"https:\/\/moto-oprema.com\/hr\/wp-json\/wp\/v2\/product\/128727","targetHints":{"allow":["GET"]}}],"collection":[{"href":"https:\/\/moto-oprema.com\/hr\/wp-json\/wp\/v2\/product"}],"about":[{"href":"https:\/\/moto-oprema.com\/hr\/wp-json\/wp\/v2\/types\/product"}],"replies":[{"embeddable":true,"href":"https:\/\/moto-oprema.com\/hr\/wp-json\/wp\/v2\/comments?post=128727"}],"wp:featuredmedia":[{"embeddable":true,"href":"https:\/\/moto-oprema.com\/hr\/wp-json\/wp\/v2\/media\/91518"}],"wp:attachment":[{"href":"https:\/\/moto-oprema.com\/hr\/wp-json\/wp\/v2\/media?parent=128727"}],"wp:term":[{"taxonomy":"brand","embeddable":true,"href":"https:\/\/moto-oprema.com\/hr\/wp-json\/wp\/v2\/brand?post=128727"},{"taxonomy":"gender","embeddable":true,"href":"https:\/\/moto-oprema.com\/hr\/wp-json\/wp\/v2\/gender?post=128727"},{"taxonomy":"product_brand","embeddable":true,"href":"https:\/\/moto-oprema.com\/hr\/wp-json\/wp\/v2\/product_brand?post=128727"},{"taxonomy":"product_cat","embeddable":true,"href":"https:\/\/moto-oprema.com\/hr\/wp-json\/wp\/v2\/product_cat?post=128727"},{"taxonomy":"product_tag","embeddable":true,"href":"https:\/\/moto-oprema.com\/hr\/wp-json\/wp\/v2\/product_tag?post=128727"}],"curies":[{"name":"wp","href":"https:\/\/api.w.org\/{rel}","templated":true}]}}