{"id":128692,"date":"2025-06-04T09:09:17","date_gmt":"2025-06-04T09:09:17","guid":{"rendered":"https:\/\/moto-oprema.com\/Artikel\/xpd-moto-brze-cipele-crno-sive\/"},"modified":"2025-06-04T09:09:17","modified_gmt":"2025-06-04T09:09:17","slug":"xpd-moto-brze-cipele-crno-sive","status":"publish","type":"product","link":"https:\/\/moto-oprema.com\/hr\/Artikel\/xpd-moto-brze-cipele-crno-sive\/","title":{"rendered":"XPD MOTO BRZE CIPELE CRNO-SIVE"},"content":{"rendered":"<p>Dizajnirane za urbane bicikliste koji ne \u017eele kompromitirati stil i funkcionalnost, ove sportske cipele predstavljaju izvrsnost talijanskog dizajna u kombinaciji s motociklisti\u010dkom tradicijom. Gornji\u0161te od tehni\u010dke tkanine i mikrovlakana, pobolj\u0161ano mre\u017eastim umetcima, pru\u017ea vrhunsku prozra\u010dnost i izdr\u017eljivost, savr\u0161eno za suo\u010davanje sa svakim gradskim izazovom. Potplat od vulkanizirane gume dvostruke gusto\u0107e Michelin\u00ae pru\u017ea iznimno prianjanje i stabilnost na bilo kojoj povr\u0161ini.<br \/>\n Opremljen HSS sustavom za optimalnu potporu pete i TPU za\u0161titom gle\u017enja, model MOTO FAST ima oja\u010danja na prstima i peti za potpunu za\u0161titu, a sve to uz odr\u017eavanje lagane udobnosti. Prozra\u010dni ergonomski Ortholite\u00ae ulo\u017eak pru\u017ea nenadma\u0161nu udobnost i zadovoljava potrebe onih koji \u017eive brzim tempom \u017eivota. Stra\u017enji reflektiraju\u0107i umetak osigurava vidljivost tijekom no\u0107nih vo\u017enji.<br \/>\n MOTO FAST je izbor za one koji zahtijevaju sigurnost, inovaciju i nepogre\u0161iv Xpd stil.<\/p>\n","protected":false},"excerpt":{"rendered":"<p>Dizajnirane za urbane bicikliste koji ne \u017eele kompromitirati stil i funkcionalnost, ove sportske cipele predstavljaju izvrsnost&#8230;<\/p>\n","protected":false},"featured_media":91121,"comment_status":"open","ping_status":"closed","template":"","meta":{"_acf_changed":false},"brand":[2812],"gender":[2172],"product_brand":[],"product_cat":[2770,1356,2769],"product_tag":[],"class_list":{"0":"post-128692","1":"product","2":"type-product","3":"status-publish","4":"has-post-thumbnail","6":"brand-xpd-hr","7":"gender-unisex-hr","8":"product_cat-gradska-obuca","9":"product_cat-motociklisticka-oprema","10":"product_cat-obuca","11":"pa_velikost-skornji-36-hr","12":"pa_velikost-skornji-37-hr","13":"pa_velikost-skornji-38-hr","14":"pa_velikost-skornji-39-hr","15":"pa_velikost-skornji-40-hr","16":"pa_velikost-skornji-41-hr","17":"pa_velikost-skornji-42-hr","18":"pa_velikost-skornji-43-hr","19":"pa_velikost-skornji-44-hr","20":"pa_velikost-skornji-45-hr","21":"pa_velikost-skornji-46-hr","22":"pa_velikost-skornji-47-hr","23":"pa_velikost-skornji-48-hr","25":"first","26":"instock","27":"sale","28":"taxable","29":"shipping-taxable","30":"purchasable","31":"product-type-variable"},"acf":[],"_links":{"self":[{"href":"https:\/\/moto-oprema.com\/hr\/wp-json\/wp\/v2\/product\/128692","targetHints":{"allow":["GET"]}}],"collection":[{"href":"https:\/\/moto-oprema.com\/hr\/wp-json\/wp\/v2\/product"}],"about":[{"href":"https:\/\/moto-oprema.com\/hr\/wp-json\/wp\/v2\/types\/product"}],"replies":[{"embeddable":true,"href":"https:\/\/moto-oprema.com\/hr\/wp-json\/wp\/v2\/comments?post=128692"}],"wp:featuredmedia":[{"embeddable":true,"href":"https:\/\/moto-oprema.com\/hr\/wp-json\/wp\/v2\/media\/91121"}],"wp:attachment":[{"href":"https:\/\/moto-oprema.com\/hr\/wp-json\/wp\/v2\/media?parent=128692"}],"wp:term":[{"taxonomy":"brand","embeddable":true,"href":"https:\/\/moto-oprema.com\/hr\/wp-json\/wp\/v2\/brand?post=128692"},{"taxonomy":"gender","embeddable":true,"href":"https:\/\/moto-oprema.com\/hr\/wp-json\/wp\/v2\/gender?post=128692"},{"taxonomy":"product_brand","embeddable":true,"href":"https:\/\/moto-oprema.com\/hr\/wp-json\/wp\/v2\/product_brand?post=128692"},{"taxonomy":"product_cat","embeddable":true,"href":"https:\/\/moto-oprema.com\/hr\/wp-json\/wp\/v2\/product_cat?post=128692"},{"taxonomy":"product_tag","embeddable":true,"href":"https:\/\/moto-oprema.com\/hr\/wp-json\/wp\/v2\/product_tag?post=128692"}],"curies":[{"name":"wp","href":"https:\/\/api.w.org\/{rel}","templated":true}]}}