{"id":128690,"date":"2025-06-02T08:31:36","date_gmt":"2025-06-02T08:31:36","guid":{"rendered":"https:\/\/moto-oprema.com\/Artikel\/fox-baseframe-pro-ss-zastitna-majica\/"},"modified":"2025-06-02T08:31:36","modified_gmt":"2025-06-02T08:31:36","slug":"fox-baseframe-pro-ss-zastitna-majica","status":"publish","type":"product","link":"https:\/\/moto-oprema.com\/hr\/Artikel\/fox-baseframe-pro-ss-zastitna-majica\/","title":{"rendered":"FOX BASEFRAME PRO SS ZA\u0160TITNA MAJICA"},"content":{"rendered":"<p><strong>Baseframe Pro za\u0161tita tijela<\/strong> s integriranim D3O \u0161titnicima.<\/p>\n<p>Majica je dizajnirana za no\u0161enje ispod dresa. Tkanina majice je lagana i prozra\u010dna, za br\u017ee odvo\u0111enje znoja i bolju ventilaciju. <\/p>\n<p>Tehnologija <strong>za\u0161tite tijela<\/strong> dobro pristaje i \u0161titi. Za\u0161titna masa D3O omek\u0161ava se aktivno\u0161\u0107u i va\u0161om vlastitom toplinom, pru\u017eaju\u0107i maksimalno pristajanje, minimalno ograni\u010davanje i maksimalnu za\u0161titu. <\/p>\n<p>Zahvaljuju\u0107i ovoj iznimnoj zna\u010dajki, va\u0161a \u0107e vo\u017enja biti optimalna, nude\u0107i vam maksimalne prednosti i minimalna ograni\u010denja.<\/p>\n<p><strong>D3O \u0161titnici<\/strong> su ugra\u0111eni u posebne d\u017eepove na ko\u0161ulji, tako da se mogu ukloniti prilikom pranja.<\/p>\n<h4>ZNA\u010cAJKE:<\/h4>\n<ul>\n<li><strong>Za\u0161tita za le\u0111a<\/strong> certificirana prema EN1621-1 razini 1, za vo\u017enju u hladnim i toplim uvjetima<\/li>\n<li><strong>Za\u0161titni umetci za ramena D3O<\/strong> EN1621-1<\/li>\n<li><strong>D3O \u0161titnik za prsa<\/strong><\/li>\n<li>Uklonjivi D3O\u00ae Viper\u2122 stra\u017enji ulo\u017eak<\/li>\n<li>Velika perforacija i fleksibilni utori na \u0161titniku za le\u0111a za fleksibilno kretanje s voza\u010dem<\/li>\n<li>Tjelesna toplina aktivira (omek\u0161ava) polimernu masu radi boljeg prilago\u0111avanja tijelu.<\/li>\n<li>Mre\u017easta tkanina za pove\u0107anu prozra\u010dnost i br\u017ee odvo\u0111enje vlage<\/li>\n<li>Za\u0161titnici se mogu ukloniti.<\/li>\n<\/ul>\n<h4>POTVRDA:<\/h4>\n<ul>\n<li><strong>Za\u0161tita le\u0111a<\/strong> prema\u0161uje EN1621-1 razinu 1<\/li>\n<li><strong>Za\u0161tita<\/strong> za ramena prema EN1621-1 razini 1<\/li>\n<\/ul>\n<p>&nbsp;<\/p>\n","protected":false},"excerpt":{"rendered":"<p>Baseframe Pro za\u0161tita tijela s integriranim D3O \u0161titnicima. Majica je dizajnirana za no\u0161enje ispod dresa. Tkanina&#8230;<\/p>\n","protected":false},"featured_media":90676,"comment_status":"open","ping_status":"closed","template":"","meta":{"_acf_changed":false},"brand":[2738],"gender":[1313],"product_brand":[],"product_cat":[2740,2741,2747],"product_tag":[],"class_list":{"0":"post-128690","1":"product","2":"type-product","3":"status-publish","4":"has-post-thumbnail","6":"brand-fox-hr","7":"gender-moski","8":"product_cat-mtb-biciklisticka-oprema","9":"product_cat-mtb-stitnici","10":"product_cat-mtb-stitnici-za-tijelo","11":"pa_size-2xl-hr","12":"pa_size-l-hr","13":"pa_size-m-hr","14":"pa_size-s-hr","15":"pa_size-xl-hr","17":"first","18":"instock","19":"sale","20":"taxable","21":"shipping-taxable","22":"purchasable","23":"product-type-variable"},"acf":[],"_links":{"self":[{"href":"https:\/\/moto-oprema.com\/hr\/wp-json\/wp\/v2\/product\/128690","targetHints":{"allow":["GET"]}}],"collection":[{"href":"https:\/\/moto-oprema.com\/hr\/wp-json\/wp\/v2\/product"}],"about":[{"href":"https:\/\/moto-oprema.com\/hr\/wp-json\/wp\/v2\/types\/product"}],"replies":[{"embeddable":true,"href":"https:\/\/moto-oprema.com\/hr\/wp-json\/wp\/v2\/comments?post=128690"}],"wp:featuredmedia":[{"embeddable":true,"href":"https:\/\/moto-oprema.com\/hr\/wp-json\/wp\/v2\/media\/90676"}],"wp:attachment":[{"href":"https:\/\/moto-oprema.com\/hr\/wp-json\/wp\/v2\/media?parent=128690"}],"wp:term":[{"taxonomy":"brand","embeddable":true,"href":"https:\/\/moto-oprema.com\/hr\/wp-json\/wp\/v2\/brand?post=128690"},{"taxonomy":"gender","embeddable":true,"href":"https:\/\/moto-oprema.com\/hr\/wp-json\/wp\/v2\/gender?post=128690"},{"taxonomy":"product_brand","embeddable":true,"href":"https:\/\/moto-oprema.com\/hr\/wp-json\/wp\/v2\/product_brand?post=128690"},{"taxonomy":"product_cat","embeddable":true,"href":"https:\/\/moto-oprema.com\/hr\/wp-json\/wp\/v2\/product_cat?post=128690"},{"taxonomy":"product_tag","embeddable":true,"href":"https:\/\/moto-oprema.com\/hr\/wp-json\/wp\/v2\/product_tag?post=128690"}],"curies":[{"name":"wp","href":"https:\/\/api.w.org\/{rel}","templated":true}]}}