{"id":128680,"date":"2025-06-02T08:24:41","date_gmt":"2025-06-02T08:24:41","guid":{"rendered":"https:\/\/moto-oprema.com\/Artikel\/fox-zenska-zastitna-majica-baseframe-pro\/"},"modified":"2025-06-02T08:24:41","modified_gmt":"2025-06-02T08:24:41","slug":"fox-zenska-zastitna-majica-baseframe-pro","status":"publish","type":"product","link":"https:\/\/moto-oprema.com\/hr\/Artikel\/fox-zenska-zastitna-majica-baseframe-pro\/","title":{"rendered":"FOX \u017dENSKA ZA\u0160TITNA MAJICA BASEFRAME PRO"},"content":{"rendered":"<p>\u017denski Baseframe Pro pru\u017ea upravljanje vlagom, hla\u0111enje i za\u0161titu u jednoj, niskoprofilnoj jedinici. Dizajniran za no\u0161enje ispod dresa, pru\u017ea za\u0161titu le\u0111a i ramena prema EN1621-1 razini 1 dok se suo\u010davate s te\u0161kim uvjetima. Njegova vrhunska za\u0161tita od udara ne ograni\u010dava slobodu kretanja na biciklu i dizajniran je da se prilagodi va\u0161em stilu vo\u017enje.  <\/p>\n<p>&nbsp;<\/p>\n<ul>\n<li>Uklonjivi D3O\u00ae Viper Stealth\u2122 ulo\u017eak za le\u0111a s CE EN1621-2 certifikatom razine 1 opremljen je vode\u0107om tehnologijom za\u0161tite od udara<\/li>\n<li>Velike perforacije i fleksibilni \u017eljebovi u pjeni na stra\u017enjoj strani oblikuju se i savijaju s pokretima voza\u010da<\/li>\n<li>EN1621-1 Razina 1 D3O\u00ae umetci za ramena za dodatnu za\u0161titu<\/li>\n<li>Tjelesna toplina aktivira (omek\u0161ava) polimer kako bi se prilagodio tijelu<\/li>\n<li>Otvorena rastezljiva mre\u017ea upija vlagu i osigurava prozra\u010dnost<\/li>\n<li>D3O\u00ae ulo\u0161ci se mogu ukloniti radi lak\u0161eg pranja<\/li>\n<li>100% najlonska elasti\u010dna mre\u017ea<\/li>\n<\/ul>\n<p>&nbsp;<\/p>\n","protected":false},"excerpt":{"rendered":"<p>\u017denski Baseframe Pro pru\u017ea upravljanje vlagom, hla\u0111enje i za\u0161titu u jednoj, niskoprofilnoj jedinici. Dizajniran za no\u0161enje&#8230;<\/p>\n","protected":false},"featured_media":90623,"comment_status":"open","ping_status":"closed","template":"","meta":{"_acf_changed":false},"brand":[2738],"gender":[1314],"product_brand":[],"product_cat":[2740,2741,2747],"product_tag":[],"class_list":{"0":"post-128680","1":"product","2":"type-product","3":"status-publish","4":"has-post-thumbnail","6":"brand-fox-hr","7":"gender-zenska","8":"product_cat-mtb-biciklisticka-oprema","9":"product_cat-mtb-stitnici","10":"product_cat-mtb-stitnici-za-tijelo","11":"pa_size-l-hr","12":"pa_size-m-hr","13":"pa_size-s-hr","15":"first","16":"instock","17":"sale","18":"taxable","19":"shipping-taxable","20":"purchasable","21":"product-type-variable"},"acf":[],"_links":{"self":[{"href":"https:\/\/moto-oprema.com\/hr\/wp-json\/wp\/v2\/product\/128680","targetHints":{"allow":["GET"]}}],"collection":[{"href":"https:\/\/moto-oprema.com\/hr\/wp-json\/wp\/v2\/product"}],"about":[{"href":"https:\/\/moto-oprema.com\/hr\/wp-json\/wp\/v2\/types\/product"}],"replies":[{"embeddable":true,"href":"https:\/\/moto-oprema.com\/hr\/wp-json\/wp\/v2\/comments?post=128680"}],"wp:featuredmedia":[{"embeddable":true,"href":"https:\/\/moto-oprema.com\/hr\/wp-json\/wp\/v2\/media\/90623"}],"wp:attachment":[{"href":"https:\/\/moto-oprema.com\/hr\/wp-json\/wp\/v2\/media?parent=128680"}],"wp:term":[{"taxonomy":"brand","embeddable":true,"href":"https:\/\/moto-oprema.com\/hr\/wp-json\/wp\/v2\/brand?post=128680"},{"taxonomy":"gender","embeddable":true,"href":"https:\/\/moto-oprema.com\/hr\/wp-json\/wp\/v2\/gender?post=128680"},{"taxonomy":"product_brand","embeddable":true,"href":"https:\/\/moto-oprema.com\/hr\/wp-json\/wp\/v2\/product_brand?post=128680"},{"taxonomy":"product_cat","embeddable":true,"href":"https:\/\/moto-oprema.com\/hr\/wp-json\/wp\/v2\/product_cat?post=128680"},{"taxonomy":"product_tag","embeddable":true,"href":"https:\/\/moto-oprema.com\/hr\/wp-json\/wp\/v2\/product_tag?post=128680"}],"curies":[{"name":"wp","href":"https:\/\/api.w.org\/{rel}","templated":true}]}}