{"id":128669,"date":"2025-05-30T10:15:39","date_gmt":"2025-05-30T10:15:39","guid":{"rendered":"https:\/\/moto-oprema.com\/Artikel\/alpinestars-bakrene-rukavice-crno-crvene-fluo\/"},"modified":"2025-05-30T10:15:39","modified_gmt":"2025-05-30T10:15:39","slug":"alpinestars-bakrene-rukavice-crno-crvene-fluo","status":"publish","type":"product","link":"https:\/\/moto-oprema.com\/hr\/Artikel\/alpinestars-bakrene-rukavice-crno-crvene-fluo\/","title":{"rendered":"ALPINESTARS BAKRENE RUKAVICE CRNO CRVENE FLUO"},"content":{"rendered":"<p>Alpinestars Copper su lagane gradske rukavice. Ove rukavice imaju robusnu za\u0161titu zglobova i dlan od potpuno sinteti\u010dke bru\u0161ene ko\u017ee za visoku razinu izdr\u017eljivosti. Tako\u0111er su opremljene prstima kompatibilnim s zaslonima osjetljivim na dodir.  <\/p>\n<p>Zna\u010dajke:<\/p>\n<p>Kratke, lagane rukavice urbanog stila, idealne za putnike na posao.<br \/>\n \u010cvrsta za\u0161tita zglobova s rastezljivim premazom za visoku za\u0161titu od udara.<br \/>\n Potpuno sinteti\u010dki dlan od bru\u0161ene ko\u017ee za pove\u0107anu izdr\u017eljivost.<br \/>\n Plo\u010dice akorda na stra\u017enjoj strani za ve\u0107u fleksibilnost prstiju.<br \/>\n \u010ci\u010dak traka na zape\u0161\u0107u za sigurno prianjanje.<br \/>\n Oja\u010danje dlana za izvrstan hvat.<br \/>\n Ergonomski izvlaka\u010d za jednostavno kori\u0161tenje.<br \/>\n Vrh ka\u017eiprsta kompatibilan s dodirnim zaslonom.<br \/>\n Jastu\u010di\u0107i na prstima za ve\u0107u udobnost jaha\u010da.<br \/>\n Chira umetci za visoku prozra\u010dnost i fleksibilnost.<br \/>\n Razina za\u0161tite 1 (EN 13594: 2015, KP)<\/p>\n<p>Sastav sirovine:<br \/>\n Gornji materijal: 46% poliamid, 33% poliester, 10% poliuretan, 7% elastan, 4% kozja ko\u017ea. Podstava: 100% poliester. Sadr\u017ei netekstilne dijelove \u017eivotinjskog podrijetla.<\/p>\n","protected":false},"excerpt":{"rendered":"<p>Alpinestars Copper su lagane gradske rukavice. Ove rukavice imaju robusnu za\u0161titu zglobova i dlan od potpuno&#8230;<\/p>\n","protected":false},"featured_media":90481,"comment_status":"open","ping_status":"closed","template":"","meta":{"_acf_changed":false},"brand":[2748],"gender":[1313],"product_brand":[],"product_cat":[1356,2816,2822],"product_tag":[],"class_list":{"0":"post-128669","1":"product","2":"type-product","3":"status-publish","4":"has-post-thumbnail","6":"brand-alpinestars-hr","7":"gender-moski","8":"product_cat-motociklisticka-oprema","9":"product_cat-rukavice","10":"product_cat-tekstilne-rukavice","11":"pa_velikost-rokovice-l-hr","12":"pa_velikost-rokovice-m-hr","13":"pa_velikost-rokovice-s-hr","14":"pa_velikost-rokovice-xl-hr","15":"pa_velikost-rokovice-xxl-hr","17":"first","18":"onbackorder","19":"taxable","20":"shipping-taxable","21":"purchasable","22":"product-type-variable"},"acf":[],"_links":{"self":[{"href":"https:\/\/moto-oprema.com\/hr\/wp-json\/wp\/v2\/product\/128669","targetHints":{"allow":["GET"]}}],"collection":[{"href":"https:\/\/moto-oprema.com\/hr\/wp-json\/wp\/v2\/product"}],"about":[{"href":"https:\/\/moto-oprema.com\/hr\/wp-json\/wp\/v2\/types\/product"}],"replies":[{"embeddable":true,"href":"https:\/\/moto-oprema.com\/hr\/wp-json\/wp\/v2\/comments?post=128669"}],"wp:featuredmedia":[{"embeddable":true,"href":"https:\/\/moto-oprema.com\/hr\/wp-json\/wp\/v2\/media\/90481"}],"wp:attachment":[{"href":"https:\/\/moto-oprema.com\/hr\/wp-json\/wp\/v2\/media?parent=128669"}],"wp:term":[{"taxonomy":"brand","embeddable":true,"href":"https:\/\/moto-oprema.com\/hr\/wp-json\/wp\/v2\/brand?post=128669"},{"taxonomy":"gender","embeddable":true,"href":"https:\/\/moto-oprema.com\/hr\/wp-json\/wp\/v2\/gender?post=128669"},{"taxonomy":"product_brand","embeddable":true,"href":"https:\/\/moto-oprema.com\/hr\/wp-json\/wp\/v2\/product_brand?post=128669"},{"taxonomy":"product_cat","embeddable":true,"href":"https:\/\/moto-oprema.com\/hr\/wp-json\/wp\/v2\/product_cat?post=128669"},{"taxonomy":"product_tag","embeddable":true,"href":"https:\/\/moto-oprema.com\/hr\/wp-json\/wp\/v2\/product_tag?post=128669"}],"curies":[{"name":"wp","href":"https:\/\/api.w.org\/{rel}","templated":true}]}}