{"id":128584,"date":"2025-05-21T09:28:10","date_gmt":"2025-05-21T09:28:10","guid":{"rendered":"https:\/\/moto-oprema.com\/Artikel\/xpd-moto-way-h2out-cipele-sivo-bijele\/"},"modified":"2025-05-21T09:28:10","modified_gmt":"2025-05-21T09:28:10","slug":"xpd-moto-way-h2out-cipele-sivo-bijele","status":"publish","type":"product","link":"https:\/\/moto-oprema.com\/hr\/Artikel\/xpd-moto-way-h2out-cipele-sivo-bijele\/","title":{"rendered":"XPD MOTO WAY H2OUT CIPELE SIVO-BIJELE"},"content":{"rendered":"<p>MOTO WAY H2OUT\u00ae Savr\u0161ene za grad, ali spremne za sve. Urbane tenisice MOTO WAY H2OUT\u00ae tvrtke Xpd dizajnirane su za one koji \u017eive svoju strast prema motociklizmu bez \u017ertvovanja stila. S visokokvalitetnim ko\u017enim gornji\u0161tem i gumenim potplatom dvostruke gusto\u0107e s visokim prianjanjem, ove tenisice pru\u017eaju maksimalnu stabilnost i kontrolu \u010dak i u gradskom prometu. HSS sustav potpore stabilizira i podupire petu, dok rastezljivi umetak oko gle\u017enja i podstavljeni ovratnik osiguravaju iznimnu udobnost tijekom cijelog dana. Vodootporno zatvaranje s patentnim zatvara\u010dem, vezicama i \u010di\u010dkom osigurava lako obuvanje i otpornost na ki\u0161u i pra\u0161inu \u010dak i pri velikoj brzini.<br \/>\n Zahvaljuju\u0107i vodootpornoj i prozra\u010dnoj H2OUT\u00ae membrani, spremni ste za sve vremenske uvjete. TPU za\u0161tita gle\u017enja u kombinaciji s oja\u010danjima na prstima i peti osigurava maksimalnu sigurnost bez kompromisa u pogledu urbanog stila. Amortizacija od memorijske pjene i ergonomski Ortholite\u00ae ulo\u017eak osiguravaju da je svaki korak udobno iskustvo. Stra\u017enji reflektiraju\u0107i umetak osigurava vidljivost tijekom no\u0107nih vo\u017enji.       <\/p>\n<p>Vanjski:<\/p>\n<p>Gornji dio: ko\u017ea.<br \/>\n Personalizirani i visoko prianjaju\u0107i potplat od vulkanizirane gume dvostruke gusto\u0107e.<br \/>\n Plasti\u010dni HSS (Heel Support System) za dodatnu potporu pete.<br \/>\n Podstavljeni ovratnik s rastezljivim umetcima za dodatnu udobnost.<br \/>\n Vodootporni patentni zatvara\u010d, vezice i \u010di\u010dak zatvaranje.<br \/>\n Stra\u017enji reflektiraju\u0107i umetak.<br \/>\n Unutra\u0161njost:<\/p>\n<p>Vodootporna i prozra\u010dna tubularna membrana H2OUT\u00ae<br \/>\n Oblikovana TPU za\u0161tita na gle\u017enju<br \/>\n Oja\u010dano podru\u010dje prstiju i pete<br \/>\n Mekana polimerna podloga s memorijskom pjenom<br \/>\n Mekani DFA (Differentiated Flexibility Area) oblikovani i ergonomski najlonski ulo\u017eak s dugotrajnim performansama<br \/>\n Zamjenjivi, ergonomski dizajnirani, dugotrajni jastu\u010di\u0107i, prozra\u010dni i lagani Ortholite\u00ae ulo\u017eak<\/p>\n","protected":false},"excerpt":{"rendered":"<p>MOTO WAY H2OUT\u00ae Savr\u0161ene za grad, ali spremne za sve. Urbane tenisice MOTO WAY H2OUT\u00ae tvrtke&#8230;<\/p>\n","protected":false},"featured_media":89349,"comment_status":"open","ping_status":"closed","template":"","meta":{"_acf_changed":false},"brand":[2812],"gender":[2172],"product_brand":[],"product_cat":[2770,1356,2769],"product_tag":[],"class_list":{"0":"post-128584","1":"product","2":"type-product","3":"status-publish","4":"has-post-thumbnail","6":"brand-xpd-hr","7":"gender-unisex-hr","8":"product_cat-gradska-obuca","9":"product_cat-motociklisticka-oprema","10":"product_cat-obuca","11":"pa_velikost-skornji-36-hr","12":"pa_velikost-skornji-37-hr","13":"pa_velikost-skornji-38-hr","14":"pa_velikost-skornji-39-hr","15":"pa_velikost-skornji-40-hr","16":"pa_velikost-skornji-41-hr","17":"pa_velikost-skornji-42-hr","18":"pa_velikost-skornji-43-hr","19":"pa_velikost-skornji-44-hr","20":"pa_velikost-skornji-45-hr","21":"pa_velikost-skornji-46-hr","22":"pa_velikost-skornji-47-hr","23":"pa_velikost-skornji-48-hr","25":"first","26":"instock","27":"sale","28":"taxable","29":"shipping-taxable","30":"purchasable","31":"product-type-variable"},"acf":[],"_links":{"self":[{"href":"https:\/\/moto-oprema.com\/hr\/wp-json\/wp\/v2\/product\/128584","targetHints":{"allow":["GET"]}}],"collection":[{"href":"https:\/\/moto-oprema.com\/hr\/wp-json\/wp\/v2\/product"}],"about":[{"href":"https:\/\/moto-oprema.com\/hr\/wp-json\/wp\/v2\/types\/product"}],"replies":[{"embeddable":true,"href":"https:\/\/moto-oprema.com\/hr\/wp-json\/wp\/v2\/comments?post=128584"}],"wp:featuredmedia":[{"embeddable":true,"href":"https:\/\/moto-oprema.com\/hr\/wp-json\/wp\/v2\/media\/89349"}],"wp:attachment":[{"href":"https:\/\/moto-oprema.com\/hr\/wp-json\/wp\/v2\/media?parent=128584"}],"wp:term":[{"taxonomy":"brand","embeddable":true,"href":"https:\/\/moto-oprema.com\/hr\/wp-json\/wp\/v2\/brand?post=128584"},{"taxonomy":"gender","embeddable":true,"href":"https:\/\/moto-oprema.com\/hr\/wp-json\/wp\/v2\/gender?post=128584"},{"taxonomy":"product_brand","embeddable":true,"href":"https:\/\/moto-oprema.com\/hr\/wp-json\/wp\/v2\/product_brand?post=128584"},{"taxonomy":"product_cat","embeddable":true,"href":"https:\/\/moto-oprema.com\/hr\/wp-json\/wp\/v2\/product_cat?post=128584"},{"taxonomy":"product_tag","embeddable":true,"href":"https:\/\/moto-oprema.com\/hr\/wp-json\/wp\/v2\/product_tag?post=128584"}],"curies":[{"name":"wp","href":"https:\/\/api.w.org\/{rel}","templated":true}]}}